{"id":2692,"date":"2019-06-07T12:03:57","date_gmt":"2019-06-07T10:03:57","guid":{"rendered":"http:\/\/artsilpol.pl\/\/?post_type=product&#038;p=2692"},"modified":"2020-09-24T10:04:12","modified_gmt":"2020-09-24T08:04:12","slug":"tasma-elewacyjna-na-sciane-deska-iii","status":"publish","type":"product","link":"https:\/\/artsilpol.pl\/n\/produkt-pl\/tasma-elewacyjna-na-sciane-deska-iii\/","title":{"rendered":"Ta\u015bma elewacyjna na \u015bcian\u0119 deska szer. 25 cm x d\u0142 . 200 cm"},"content":{"rendered":"<p>Ta\u015bma 0,3-0,5 cm x 25 x 200 cm &#8211; 350z\u0142. <\/p>\n<p>Oferta jest na 1 szt. elastycznej ta\u015bmy poliuretanowej\u00a0 \u00a0ze wzorem deski\u00a0 wymiar :\u00a0 o wymiarze\u00a0 0,3-0,4 cm x 25 x 200 cm , 3 wzory desek .<\/p>\n<p>PROSTE W ZASTOSOWANIU !! \u015aciany jak i ta\u015bmy\u00a0 przed u\u017cyciem spryskuje si\u0119 p\u0142ynem do naczy\u0144 z wod\u0105 i odbija po zrolowaniu i odwija na \u015bcianie \/ przepis na u\u017cycie wraz z ta\u015bm\u0105 \/<\/p>\n<p>TA\u015aMA JEST NIEZNISZCZALNA\u00a0 w kontakcie z masami do wyciskania !!!\u00a0 \/ w przeciwie\u0144stwie do ta\u015bm wykonanych z silikonu kt\u00f3re po kilku razach u\u017cycia zdeformuj\u0105 si\u0119 wzd\u0142u\u017c osi &#8211; skr\u0119c\u0105 si\u0119 i s\u0105 nie do u\u017cycia\u00a0 \u00a0\/\u00a0 \u00a0<\/p>\n<p>\u00a0Ta\u015bmy s\u0142u\u017c\u0105 do wyciskania na elewacjach lub w pomieszczeniach\u00a0 desek\u00a0 w masach dedykowanych no :\u00a0 Ceresit\u00a0 Visage, Bolix , Alpol , Sempre\u00a0 i innych firm\u00a0produkuj\u0105cych masy tynkarskie ozdobne .<\/p>\n<p>\u00a0Inne wzory i wymiary ta\u015bm desek :\u00a0 \u00a015 cm \/ szer 16,5 \/ 18 cm \/ 20 cm \/ 23 cm \/ 25 cm \/ 29 cm \/ 30 cm \/\u00a0 \/ i form ok 1000\u00a0 wzor\u00f3w \/\u00a0 wa\u0142k\u00f3w , matryc , form\u00a0 na panele 3D na naszych aukcjach Allegro i\u00a0 stronie sklepie www.artsilpol.pl<\/p>\n<p>PRZYPOMINAMY : TA\u015aMY POLIURETANOWE S\u0104 NIE DO ZNISZCZENIA\u00a0 !!!! w przeciwie\u0144stwie do ta\u015bm wykonywanych z silikonu z zatopion\u0105 siatk\u0105\u00a0 kt\u00f3re w kontakcie z masami do wyciskania deformuj\u0105 si\u0119 wzd\u0142u\u017c osi\u00a0 po kilkukrotnym u\u017cyciu\u00a0 i s\u0105 do wyrzucenia .<\/p>\n<p>10 lat do\u015bwiadczenia w produkcji form z silikonu i poliuretanu\u00a0 \u00a0&#8211; www.artsilpol.pl\u00a0<\/p>\n","protected":false},"excerpt":{"rendered":"<p>Ta\u015bma 0,3-0,5 cm x 25 x 200 cm &#8211; 350 z\u0142. WYRAZISTY WZ\u00d3R !!! Dost\u0119pne 3 wzory. Produkcja i wysy\u0142ka&hellip;<\/p>\n","protected":false},"featured_media":2693,"comment_status":"open","ping_status":"closed","template":"","meta":[],"product_brand":[],"product_cat":[69],"product_tag":[],"class_list":{"0":"post-2692","1":"product","2":"type-product","3":"status-publish","4":"has-post-thumbnail","6":"product_cat-tasmy-do-wyciskania-na-elewacjach-i-scianach","7":"product_shipping_class-niska","9":"first","10":"instock","11":"taxable","12":"shipping-taxable","13":"purchasable","14":"product-type-simple","15":"thumb-no-effect","16":"prod-rating-on"},"yoast_head":"<!-- This site is optimized with the Yoast SEO plugin v27.0 - https:\/\/yoast.com\/product\/yoast-seo-wordpress\/ -->\n<title>Ta\u015bma elewacyjna na \u015bcian\u0119 deska szer. 25 cm x d\u0142 . 200 cm - Art Silpol<\/title>\n<meta name=\"robots\" content=\"index, follow, max-snippet:-1, max-image-preview:large, max-video-preview:-1\" \/>\n<link rel=\"canonical\" href=\"https:\/\/artsilpol.pl\/n\/produkt-pl\/tasma-elewacyjna-na-sciane-deska-iii\/\" \/>\n<meta property=\"og:locale\" content=\"pl_PL\" \/>\n<meta property=\"og:type\" content=\"article\" \/>\n<meta property=\"og:title\" content=\"Ta\u015bma elewacyjna na \u015bcian\u0119 deska szer. 25 cm x d\u0142 . 200 cm - Art Silpol\" \/>\n<meta property=\"og:description\" content=\"Ta\u015bma 0,3-0,5 cm x 25 x 200 cm - 350 z\u0142. WYRAZISTY WZ\u00d3R !!! Dost\u0119pne 3 wzory. Produkcja i wysy\u0142ka&hellip;\" \/>\n<meta property=\"og:url\" content=\"https:\/\/artsilpol.pl\/n\/produkt-pl\/tasma-elewacyjna-na-sciane-deska-iii\/\" \/>\n<meta property=\"og:site_name\" content=\"Art Silpol\" \/>\n<meta property=\"article:publisher\" content=\"https:\/\/www.facebook.com\/Formy-Silikonowe-Poliuretanowe-555775041119482\/?ref=br_rs\" \/>\n<meta property=\"article:modified_time\" content=\"2020-09-24T08:04:12+00:00\" \/>\n<meta property=\"og:image\" content=\"https:\/\/artsilpol.pl\/n\/wp-content\/uploads\/2019\/06\/1-182.jpg\" \/>\n\t<meta property=\"og:image:width\" content=\"945\" \/>\n\t<meta property=\"og:image:height\" content=\"709\" \/>\n\t<meta property=\"og:image:type\" content=\"image\/jpeg\" \/>\n<meta name=\"twitter:card\" content=\"summary_large_image\" \/>\n<meta name=\"twitter:label1\" content=\"Szacowany czas czytania\" \/>\n\t<meta name=\"twitter:data1\" content=\"1 minuta\" \/>\n<script type=\"application\/ld+json\" class=\"yoast-schema-graph\">{\"@context\":\"https:\/\/schema.org\",\"@graph\":[{\"@type\":\"WebPage\",\"@id\":\"https:\/\/artsilpol.pl\/n\/produkt-pl\/tasma-elewacyjna-na-sciane-deska-iii\/\",\"url\":\"https:\/\/artsilpol.pl\/n\/produkt-pl\/tasma-elewacyjna-na-sciane-deska-iii\/\",\"name\":\"Ta\u015bma elewacyjna na \u015bcian\u0119 deska szer. 25 cm x d\u0142 . 200 cm - Art Silpol\",\"isPartOf\":{\"@id\":\"https:\/\/artsilpol.pl\/n\/#website\"},\"primaryImageOfPage\":{\"@id\":\"https:\/\/artsilpol.pl\/n\/produkt-pl\/tasma-elewacyjna-na-sciane-deska-iii\/#primaryimage\"},\"image\":{\"@id\":\"https:\/\/artsilpol.pl\/n\/produkt-pl\/tasma-elewacyjna-na-sciane-deska-iii\/#primaryimage\"},\"thumbnailUrl\":\"https:\/\/artsilpol.pl\/n\/wp-content\/uploads\/2019\/06\/1-182.jpg\",\"datePublished\":\"2019-06-07T10:03:57+00:00\",\"dateModified\":\"2020-09-24T08:04:12+00:00\",\"breadcrumb\":{\"@id\":\"https:\/\/artsilpol.pl\/n\/produkt-pl\/tasma-elewacyjna-na-sciane-deska-iii\/#breadcrumb\"},\"inLanguage\":\"pl-PL\",\"potentialAction\":[{\"@type\":\"ReadAction\",\"target\":[\"https:\/\/artsilpol.pl\/n\/produkt-pl\/tasma-elewacyjna-na-sciane-deska-iii\/\"]}]},{\"@type\":\"ImageObject\",\"inLanguage\":\"pl-PL\",\"@id\":\"https:\/\/artsilpol.pl\/n\/produkt-pl\/tasma-elewacyjna-na-sciane-deska-iii\/#primaryimage\",\"url\":\"https:\/\/artsilpol.pl\/n\/wp-content\/uploads\/2019\/06\/1-182.jpg\",\"contentUrl\":\"https:\/\/artsilpol.pl\/n\/wp-content\/uploads\/2019\/06\/1-182.jpg\",\"width\":945,\"height\":709},{\"@type\":\"BreadcrumbList\",\"@id\":\"https:\/\/artsilpol.pl\/n\/produkt-pl\/tasma-elewacyjna-na-sciane-deska-iii\/#breadcrumb\",\"itemListElement\":[{\"@type\":\"ListItem\",\"position\":1,\"name\":\"Strona g\u0142\u00f3wna\",\"item\":\"https:\/\/artsilpol.pl\/n\/\"},{\"@type\":\"ListItem\",\"position\":2,\"name\":\"Sklep\",\"item\":\"https:\/\/artsilpol.pl\/n\/sklep\/\"},{\"@type\":\"ListItem\",\"position\":3,\"name\":\"Ta\u015bma elewacyjna na \u015bcian\u0119 deska szer. 25 cm x d\u0142 . 200 cm\"}]},{\"@type\":\"WebSite\",\"@id\":\"https:\/\/artsilpol.pl\/n\/#website\",\"url\":\"https:\/\/artsilpol.pl\/n\/\",\"name\":\"Art Silpol\",\"description\":\"formy silikonowe i poliuretanowe\",\"publisher\":{\"@id\":\"https:\/\/artsilpol.pl\/n\/#organization\"},\"potentialAction\":[{\"@type\":\"SearchAction\",\"target\":{\"@type\":\"EntryPoint\",\"urlTemplate\":\"https:\/\/artsilpol.pl\/n\/?s={search_term_string}\"},\"query-input\":{\"@type\":\"PropertyValueSpecification\",\"valueRequired\":true,\"valueName\":\"search_term_string\"}}],\"inLanguage\":\"pl-PL\"},{\"@type\":\"Organization\",\"@id\":\"https:\/\/artsilpol.pl\/n\/#organization\",\"name\":\"art silpol - formy silikonowe i poliuretanowe\",\"url\":\"https:\/\/artsilpol.pl\/n\/\",\"logo\":{\"@type\":\"ImageObject\",\"inLanguage\":\"pl-PL\",\"@id\":\"https:\/\/artsilpol.pl\/n\/#\/schema\/logo\/image\/\",\"url\":\"https:\/\/artsilpol.pl\/n\/wp-content\/uploads\/2019\/05\/logo_mobile.png\",\"contentUrl\":\"https:\/\/artsilpol.pl\/n\/wp-content\/uploads\/2019\/05\/logo_mobile.png\",\"width\":115,\"height\":70,\"caption\":\"art silpol - formy silikonowe i poliuretanowe\"},\"image\":{\"@id\":\"https:\/\/artsilpol.pl\/n\/#\/schema\/logo\/image\/\"},\"sameAs\":[\"https:\/\/www.facebook.com\/Formy-Silikonowe-Poliuretanowe-555775041119482\/?ref=br_rs\",\"https:\/\/www.youtube.com\/user\/bodziomodel\"]}]}<\/script>\n<!-- \/ Yoast SEO plugin. -->","yoast_head_json":{"title":"Ta\u015bma elewacyjna na \u015bcian\u0119 deska szer. 25 cm x d\u0142 . 200 cm - Art Silpol","robots":{"index":"index","follow":"follow","max-snippet":"max-snippet:-1","max-image-preview":"max-image-preview:large","max-video-preview":"max-video-preview:-1"},"canonical":"https:\/\/artsilpol.pl\/n\/produkt-pl\/tasma-elewacyjna-na-sciane-deska-iii\/","og_locale":"pl_PL","og_type":"article","og_title":"Ta\u015bma elewacyjna na \u015bcian\u0119 deska szer. 25 cm x d\u0142 . 200 cm - Art Silpol","og_description":"Ta\u015bma 0,3-0,5 cm x 25 x 200 cm - 350 z\u0142. WYRAZISTY WZ\u00d3R !!! Dost\u0119pne 3 wzory. Produkcja i wysy\u0142ka&hellip;","og_url":"https:\/\/artsilpol.pl\/n\/produkt-pl\/tasma-elewacyjna-na-sciane-deska-iii\/","og_site_name":"Art Silpol","article_publisher":"https:\/\/www.facebook.com\/Formy-Silikonowe-Poliuretanowe-555775041119482\/?ref=br_rs","article_modified_time":"2020-09-24T08:04:12+00:00","og_image":[{"width":945,"height":709,"url":"https:\/\/artsilpol.pl\/n\/wp-content\/uploads\/2019\/06\/1-182.jpg","type":"image\/jpeg"}],"twitter_card":"summary_large_image","twitter_misc":{"Szacowany czas czytania":"1 minuta"},"schema":{"@context":"https:\/\/schema.org","@graph":[{"@type":"WebPage","@id":"https:\/\/artsilpol.pl\/n\/produkt-pl\/tasma-elewacyjna-na-sciane-deska-iii\/","url":"https:\/\/artsilpol.pl\/n\/produkt-pl\/tasma-elewacyjna-na-sciane-deska-iii\/","name":"Ta\u015bma elewacyjna na \u015bcian\u0119 deska szer. 25 cm x d\u0142 . 200 cm - Art Silpol","isPartOf":{"@id":"https:\/\/artsilpol.pl\/n\/#website"},"primaryImageOfPage":{"@id":"https:\/\/artsilpol.pl\/n\/produkt-pl\/tasma-elewacyjna-na-sciane-deska-iii\/#primaryimage"},"image":{"@id":"https:\/\/artsilpol.pl\/n\/produkt-pl\/tasma-elewacyjna-na-sciane-deska-iii\/#primaryimage"},"thumbnailUrl":"https:\/\/artsilpol.pl\/n\/wp-content\/uploads\/2019\/06\/1-182.jpg","datePublished":"2019-06-07T10:03:57+00:00","dateModified":"2020-09-24T08:04:12+00:00","breadcrumb":{"@id":"https:\/\/artsilpol.pl\/n\/produkt-pl\/tasma-elewacyjna-na-sciane-deska-iii\/#breadcrumb"},"inLanguage":"pl-PL","potentialAction":[{"@type":"ReadAction","target":["https:\/\/artsilpol.pl\/n\/produkt-pl\/tasma-elewacyjna-na-sciane-deska-iii\/"]}]},{"@type":"ImageObject","inLanguage":"pl-PL","@id":"https:\/\/artsilpol.pl\/n\/produkt-pl\/tasma-elewacyjna-na-sciane-deska-iii\/#primaryimage","url":"https:\/\/artsilpol.pl\/n\/wp-content\/uploads\/2019\/06\/1-182.jpg","contentUrl":"https:\/\/artsilpol.pl\/n\/wp-content\/uploads\/2019\/06\/1-182.jpg","width":945,"height":709},{"@type":"BreadcrumbList","@id":"https:\/\/artsilpol.pl\/n\/produkt-pl\/tasma-elewacyjna-na-sciane-deska-iii\/#breadcrumb","itemListElement":[{"@type":"ListItem","position":1,"name":"Strona g\u0142\u00f3wna","item":"https:\/\/artsilpol.pl\/n\/"},{"@type":"ListItem","position":2,"name":"Sklep","item":"https:\/\/artsilpol.pl\/n\/sklep\/"},{"@type":"ListItem","position":3,"name":"Ta\u015bma elewacyjna na \u015bcian\u0119 deska szer. 25 cm x d\u0142 . 200 cm"}]},{"@type":"WebSite","@id":"https:\/\/artsilpol.pl\/n\/#website","url":"https:\/\/artsilpol.pl\/n\/","name":"Art Silpol","description":"formy silikonowe i poliuretanowe","publisher":{"@id":"https:\/\/artsilpol.pl\/n\/#organization"},"potentialAction":[{"@type":"SearchAction","target":{"@type":"EntryPoint","urlTemplate":"https:\/\/artsilpol.pl\/n\/?s={search_term_string}"},"query-input":{"@type":"PropertyValueSpecification","valueRequired":true,"valueName":"search_term_string"}}],"inLanguage":"pl-PL"},{"@type":"Organization","@id":"https:\/\/artsilpol.pl\/n\/#organization","name":"art silpol - formy silikonowe i poliuretanowe","url":"https:\/\/artsilpol.pl\/n\/","logo":{"@type":"ImageObject","inLanguage":"pl-PL","@id":"https:\/\/artsilpol.pl\/n\/#\/schema\/logo\/image\/","url":"https:\/\/artsilpol.pl\/n\/wp-content\/uploads\/2019\/05\/logo_mobile.png","contentUrl":"https:\/\/artsilpol.pl\/n\/wp-content\/uploads\/2019\/05\/logo_mobile.png","width":115,"height":70,"caption":"art silpol - formy silikonowe i poliuretanowe"},"image":{"@id":"https:\/\/artsilpol.pl\/n\/#\/schema\/logo\/image\/"},"sameAs":["https:\/\/www.facebook.com\/Formy-Silikonowe-Poliuretanowe-555775041119482\/?ref=br_rs","https:\/\/www.youtube.com\/user\/bodziomodel"]}]}},"jetpack_sharing_enabled":true,"_links":{"self":[{"href":"https:\/\/artsilpol.pl\/n\/wp-json\/wp\/v2\/product\/2692","targetHints":{"allow":["GET"]}}],"collection":[{"href":"https:\/\/artsilpol.pl\/n\/wp-json\/wp\/v2\/product"}],"about":[{"href":"https:\/\/artsilpol.pl\/n\/wp-json\/wp\/v2\/types\/product"}],"replies":[{"embeddable":true,"href":"https:\/\/artsilpol.pl\/n\/wp-json\/wp\/v2\/comments?post=2692"}],"wp:featuredmedia":[{"embeddable":true,"href":"https:\/\/artsilpol.pl\/n\/wp-json\/wp\/v2\/media\/2693"}],"wp:attachment":[{"href":"https:\/\/artsilpol.pl\/n\/wp-json\/wp\/v2\/media?parent=2692"}],"wp:term":[{"taxonomy":"product_brand","embeddable":true,"href":"https:\/\/artsilpol.pl\/n\/wp-json\/wp\/v2\/product_brand?post=2692"},{"taxonomy":"product_cat","embeddable":true,"href":"https:\/\/artsilpol.pl\/n\/wp-json\/wp\/v2\/product_cat?post=2692"},{"taxonomy":"product_tag","embeddable":true,"href":"https:\/\/artsilpol.pl\/n\/wp-json\/wp\/v2\/product_tag?post=2692"}],"curies":[{"name":"wp","href":"https:\/\/api.w.org\/{rel}","templated":true}]}}