{"id":2593,"date":"2019-06-07T11:19:52","date_gmt":"2019-06-07T09:19:52","guid":{"rendered":"http:\/\/artsilpol.pl\/\/?post_type=product&#038;p=2593"},"modified":"2019-06-26T11:22:01","modified_gmt":"2019-06-26T09:22:01","slug":"wzor-krolowa-sniegu-2","status":"publish","type":"product","link":"https:\/\/artsilpol.pl\/n\/produkt-pl\/wzor-krolowa-sniegu-2\/","title":{"rendered":"Wz\u00f3r &#8220;KR\u00d3LOWA \u015aNIEGU&#8221;"},"content":{"rendered":"<p>Panel o wymiarze: 25 cm x 25 cm.<\/p>\n<p>Dwie p\u0142ytki w formie.<\/p>\n<p>GWARANCJA 3000 ROZFORMOWA\u0143!!!<\/p>\n<p>Produkcja i wysy\u0142ka od 8 do 14 dni.<\/p>\n","protected":false},"excerpt":{"rendered":"<p>Panel o wymiarze: 25 cm x 25 cm. Dwie p\u0142ytki w formie. GWARANCJA 3000 ROZFORMOWA\u0143!!! Produkcja i wysy\u0142ka od 8&hellip;<\/p>\n","protected":false},"featured_media":2594,"comment_status":"open","ping_status":"closed","template":"","meta":[],"product_brand":[],"product_cat":[79],"product_tag":[],"class_list":{"0":"post-2593","1":"product","2":"type-product","3":"status-publish","4":"has-post-thumbnail","6":"product_cat-formy-na-panele-3d-male","7":"product_shipping_class-male","9":"first","10":"instock","11":"taxable","12":"shipping-taxable","13":"purchasable","14":"product-type-simple","15":"thumb-has-effect","16":"prod-rating-on"},"yoast_head":"<!-- This site is optimized with the Yoast SEO plugin v27.0 - https:\/\/yoast.com\/product\/yoast-seo-wordpress\/ -->\n<title>Wz\u00f3r &quot;KR\u00d3LOWA \u015aNIEGU&quot; - Art Silpol<\/title>\n<meta name=\"robots\" content=\"index, follow, max-snippet:-1, max-image-preview:large, max-video-preview:-1\" \/>\n<link rel=\"canonical\" href=\"https:\/\/artsilpol.pl\/n\/produkt-pl\/wzor-krolowa-sniegu-2\/\" \/>\n<meta property=\"og:locale\" content=\"pl_PL\" \/>\n<meta property=\"og:type\" content=\"article\" \/>\n<meta property=\"og:title\" content=\"Wz\u00f3r &quot;KR\u00d3LOWA \u015aNIEGU&quot; - Art Silpol\" \/>\n<meta property=\"og:description\" content=\"Panel o wymiarze: 25 cm x 25 cm. Dwie p\u0142ytki w formie. GWARANCJA 3000 ROZFORMOWA\u0143!!! Produkcja i wysy\u0142ka od 8&hellip;\" \/>\n<meta property=\"og:url\" content=\"https:\/\/artsilpol.pl\/n\/produkt-pl\/wzor-krolowa-sniegu-2\/\" \/>\n<meta property=\"og:site_name\" content=\"Art Silpol\" \/>\n<meta property=\"article:publisher\" content=\"https:\/\/www.facebook.com\/Formy-Silikonowe-Poliuretanowe-555775041119482\/?ref=br_rs\" \/>\n<meta property=\"article:modified_time\" content=\"2019-06-26T09:22:01+00:00\" \/>\n<meta property=\"og:image\" content=\"https:\/\/artsilpol.pl\/n\/wp-content\/uploads\/2019\/06\/26678533_1773341352696172_2893179735537117087_o.jpg\" \/>\n\t<meta property=\"og:image:width\" content=\"1152\" \/>\n\t<meta property=\"og:image:height\" content=\"864\" \/>\n\t<meta property=\"og:image:type\" content=\"image\/jpeg\" \/>\n<meta name=\"twitter:card\" content=\"summary_large_image\" \/>\n<script type=\"application\/ld+json\" class=\"yoast-schema-graph\">{\"@context\":\"https:\/\/schema.org\",\"@graph\":[{\"@type\":\"WebPage\",\"@id\":\"https:\/\/artsilpol.pl\/n\/produkt-pl\/wzor-krolowa-sniegu-2\/\",\"url\":\"https:\/\/artsilpol.pl\/n\/produkt-pl\/wzor-krolowa-sniegu-2\/\",\"name\":\"Wz\u00f3r \\\"KR\u00d3LOWA \u015aNIEGU\\\" - Art Silpol\",\"isPartOf\":{\"@id\":\"https:\/\/artsilpol.pl\/n\/#website\"},\"primaryImageOfPage\":{\"@id\":\"https:\/\/artsilpol.pl\/n\/produkt-pl\/wzor-krolowa-sniegu-2\/#primaryimage\"},\"image\":{\"@id\":\"https:\/\/artsilpol.pl\/n\/produkt-pl\/wzor-krolowa-sniegu-2\/#primaryimage\"},\"thumbnailUrl\":\"https:\/\/artsilpol.pl\/n\/wp-content\/uploads\/2019\/06\/26678533_1773341352696172_2893179735537117087_o.jpg\",\"datePublished\":\"2019-06-07T09:19:52+00:00\",\"dateModified\":\"2019-06-26T09:22:01+00:00\",\"breadcrumb\":{\"@id\":\"https:\/\/artsilpol.pl\/n\/produkt-pl\/wzor-krolowa-sniegu-2\/#breadcrumb\"},\"inLanguage\":\"pl-PL\",\"potentialAction\":[{\"@type\":\"ReadAction\",\"target\":[\"https:\/\/artsilpol.pl\/n\/produkt-pl\/wzor-krolowa-sniegu-2\/\"]}]},{\"@type\":\"ImageObject\",\"inLanguage\":\"pl-PL\",\"@id\":\"https:\/\/artsilpol.pl\/n\/produkt-pl\/wzor-krolowa-sniegu-2\/#primaryimage\",\"url\":\"https:\/\/artsilpol.pl\/n\/wp-content\/uploads\/2019\/06\/26678533_1773341352696172_2893179735537117087_o.jpg\",\"contentUrl\":\"https:\/\/artsilpol.pl\/n\/wp-content\/uploads\/2019\/06\/26678533_1773341352696172_2893179735537117087_o.jpg\",\"width\":1152,\"height\":864},{\"@type\":\"BreadcrumbList\",\"@id\":\"https:\/\/artsilpol.pl\/n\/produkt-pl\/wzor-krolowa-sniegu-2\/#breadcrumb\",\"itemListElement\":[{\"@type\":\"ListItem\",\"position\":1,\"name\":\"Strona g\u0142\u00f3wna\",\"item\":\"https:\/\/artsilpol.pl\/n\/\"},{\"@type\":\"ListItem\",\"position\":2,\"name\":\"Sklep\",\"item\":\"https:\/\/artsilpol.pl\/n\/sklep\/\"},{\"@type\":\"ListItem\",\"position\":3,\"name\":\"Wz\u00f3r &#8220;KR\u00d3LOWA \u015aNIEGU&#8221;\"}]},{\"@type\":\"WebSite\",\"@id\":\"https:\/\/artsilpol.pl\/n\/#website\",\"url\":\"https:\/\/artsilpol.pl\/n\/\",\"name\":\"Art Silpol\",\"description\":\"formy silikonowe i poliuretanowe\",\"publisher\":{\"@id\":\"https:\/\/artsilpol.pl\/n\/#organization\"},\"potentialAction\":[{\"@type\":\"SearchAction\",\"target\":{\"@type\":\"EntryPoint\",\"urlTemplate\":\"https:\/\/artsilpol.pl\/n\/?s={search_term_string}\"},\"query-input\":{\"@type\":\"PropertyValueSpecification\",\"valueRequired\":true,\"valueName\":\"search_term_string\"}}],\"inLanguage\":\"pl-PL\"},{\"@type\":\"Organization\",\"@id\":\"https:\/\/artsilpol.pl\/n\/#organization\",\"name\":\"art silpol - formy silikonowe i poliuretanowe\",\"url\":\"https:\/\/artsilpol.pl\/n\/\",\"logo\":{\"@type\":\"ImageObject\",\"inLanguage\":\"pl-PL\",\"@id\":\"https:\/\/artsilpol.pl\/n\/#\/schema\/logo\/image\/\",\"url\":\"https:\/\/artsilpol.pl\/n\/wp-content\/uploads\/2019\/05\/logo_mobile.png\",\"contentUrl\":\"https:\/\/artsilpol.pl\/n\/wp-content\/uploads\/2019\/05\/logo_mobile.png\",\"width\":115,\"height\":70,\"caption\":\"art silpol - formy silikonowe i poliuretanowe\"},\"image\":{\"@id\":\"https:\/\/artsilpol.pl\/n\/#\/schema\/logo\/image\/\"},\"sameAs\":[\"https:\/\/www.facebook.com\/Formy-Silikonowe-Poliuretanowe-555775041119482\/?ref=br_rs\",\"https:\/\/www.youtube.com\/user\/bodziomodel\"]}]}<\/script>\n<!-- \/ Yoast SEO plugin. -->","yoast_head_json":{"title":"Wz\u00f3r \"KR\u00d3LOWA \u015aNIEGU\" - Art Silpol","robots":{"index":"index","follow":"follow","max-snippet":"max-snippet:-1","max-image-preview":"max-image-preview:large","max-video-preview":"max-video-preview:-1"},"canonical":"https:\/\/artsilpol.pl\/n\/produkt-pl\/wzor-krolowa-sniegu-2\/","og_locale":"pl_PL","og_type":"article","og_title":"Wz\u00f3r \"KR\u00d3LOWA \u015aNIEGU\" - Art Silpol","og_description":"Panel o wymiarze: 25 cm x 25 cm. Dwie p\u0142ytki w formie. GWARANCJA 3000 ROZFORMOWA\u0143!!! Produkcja i wysy\u0142ka od 8&hellip;","og_url":"https:\/\/artsilpol.pl\/n\/produkt-pl\/wzor-krolowa-sniegu-2\/","og_site_name":"Art Silpol","article_publisher":"https:\/\/www.facebook.com\/Formy-Silikonowe-Poliuretanowe-555775041119482\/?ref=br_rs","article_modified_time":"2019-06-26T09:22:01+00:00","og_image":[{"width":1152,"height":864,"url":"https:\/\/artsilpol.pl\/n\/wp-content\/uploads\/2019\/06\/26678533_1773341352696172_2893179735537117087_o.jpg","type":"image\/jpeg"}],"twitter_card":"summary_large_image","schema":{"@context":"https:\/\/schema.org","@graph":[{"@type":"WebPage","@id":"https:\/\/artsilpol.pl\/n\/produkt-pl\/wzor-krolowa-sniegu-2\/","url":"https:\/\/artsilpol.pl\/n\/produkt-pl\/wzor-krolowa-sniegu-2\/","name":"Wz\u00f3r \"KR\u00d3LOWA \u015aNIEGU\" - Art Silpol","isPartOf":{"@id":"https:\/\/artsilpol.pl\/n\/#website"},"primaryImageOfPage":{"@id":"https:\/\/artsilpol.pl\/n\/produkt-pl\/wzor-krolowa-sniegu-2\/#primaryimage"},"image":{"@id":"https:\/\/artsilpol.pl\/n\/produkt-pl\/wzor-krolowa-sniegu-2\/#primaryimage"},"thumbnailUrl":"https:\/\/artsilpol.pl\/n\/wp-content\/uploads\/2019\/06\/26678533_1773341352696172_2893179735537117087_o.jpg","datePublished":"2019-06-07T09:19:52+00:00","dateModified":"2019-06-26T09:22:01+00:00","breadcrumb":{"@id":"https:\/\/artsilpol.pl\/n\/produkt-pl\/wzor-krolowa-sniegu-2\/#breadcrumb"},"inLanguage":"pl-PL","potentialAction":[{"@type":"ReadAction","target":["https:\/\/artsilpol.pl\/n\/produkt-pl\/wzor-krolowa-sniegu-2\/"]}]},{"@type":"ImageObject","inLanguage":"pl-PL","@id":"https:\/\/artsilpol.pl\/n\/produkt-pl\/wzor-krolowa-sniegu-2\/#primaryimage","url":"https:\/\/artsilpol.pl\/n\/wp-content\/uploads\/2019\/06\/26678533_1773341352696172_2893179735537117087_o.jpg","contentUrl":"https:\/\/artsilpol.pl\/n\/wp-content\/uploads\/2019\/06\/26678533_1773341352696172_2893179735537117087_o.jpg","width":1152,"height":864},{"@type":"BreadcrumbList","@id":"https:\/\/artsilpol.pl\/n\/produkt-pl\/wzor-krolowa-sniegu-2\/#breadcrumb","itemListElement":[{"@type":"ListItem","position":1,"name":"Strona g\u0142\u00f3wna","item":"https:\/\/artsilpol.pl\/n\/"},{"@type":"ListItem","position":2,"name":"Sklep","item":"https:\/\/artsilpol.pl\/n\/sklep\/"},{"@type":"ListItem","position":3,"name":"Wz\u00f3r &#8220;KR\u00d3LOWA \u015aNIEGU&#8221;"}]},{"@type":"WebSite","@id":"https:\/\/artsilpol.pl\/n\/#website","url":"https:\/\/artsilpol.pl\/n\/","name":"Art Silpol","description":"formy silikonowe i poliuretanowe","publisher":{"@id":"https:\/\/artsilpol.pl\/n\/#organization"},"potentialAction":[{"@type":"SearchAction","target":{"@type":"EntryPoint","urlTemplate":"https:\/\/artsilpol.pl\/n\/?s={search_term_string}"},"query-input":{"@type":"PropertyValueSpecification","valueRequired":true,"valueName":"search_term_string"}}],"inLanguage":"pl-PL"},{"@type":"Organization","@id":"https:\/\/artsilpol.pl\/n\/#organization","name":"art silpol - formy silikonowe i poliuretanowe","url":"https:\/\/artsilpol.pl\/n\/","logo":{"@type":"ImageObject","inLanguage":"pl-PL","@id":"https:\/\/artsilpol.pl\/n\/#\/schema\/logo\/image\/","url":"https:\/\/artsilpol.pl\/n\/wp-content\/uploads\/2019\/05\/logo_mobile.png","contentUrl":"https:\/\/artsilpol.pl\/n\/wp-content\/uploads\/2019\/05\/logo_mobile.png","width":115,"height":70,"caption":"art silpol - formy silikonowe i poliuretanowe"},"image":{"@id":"https:\/\/artsilpol.pl\/n\/#\/schema\/logo\/image\/"},"sameAs":["https:\/\/www.facebook.com\/Formy-Silikonowe-Poliuretanowe-555775041119482\/?ref=br_rs","https:\/\/www.youtube.com\/user\/bodziomodel"]}]}},"jetpack_sharing_enabled":true,"_links":{"self":[{"href":"https:\/\/artsilpol.pl\/n\/wp-json\/wp\/v2\/product\/2593","targetHints":{"allow":["GET"]}}],"collection":[{"href":"https:\/\/artsilpol.pl\/n\/wp-json\/wp\/v2\/product"}],"about":[{"href":"https:\/\/artsilpol.pl\/n\/wp-json\/wp\/v2\/types\/product"}],"replies":[{"embeddable":true,"href":"https:\/\/artsilpol.pl\/n\/wp-json\/wp\/v2\/comments?post=2593"}],"wp:featuredmedia":[{"embeddable":true,"href":"https:\/\/artsilpol.pl\/n\/wp-json\/wp\/v2\/media\/2594"}],"wp:attachment":[{"href":"https:\/\/artsilpol.pl\/n\/wp-json\/wp\/v2\/media?parent=2593"}],"wp:term":[{"taxonomy":"product_brand","embeddable":true,"href":"https:\/\/artsilpol.pl\/n\/wp-json\/wp\/v2\/product_brand?post=2593"},{"taxonomy":"product_cat","embeddable":true,"href":"https:\/\/artsilpol.pl\/n\/wp-json\/wp\/v2\/product_cat?post=2593"},{"taxonomy":"product_tag","embeddable":true,"href":"https:\/\/artsilpol.pl\/n\/wp-json\/wp\/v2\/product_tag?post=2593"}],"curies":[{"name":"wp","href":"https:\/\/api.w.org\/{rel}","templated":true}]}}