{"id":2420,"date":"2019-06-06T16:02:40","date_gmt":"2019-06-06T14:02:40","guid":{"rendered":"http:\/\/artsilpol.pl\/\/?post_type=product&#038;p=2420"},"modified":"2021-06-07T10:43:57","modified_gmt":"2021-06-07T08:43:57","slug":"matryca-deska-ciagly-wzor","status":"publish","type":"product","link":"https:\/\/artsilpol.pl\/n\/produkt-pl\/matryca-deska-ciagly-wzor\/","title":{"rendered":"Matryca &#8220;DESKA &#8211; CI\u0104G\u0141Y WZ\u00d3R z fug\u0105 &#8220;"},"content":{"rendered":"<p>Prezentujemy 3 wyselekcjonowane wzory desek gdzie pocz\u0105tek jest kontynuacj\u0105 ko\u0144ca wzoru deski. Pozwala to odbija\u0107 wz\u00f3r deski dowolnej d\u0142ugo\u015bci na \u015bcianach lub posadzkach i samemu decydowa\u0107 gdzie zako\u0144czy\u0107 wz\u00f3r. Matryce sa odrazu z fuga szer.9-10mm i g\u0142eboka na 4-5mm .<\/p>\n<p>Matryce zwija sie\u00a0 w wi\u0119kszy rulon i rozwija na przygotwoanej \u015bcianie wcze\u015bniej spryskanej p\u0142ynem do naczy\u0144 z wod\u0105 \/ matryca r\u00f3wniez musi by\u0107 spryskana \/\u00a0 50-100ml p\u0142ynu do naczy\u0144 z 1 litrem wody wymiesza\u0107 i wla\u0107 do butelki typu ,,SPREY ,,<\/p>\n<p>Mamy 4 wersje: pojedyncze, podw\u00f3jne z przesuni\u0119ciem, potr\u00f3jne z przesuni\u0119ciem i potr\u00f3jne bez przesuni\u0119cia.<\/p>\n<p>Ceny pojedynczych 250 z\u0142 \/ szt 14 x 100 cm., ceny podw\u00f3jnych 450 z\u0142, ceny potr\u00f3jnej 650 z\u0142.<\/p>\n<p>Produkcja i wysy\u0142ka od 5-8 dni.<\/p>\n","protected":false},"excerpt":{"rendered":"<p>Prezentujemy 3 wyselekcjonowane wzory desek gdzie pocz\u0105tek jest kontynuacj\u0105 ko\u0144ca wzoru deski. Pozwala to odbija\u0107 wz\u00f3r deski dowolnej d\u0142ugo\u015bci na&hellip;<\/p>\n","protected":false},"featured_media":2424,"comment_status":"open","ping_status":"closed","template":"","meta":[],"product_brand":[],"product_cat":[76],"product_tag":[],"class_list":{"0":"post-2420","1":"product","2":"type-product","3":"status-publish","4":"has-post-thumbnail","6":"product_cat-formy-na-beton-stemplowany","7":"product_shipping_class-male","9":"first","10":"instock","11":"taxable","12":"shipping-taxable","13":"purchasable","14":"product-type-variable","15":"thumb-has-effect","16":"prod-rating-on"},"yoast_head":"<!-- This site is optimized with the Yoast SEO plugin v27.0 - https:\/\/yoast.com\/product\/yoast-seo-wordpress\/ -->\n<title>Matryca &quot;DESKA - CI\u0104G\u0141Y WZ\u00d3R z fug\u0105 &quot; - Art Silpol<\/title>\n<meta name=\"robots\" content=\"index, follow, max-snippet:-1, max-image-preview:large, max-video-preview:-1\" \/>\n<link rel=\"canonical\" href=\"https:\/\/artsilpol.pl\/n\/produkt-pl\/matryca-deska-ciagly-wzor\/\" \/>\n<meta property=\"og:locale\" content=\"pl_PL\" \/>\n<meta property=\"og:type\" content=\"article\" \/>\n<meta property=\"og:title\" content=\"Matryca &quot;DESKA - CI\u0104G\u0141Y WZ\u00d3R z fug\u0105 &quot; - Art Silpol\" \/>\n<meta property=\"og:description\" content=\"Prezentujemy 3 wyselekcjonowane wzory desek gdzie pocz\u0105tek jest kontynuacj\u0105 ko\u0144ca wzoru deski. Pozwala to odbija\u0107 wz\u00f3r deski dowolnej d\u0142ugo\u015bci na&hellip;\" \/>\n<meta property=\"og:url\" content=\"https:\/\/artsilpol.pl\/n\/produkt-pl\/matryca-deska-ciagly-wzor\/\" \/>\n<meta property=\"og:site_name\" content=\"Art Silpol\" \/>\n<meta property=\"article:publisher\" content=\"https:\/\/www.facebook.com\/Formy-Silikonowe-Poliuretanowe-555775041119482\/?ref=br_rs\" \/>\n<meta property=\"article:modified_time\" content=\"2021-06-07T08:43:57+00:00\" \/>\n<meta property=\"og:image\" content=\"https:\/\/artsilpol.pl\/n\/wp-content\/uploads\/2019\/06\/1-146.jpg\" \/>\n\t<meta property=\"og:image:width\" content=\"945\" \/>\n\t<meta property=\"og:image:height\" content=\"709\" \/>\n\t<meta property=\"og:image:type\" content=\"image\/jpeg\" \/>\n<meta name=\"twitter:card\" content=\"summary_large_image\" \/>\n<meta name=\"twitter:label1\" content=\"Szacowany czas czytania\" \/>\n\t<meta name=\"twitter:data1\" content=\"1 minuta\" \/>\n<script type=\"application\/ld+json\" class=\"yoast-schema-graph\">{\"@context\":\"https:\/\/schema.org\",\"@graph\":[{\"@type\":\"WebPage\",\"@id\":\"https:\/\/artsilpol.pl\/n\/produkt-pl\/matryca-deska-ciagly-wzor\/\",\"url\":\"https:\/\/artsilpol.pl\/n\/produkt-pl\/matryca-deska-ciagly-wzor\/\",\"name\":\"Matryca \\\"DESKA - CI\u0104G\u0141Y WZ\u00d3R z fug\u0105 \\\" - Art Silpol\",\"isPartOf\":{\"@id\":\"https:\/\/artsilpol.pl\/n\/#website\"},\"primaryImageOfPage\":{\"@id\":\"https:\/\/artsilpol.pl\/n\/produkt-pl\/matryca-deska-ciagly-wzor\/#primaryimage\"},\"image\":{\"@id\":\"https:\/\/artsilpol.pl\/n\/produkt-pl\/matryca-deska-ciagly-wzor\/#primaryimage\"},\"thumbnailUrl\":\"https:\/\/artsilpol.pl\/n\/wp-content\/uploads\/2019\/06\/1-146.jpg\",\"datePublished\":\"2019-06-06T14:02:40+00:00\",\"dateModified\":\"2021-06-07T08:43:57+00:00\",\"breadcrumb\":{\"@id\":\"https:\/\/artsilpol.pl\/n\/produkt-pl\/matryca-deska-ciagly-wzor\/#breadcrumb\"},\"inLanguage\":\"pl-PL\",\"potentialAction\":[{\"@type\":\"ReadAction\",\"target\":[\"https:\/\/artsilpol.pl\/n\/produkt-pl\/matryca-deska-ciagly-wzor\/\"]}]},{\"@type\":\"ImageObject\",\"inLanguage\":\"pl-PL\",\"@id\":\"https:\/\/artsilpol.pl\/n\/produkt-pl\/matryca-deska-ciagly-wzor\/#primaryimage\",\"url\":\"https:\/\/artsilpol.pl\/n\/wp-content\/uploads\/2019\/06\/1-146.jpg\",\"contentUrl\":\"https:\/\/artsilpol.pl\/n\/wp-content\/uploads\/2019\/06\/1-146.jpg\",\"width\":945,\"height\":709},{\"@type\":\"BreadcrumbList\",\"@id\":\"https:\/\/artsilpol.pl\/n\/produkt-pl\/matryca-deska-ciagly-wzor\/#breadcrumb\",\"itemListElement\":[{\"@type\":\"ListItem\",\"position\":1,\"name\":\"Strona g\u0142\u00f3wna\",\"item\":\"https:\/\/artsilpol.pl\/n\/\"},{\"@type\":\"ListItem\",\"position\":2,\"name\":\"Sklep\",\"item\":\"https:\/\/artsilpol.pl\/n\/sklep\/\"},{\"@type\":\"ListItem\",\"position\":3,\"name\":\"Matryca &#8220;DESKA &#8211; CI\u0104G\u0141Y WZ\u00d3R z fug\u0105 &#8220;\"}]},{\"@type\":\"WebSite\",\"@id\":\"https:\/\/artsilpol.pl\/n\/#website\",\"url\":\"https:\/\/artsilpol.pl\/n\/\",\"name\":\"Art Silpol\",\"description\":\"formy silikonowe i poliuretanowe\",\"publisher\":{\"@id\":\"https:\/\/artsilpol.pl\/n\/#organization\"},\"potentialAction\":[{\"@type\":\"SearchAction\",\"target\":{\"@type\":\"EntryPoint\",\"urlTemplate\":\"https:\/\/artsilpol.pl\/n\/?s={search_term_string}\"},\"query-input\":{\"@type\":\"PropertyValueSpecification\",\"valueRequired\":true,\"valueName\":\"search_term_string\"}}],\"inLanguage\":\"pl-PL\"},{\"@type\":\"Organization\",\"@id\":\"https:\/\/artsilpol.pl\/n\/#organization\",\"name\":\"art silpol - formy silikonowe i poliuretanowe\",\"url\":\"https:\/\/artsilpol.pl\/n\/\",\"logo\":{\"@type\":\"ImageObject\",\"inLanguage\":\"pl-PL\",\"@id\":\"https:\/\/artsilpol.pl\/n\/#\/schema\/logo\/image\/\",\"url\":\"https:\/\/artsilpol.pl\/n\/wp-content\/uploads\/2019\/05\/logo_mobile.png\",\"contentUrl\":\"https:\/\/artsilpol.pl\/n\/wp-content\/uploads\/2019\/05\/logo_mobile.png\",\"width\":115,\"height\":70,\"caption\":\"art silpol - formy silikonowe i poliuretanowe\"},\"image\":{\"@id\":\"https:\/\/artsilpol.pl\/n\/#\/schema\/logo\/image\/\"},\"sameAs\":[\"https:\/\/www.facebook.com\/Formy-Silikonowe-Poliuretanowe-555775041119482\/?ref=br_rs\",\"https:\/\/www.youtube.com\/user\/bodziomodel\"]}]}<\/script>\n<!-- \/ Yoast SEO plugin. -->","yoast_head_json":{"title":"Matryca \"DESKA - CI\u0104G\u0141Y WZ\u00d3R z fug\u0105 \" - Art Silpol","robots":{"index":"index","follow":"follow","max-snippet":"max-snippet:-1","max-image-preview":"max-image-preview:large","max-video-preview":"max-video-preview:-1"},"canonical":"https:\/\/artsilpol.pl\/n\/produkt-pl\/matryca-deska-ciagly-wzor\/","og_locale":"pl_PL","og_type":"article","og_title":"Matryca \"DESKA - CI\u0104G\u0141Y WZ\u00d3R z fug\u0105 \" - Art Silpol","og_description":"Prezentujemy 3 wyselekcjonowane wzory desek gdzie pocz\u0105tek jest kontynuacj\u0105 ko\u0144ca wzoru deski. Pozwala to odbija\u0107 wz\u00f3r deski dowolnej d\u0142ugo\u015bci na&hellip;","og_url":"https:\/\/artsilpol.pl\/n\/produkt-pl\/matryca-deska-ciagly-wzor\/","og_site_name":"Art Silpol","article_publisher":"https:\/\/www.facebook.com\/Formy-Silikonowe-Poliuretanowe-555775041119482\/?ref=br_rs","article_modified_time":"2021-06-07T08:43:57+00:00","og_image":[{"width":945,"height":709,"url":"https:\/\/artsilpol.pl\/n\/wp-content\/uploads\/2019\/06\/1-146.jpg","type":"image\/jpeg"}],"twitter_card":"summary_large_image","twitter_misc":{"Szacowany czas czytania":"1 minuta"},"schema":{"@context":"https:\/\/schema.org","@graph":[{"@type":"WebPage","@id":"https:\/\/artsilpol.pl\/n\/produkt-pl\/matryca-deska-ciagly-wzor\/","url":"https:\/\/artsilpol.pl\/n\/produkt-pl\/matryca-deska-ciagly-wzor\/","name":"Matryca \"DESKA - CI\u0104G\u0141Y WZ\u00d3R z fug\u0105 \" - Art Silpol","isPartOf":{"@id":"https:\/\/artsilpol.pl\/n\/#website"},"primaryImageOfPage":{"@id":"https:\/\/artsilpol.pl\/n\/produkt-pl\/matryca-deska-ciagly-wzor\/#primaryimage"},"image":{"@id":"https:\/\/artsilpol.pl\/n\/produkt-pl\/matryca-deska-ciagly-wzor\/#primaryimage"},"thumbnailUrl":"https:\/\/artsilpol.pl\/n\/wp-content\/uploads\/2019\/06\/1-146.jpg","datePublished":"2019-06-06T14:02:40+00:00","dateModified":"2021-06-07T08:43:57+00:00","breadcrumb":{"@id":"https:\/\/artsilpol.pl\/n\/produkt-pl\/matryca-deska-ciagly-wzor\/#breadcrumb"},"inLanguage":"pl-PL","potentialAction":[{"@type":"ReadAction","target":["https:\/\/artsilpol.pl\/n\/produkt-pl\/matryca-deska-ciagly-wzor\/"]}]},{"@type":"ImageObject","inLanguage":"pl-PL","@id":"https:\/\/artsilpol.pl\/n\/produkt-pl\/matryca-deska-ciagly-wzor\/#primaryimage","url":"https:\/\/artsilpol.pl\/n\/wp-content\/uploads\/2019\/06\/1-146.jpg","contentUrl":"https:\/\/artsilpol.pl\/n\/wp-content\/uploads\/2019\/06\/1-146.jpg","width":945,"height":709},{"@type":"BreadcrumbList","@id":"https:\/\/artsilpol.pl\/n\/produkt-pl\/matryca-deska-ciagly-wzor\/#breadcrumb","itemListElement":[{"@type":"ListItem","position":1,"name":"Strona g\u0142\u00f3wna","item":"https:\/\/artsilpol.pl\/n\/"},{"@type":"ListItem","position":2,"name":"Sklep","item":"https:\/\/artsilpol.pl\/n\/sklep\/"},{"@type":"ListItem","position":3,"name":"Matryca &#8220;DESKA &#8211; CI\u0104G\u0141Y WZ\u00d3R z fug\u0105 &#8220;"}]},{"@type":"WebSite","@id":"https:\/\/artsilpol.pl\/n\/#website","url":"https:\/\/artsilpol.pl\/n\/","name":"Art Silpol","description":"formy silikonowe i poliuretanowe","publisher":{"@id":"https:\/\/artsilpol.pl\/n\/#organization"},"potentialAction":[{"@type":"SearchAction","target":{"@type":"EntryPoint","urlTemplate":"https:\/\/artsilpol.pl\/n\/?s={search_term_string}"},"query-input":{"@type":"PropertyValueSpecification","valueRequired":true,"valueName":"search_term_string"}}],"inLanguage":"pl-PL"},{"@type":"Organization","@id":"https:\/\/artsilpol.pl\/n\/#organization","name":"art silpol - formy silikonowe i poliuretanowe","url":"https:\/\/artsilpol.pl\/n\/","logo":{"@type":"ImageObject","inLanguage":"pl-PL","@id":"https:\/\/artsilpol.pl\/n\/#\/schema\/logo\/image\/","url":"https:\/\/artsilpol.pl\/n\/wp-content\/uploads\/2019\/05\/logo_mobile.png","contentUrl":"https:\/\/artsilpol.pl\/n\/wp-content\/uploads\/2019\/05\/logo_mobile.png","width":115,"height":70,"caption":"art silpol - formy silikonowe i poliuretanowe"},"image":{"@id":"https:\/\/artsilpol.pl\/n\/#\/schema\/logo\/image\/"},"sameAs":["https:\/\/www.facebook.com\/Formy-Silikonowe-Poliuretanowe-555775041119482\/?ref=br_rs","https:\/\/www.youtube.com\/user\/bodziomodel"]}]}},"jetpack_sharing_enabled":true,"_links":{"self":[{"href":"https:\/\/artsilpol.pl\/n\/wp-json\/wp\/v2\/product\/2420","targetHints":{"allow":["GET"]}}],"collection":[{"href":"https:\/\/artsilpol.pl\/n\/wp-json\/wp\/v2\/product"}],"about":[{"href":"https:\/\/artsilpol.pl\/n\/wp-json\/wp\/v2\/types\/product"}],"replies":[{"embeddable":true,"href":"https:\/\/artsilpol.pl\/n\/wp-json\/wp\/v2\/comments?post=2420"}],"wp:featuredmedia":[{"embeddable":true,"href":"https:\/\/artsilpol.pl\/n\/wp-json\/wp\/v2\/media\/2424"}],"wp:attachment":[{"href":"https:\/\/artsilpol.pl\/n\/wp-json\/wp\/v2\/media?parent=2420"}],"wp:term":[{"taxonomy":"product_brand","embeddable":true,"href":"https:\/\/artsilpol.pl\/n\/wp-json\/wp\/v2\/product_brand?post=2420"},{"taxonomy":"product_cat","embeddable":true,"href":"https:\/\/artsilpol.pl\/n\/wp-json\/wp\/v2\/product_cat?post=2420"},{"taxonomy":"product_tag","embeddable":true,"href":"https:\/\/artsilpol.pl\/n\/wp-json\/wp\/v2\/product_tag?post=2420"}],"curies":[{"name":"wp","href":"https:\/\/api.w.org\/{rel}","templated":true}]}}