{"id":16409,"date":"2024-04-06T13:43:54","date_gmt":"2024-04-06T11:43:54","guid":{"rendered":"https:\/\/artsilpol.pl\/n\/?post_type=product&#038;p=16409"},"modified":"2024-04-06T13:45:40","modified_gmt":"2024-04-06T11:45:40","slug":"formy-na-domowe-totemy","status":"publish","type":"product","link":"https:\/\/artsilpol.pl\/n\/produkt-pl\/formy-na-domowe-totemy\/","title":{"rendered":"Formy na domowe ,,totemy ,,"},"content":{"rendered":"<p>Wszystkie ,,totemy ,, w jednej cenie w zam\u00f3wieniu nale\u017cy opisa\u0107 kt\u00f3r form\u0119 si\u0119 kupuje :<\/p>\n<p>LOVE , HOME , BOOK ,BATH ,COOK . Cena jest za jedna forme .Realizacja do 8 dni od zakupu <\/p>\n","protected":false},"excerpt":{"rendered":"<p>Wszystkie ,,totemy ,, w jednej cenie w zam\u00f3wieniu nale\u017cy opisa\u0107 kt\u00f3r\u0105 form\u0119 si\u0119 kupuje : LOVE , HOME , BOOK&hellip;<\/p>\n","protected":false},"featured_media":15830,"comment_status":"open","ping_status":"closed","template":"","meta":[],"product_brand":[],"product_cat":[77],"product_tag":[],"class_list":{"0":"post-16409","1":"product","2":"type-product","3":"status-publish","4":"has-post-thumbnail","6":"product_cat-formy-na-galanterie-betonowa","7":"product_shipping_class-male","9":"first","10":"instock","11":"taxable","12":"shipping-taxable","13":"purchasable","14":"product-type-simple","15":"thumb-has-effect","16":"prod-rating-on"},"yoast_head":"<!-- This site is optimized with the Yoast SEO plugin v27.0 - https:\/\/yoast.com\/product\/yoast-seo-wordpress\/ -->\n<title>Formy na domowe ,,totemy ,, - Art Silpol<\/title>\n<meta name=\"robots\" content=\"index, follow, max-snippet:-1, max-image-preview:large, max-video-preview:-1\" \/>\n<link rel=\"canonical\" href=\"https:\/\/artsilpol.pl\/n\/produkt-pl\/formy-na-domowe-totemy\/\" \/>\n<meta property=\"og:locale\" content=\"pl_PL\" \/>\n<meta property=\"og:type\" content=\"article\" \/>\n<meta property=\"og:title\" content=\"Formy na domowe ,,totemy ,, - Art Silpol\" \/>\n<meta property=\"og:description\" content=\"Wszystkie ,,totemy ,, w jednej cenie w zam\u00f3wieniu nale\u017cy opisa\u0107 kt\u00f3r\u0105 form\u0119 si\u0119 kupuje : LOVE , HOME , BOOK&hellip;\" \/>\n<meta property=\"og:url\" content=\"https:\/\/artsilpol.pl\/n\/produkt-pl\/formy-na-domowe-totemy\/\" \/>\n<meta property=\"og:site_name\" content=\"Art Silpol\" \/>\n<meta property=\"article:publisher\" content=\"https:\/\/www.facebook.com\/Formy-Silikonowe-Poliuretanowe-555775041119482\/?ref=br_rs\" \/>\n<meta property=\"article:modified_time\" content=\"2024-04-06T11:45:40+00:00\" \/>\n<meta property=\"og:image\" content=\"https:\/\/artsilpol.pl\/n\/wp-content\/uploads\/2022\/11\/love2.jpg\" \/>\n\t<meta property=\"og:image:width\" content=\"1600\" \/>\n\t<meta property=\"og:image:height\" content=\"1600\" \/>\n\t<meta property=\"og:image:type\" content=\"image\/jpeg\" \/>\n<meta name=\"twitter:card\" content=\"summary_large_image\" \/>\n<meta name=\"twitter:label1\" content=\"Szacowany czas czytania\" \/>\n\t<meta name=\"twitter:data1\" content=\"1 minuta\" \/>\n<script type=\"application\/ld+json\" class=\"yoast-schema-graph\">{\"@context\":\"https:\/\/schema.org\",\"@graph\":[{\"@type\":\"WebPage\",\"@id\":\"https:\/\/artsilpol.pl\/n\/produkt-pl\/formy-na-domowe-totemy\/\",\"url\":\"https:\/\/artsilpol.pl\/n\/produkt-pl\/formy-na-domowe-totemy\/\",\"name\":\"Formy na domowe ,,totemy ,, - Art Silpol\",\"isPartOf\":{\"@id\":\"https:\/\/artsilpol.pl\/n\/#website\"},\"primaryImageOfPage\":{\"@id\":\"https:\/\/artsilpol.pl\/n\/produkt-pl\/formy-na-domowe-totemy\/#primaryimage\"},\"image\":{\"@id\":\"https:\/\/artsilpol.pl\/n\/produkt-pl\/formy-na-domowe-totemy\/#primaryimage\"},\"thumbnailUrl\":\"https:\/\/artsilpol.pl\/n\/wp-content\/uploads\/2022\/11\/love2.jpg\",\"datePublished\":\"2024-04-06T11:43:54+00:00\",\"dateModified\":\"2024-04-06T11:45:40+00:00\",\"breadcrumb\":{\"@id\":\"https:\/\/artsilpol.pl\/n\/produkt-pl\/formy-na-domowe-totemy\/#breadcrumb\"},\"inLanguage\":\"pl-PL\",\"potentialAction\":[{\"@type\":\"ReadAction\",\"target\":[\"https:\/\/artsilpol.pl\/n\/produkt-pl\/formy-na-domowe-totemy\/\"]}]},{\"@type\":\"ImageObject\",\"inLanguage\":\"pl-PL\",\"@id\":\"https:\/\/artsilpol.pl\/n\/produkt-pl\/formy-na-domowe-totemy\/#primaryimage\",\"url\":\"https:\/\/artsilpol.pl\/n\/wp-content\/uploads\/2022\/11\/love2.jpg\",\"contentUrl\":\"https:\/\/artsilpol.pl\/n\/wp-content\/uploads\/2022\/11\/love2.jpg\",\"width\":1600,\"height\":1600},{\"@type\":\"BreadcrumbList\",\"@id\":\"https:\/\/artsilpol.pl\/n\/produkt-pl\/formy-na-domowe-totemy\/#breadcrumb\",\"itemListElement\":[{\"@type\":\"ListItem\",\"position\":1,\"name\":\"Strona g\u0142\u00f3wna\",\"item\":\"https:\/\/artsilpol.pl\/n\/\"},{\"@type\":\"ListItem\",\"position\":2,\"name\":\"Sklep\",\"item\":\"https:\/\/artsilpol.pl\/n\/sklep\/\"},{\"@type\":\"ListItem\",\"position\":3,\"name\":\"Formy na domowe ,,totemy ,,\"}]},{\"@type\":\"WebSite\",\"@id\":\"https:\/\/artsilpol.pl\/n\/#website\",\"url\":\"https:\/\/artsilpol.pl\/n\/\",\"name\":\"Art Silpol\",\"description\":\"formy silikonowe i poliuretanowe\",\"publisher\":{\"@id\":\"https:\/\/artsilpol.pl\/n\/#organization\"},\"potentialAction\":[{\"@type\":\"SearchAction\",\"target\":{\"@type\":\"EntryPoint\",\"urlTemplate\":\"https:\/\/artsilpol.pl\/n\/?s={search_term_string}\"},\"query-input\":{\"@type\":\"PropertyValueSpecification\",\"valueRequired\":true,\"valueName\":\"search_term_string\"}}],\"inLanguage\":\"pl-PL\"},{\"@type\":\"Organization\",\"@id\":\"https:\/\/artsilpol.pl\/n\/#organization\",\"name\":\"art silpol - formy silikonowe i poliuretanowe\",\"url\":\"https:\/\/artsilpol.pl\/n\/\",\"logo\":{\"@type\":\"ImageObject\",\"inLanguage\":\"pl-PL\",\"@id\":\"https:\/\/artsilpol.pl\/n\/#\/schema\/logo\/image\/\",\"url\":\"https:\/\/artsilpol.pl\/n\/wp-content\/uploads\/2019\/05\/logo_mobile.png\",\"contentUrl\":\"https:\/\/artsilpol.pl\/n\/wp-content\/uploads\/2019\/05\/logo_mobile.png\",\"width\":115,\"height\":70,\"caption\":\"art silpol - formy silikonowe i poliuretanowe\"},\"image\":{\"@id\":\"https:\/\/artsilpol.pl\/n\/#\/schema\/logo\/image\/\"},\"sameAs\":[\"https:\/\/www.facebook.com\/Formy-Silikonowe-Poliuretanowe-555775041119482\/?ref=br_rs\",\"https:\/\/www.youtube.com\/user\/bodziomodel\"]}]}<\/script>\n<!-- \/ Yoast SEO plugin. -->","yoast_head_json":{"title":"Formy na domowe ,,totemy ,, - Art Silpol","robots":{"index":"index","follow":"follow","max-snippet":"max-snippet:-1","max-image-preview":"max-image-preview:large","max-video-preview":"max-video-preview:-1"},"canonical":"https:\/\/artsilpol.pl\/n\/produkt-pl\/formy-na-domowe-totemy\/","og_locale":"pl_PL","og_type":"article","og_title":"Formy na domowe ,,totemy ,, - Art Silpol","og_description":"Wszystkie ,,totemy ,, w jednej cenie w zam\u00f3wieniu nale\u017cy opisa\u0107 kt\u00f3r\u0105 form\u0119 si\u0119 kupuje : LOVE , HOME , BOOK&hellip;","og_url":"https:\/\/artsilpol.pl\/n\/produkt-pl\/formy-na-domowe-totemy\/","og_site_name":"Art Silpol","article_publisher":"https:\/\/www.facebook.com\/Formy-Silikonowe-Poliuretanowe-555775041119482\/?ref=br_rs","article_modified_time":"2024-04-06T11:45:40+00:00","og_image":[{"width":1600,"height":1600,"url":"https:\/\/artsilpol.pl\/n\/wp-content\/uploads\/2022\/11\/love2.jpg","type":"image\/jpeg"}],"twitter_card":"summary_large_image","twitter_misc":{"Szacowany czas czytania":"1 minuta"},"schema":{"@context":"https:\/\/schema.org","@graph":[{"@type":"WebPage","@id":"https:\/\/artsilpol.pl\/n\/produkt-pl\/formy-na-domowe-totemy\/","url":"https:\/\/artsilpol.pl\/n\/produkt-pl\/formy-na-domowe-totemy\/","name":"Formy na domowe ,,totemy ,, - Art Silpol","isPartOf":{"@id":"https:\/\/artsilpol.pl\/n\/#website"},"primaryImageOfPage":{"@id":"https:\/\/artsilpol.pl\/n\/produkt-pl\/formy-na-domowe-totemy\/#primaryimage"},"image":{"@id":"https:\/\/artsilpol.pl\/n\/produkt-pl\/formy-na-domowe-totemy\/#primaryimage"},"thumbnailUrl":"https:\/\/artsilpol.pl\/n\/wp-content\/uploads\/2022\/11\/love2.jpg","datePublished":"2024-04-06T11:43:54+00:00","dateModified":"2024-04-06T11:45:40+00:00","breadcrumb":{"@id":"https:\/\/artsilpol.pl\/n\/produkt-pl\/formy-na-domowe-totemy\/#breadcrumb"},"inLanguage":"pl-PL","potentialAction":[{"@type":"ReadAction","target":["https:\/\/artsilpol.pl\/n\/produkt-pl\/formy-na-domowe-totemy\/"]}]},{"@type":"ImageObject","inLanguage":"pl-PL","@id":"https:\/\/artsilpol.pl\/n\/produkt-pl\/formy-na-domowe-totemy\/#primaryimage","url":"https:\/\/artsilpol.pl\/n\/wp-content\/uploads\/2022\/11\/love2.jpg","contentUrl":"https:\/\/artsilpol.pl\/n\/wp-content\/uploads\/2022\/11\/love2.jpg","width":1600,"height":1600},{"@type":"BreadcrumbList","@id":"https:\/\/artsilpol.pl\/n\/produkt-pl\/formy-na-domowe-totemy\/#breadcrumb","itemListElement":[{"@type":"ListItem","position":1,"name":"Strona g\u0142\u00f3wna","item":"https:\/\/artsilpol.pl\/n\/"},{"@type":"ListItem","position":2,"name":"Sklep","item":"https:\/\/artsilpol.pl\/n\/sklep\/"},{"@type":"ListItem","position":3,"name":"Formy na domowe ,,totemy ,,"}]},{"@type":"WebSite","@id":"https:\/\/artsilpol.pl\/n\/#website","url":"https:\/\/artsilpol.pl\/n\/","name":"Art Silpol","description":"formy silikonowe i poliuretanowe","publisher":{"@id":"https:\/\/artsilpol.pl\/n\/#organization"},"potentialAction":[{"@type":"SearchAction","target":{"@type":"EntryPoint","urlTemplate":"https:\/\/artsilpol.pl\/n\/?s={search_term_string}"},"query-input":{"@type":"PropertyValueSpecification","valueRequired":true,"valueName":"search_term_string"}}],"inLanguage":"pl-PL"},{"@type":"Organization","@id":"https:\/\/artsilpol.pl\/n\/#organization","name":"art silpol - formy silikonowe i poliuretanowe","url":"https:\/\/artsilpol.pl\/n\/","logo":{"@type":"ImageObject","inLanguage":"pl-PL","@id":"https:\/\/artsilpol.pl\/n\/#\/schema\/logo\/image\/","url":"https:\/\/artsilpol.pl\/n\/wp-content\/uploads\/2019\/05\/logo_mobile.png","contentUrl":"https:\/\/artsilpol.pl\/n\/wp-content\/uploads\/2019\/05\/logo_mobile.png","width":115,"height":70,"caption":"art silpol - formy silikonowe i poliuretanowe"},"image":{"@id":"https:\/\/artsilpol.pl\/n\/#\/schema\/logo\/image\/"},"sameAs":["https:\/\/www.facebook.com\/Formy-Silikonowe-Poliuretanowe-555775041119482\/?ref=br_rs","https:\/\/www.youtube.com\/user\/bodziomodel"]}]}},"jetpack_sharing_enabled":true,"_links":{"self":[{"href":"https:\/\/artsilpol.pl\/n\/wp-json\/wp\/v2\/product\/16409","targetHints":{"allow":["GET"]}}],"collection":[{"href":"https:\/\/artsilpol.pl\/n\/wp-json\/wp\/v2\/product"}],"about":[{"href":"https:\/\/artsilpol.pl\/n\/wp-json\/wp\/v2\/types\/product"}],"replies":[{"embeddable":true,"href":"https:\/\/artsilpol.pl\/n\/wp-json\/wp\/v2\/comments?post=16409"}],"wp:featuredmedia":[{"embeddable":true,"href":"https:\/\/artsilpol.pl\/n\/wp-json\/wp\/v2\/media\/15830"}],"wp:attachment":[{"href":"https:\/\/artsilpol.pl\/n\/wp-json\/wp\/v2\/media?parent=16409"}],"wp:term":[{"taxonomy":"product_brand","embeddable":true,"href":"https:\/\/artsilpol.pl\/n\/wp-json\/wp\/v2\/product_brand?post=16409"},{"taxonomy":"product_cat","embeddable":true,"href":"https:\/\/artsilpol.pl\/n\/wp-json\/wp\/v2\/product_cat?post=16409"},{"taxonomy":"product_tag","embeddable":true,"href":"https:\/\/artsilpol.pl\/n\/wp-json\/wp\/v2\/product_tag?post=16409"}],"curies":[{"name":"wp","href":"https:\/\/api.w.org\/{rel}","templated":true}]}}