{"id":16047,"date":"2023-04-27T15:21:22","date_gmt":"2023-04-27T13:21:22","guid":{"rendered":"https:\/\/artsilpol.pl\/n\/?post_type=product&#038;p=16047"},"modified":"2023-04-27T15:21:22","modified_gmt":"2023-04-27T13:21:22","slug":"forma-poliuretanowa-na-plyte-ogrodzeniowa-4-x-25-x-200-cm-z-fazkami-na-obu-rantach","status":"publish","type":"product","link":"https:\/\/artsilpol.pl\/n\/produkt-pl\/forma-poliuretanowa-na-plyte-ogrodzeniowa-4-x-25-x-200-cm-z-fazkami-na-obu-rantach\/","title":{"rendered":"Forma poliuretanowa na p\u0142yt\u0119 ogrodzeniow\u0105 4 x 25 x 200 cm z fazkami na obu rantach"},"content":{"rendered":"<p>Forma poliuretanowa do odlewania p\u0142yty ogrodzeniowej o wymiarze 4 x 25 x 200 cm z fazkami na rantach . Cena dotyczy 1 formy .<br \/>\nPrzy zakupie 2 sztuk form dodajemy gratis  form\u0119 do odlewania  dystancy mocowane w s\u0142upku mi\u0119dzy ,p\u0142ytami .<\/p>\n","protected":false},"excerpt":{"rendered":"<p>Forma poliuretanowa do odlewania p\u0142yty ogrodzeniowej o wymiarze 4 x 25 x 200 cm z fazkami na rantach . Cena&hellip;<\/p>\n","protected":false},"featured_media":15903,"comment_status":"open","ping_status":"closed","template":"","meta":[],"product_brand":[],"product_cat":[75,81],"product_tag":[],"class_list":{"0":"post-16047","1":"product","2":"type-product","3":"status-publish","4":"has-post-thumbnail","6":"product_cat-formy-na-beton-architektoniczny","7":"product_cat-formy-na-ogrodzenia-betonowe","8":"product_shipping_class-beton","10":"first","11":"instock","12":"taxable","13":"shipping-taxable","14":"purchasable","15":"product-type-simple","16":"thumb-has-effect","17":"prod-rating-on"},"yoast_head":"<!-- This site is optimized with the Yoast SEO plugin v27.0 - https:\/\/yoast.com\/product\/yoast-seo-wordpress\/ -->\n<title>Forma poliuretanowa na p\u0142yt\u0119 ogrodzeniow\u0105 4 x 25 x 200 cm z fazkami na obu rantach - Art Silpol<\/title>\n<meta name=\"robots\" content=\"index, follow, max-snippet:-1, max-image-preview:large, max-video-preview:-1\" \/>\n<link rel=\"canonical\" href=\"https:\/\/artsilpol.pl\/n\/produkt-pl\/forma-poliuretanowa-na-plyte-ogrodzeniowa-4-x-25-x-200-cm-z-fazkami-na-obu-rantach\/\" \/>\n<meta property=\"og:locale\" content=\"pl_PL\" \/>\n<meta property=\"og:type\" content=\"article\" \/>\n<meta property=\"og:title\" content=\"Forma poliuretanowa na p\u0142yt\u0119 ogrodzeniow\u0105 4 x 25 x 200 cm z fazkami na obu rantach - Art Silpol\" \/>\n<meta property=\"og:description\" content=\"Forma poliuretanowa do odlewania p\u0142yty ogrodzeniowej o wymiarze 4 x 25 x 200 cm z fazkami na rantach . Cena&hellip;\" \/>\n<meta property=\"og:url\" content=\"https:\/\/artsilpol.pl\/n\/produkt-pl\/forma-poliuretanowa-na-plyte-ogrodzeniowa-4-x-25-x-200-cm-z-fazkami-na-obu-rantach\/\" \/>\n<meta property=\"og:site_name\" content=\"Art Silpol\" \/>\n<meta property=\"article:publisher\" content=\"https:\/\/www.facebook.com\/Formy-Silikonowe-Poliuretanowe-555775041119482\/?ref=br_rs\" \/>\n<meta property=\"og:image\" content=\"https:\/\/artsilpol.pl\/n\/wp-content\/uploads\/2023\/01\/295388691_5686116148085320_1453125289626418138_n.jpg\" \/>\n\t<meta property=\"og:image:width\" content=\"1536\" \/>\n\t<meta property=\"og:image:height\" content=\"2048\" \/>\n\t<meta property=\"og:image:type\" content=\"image\/jpeg\" \/>\n<meta name=\"twitter:card\" content=\"summary_large_image\" \/>\n<script type=\"application\/ld+json\" class=\"yoast-schema-graph\">{\"@context\":\"https:\/\/schema.org\",\"@graph\":[{\"@type\":\"WebPage\",\"@id\":\"https:\/\/artsilpol.pl\/n\/produkt-pl\/forma-poliuretanowa-na-plyte-ogrodzeniowa-4-x-25-x-200-cm-z-fazkami-na-obu-rantach\/\",\"url\":\"https:\/\/artsilpol.pl\/n\/produkt-pl\/forma-poliuretanowa-na-plyte-ogrodzeniowa-4-x-25-x-200-cm-z-fazkami-na-obu-rantach\/\",\"name\":\"Forma poliuretanowa na p\u0142yt\u0119 ogrodzeniow\u0105 4 x 25 x 200 cm z fazkami na obu rantach - Art Silpol\",\"isPartOf\":{\"@id\":\"https:\/\/artsilpol.pl\/n\/#website\"},\"primaryImageOfPage\":{\"@id\":\"https:\/\/artsilpol.pl\/n\/produkt-pl\/forma-poliuretanowa-na-plyte-ogrodzeniowa-4-x-25-x-200-cm-z-fazkami-na-obu-rantach\/#primaryimage\"},\"image\":{\"@id\":\"https:\/\/artsilpol.pl\/n\/produkt-pl\/forma-poliuretanowa-na-plyte-ogrodzeniowa-4-x-25-x-200-cm-z-fazkami-na-obu-rantach\/#primaryimage\"},\"thumbnailUrl\":\"https:\/\/artsilpol.pl\/n\/wp-content\/uploads\/2023\/01\/295388691_5686116148085320_1453125289626418138_n.jpg\",\"datePublished\":\"2023-04-27T13:21:22+00:00\",\"breadcrumb\":{\"@id\":\"https:\/\/artsilpol.pl\/n\/produkt-pl\/forma-poliuretanowa-na-plyte-ogrodzeniowa-4-x-25-x-200-cm-z-fazkami-na-obu-rantach\/#breadcrumb\"},\"inLanguage\":\"pl-PL\",\"potentialAction\":[{\"@type\":\"ReadAction\",\"target\":[\"https:\/\/artsilpol.pl\/n\/produkt-pl\/forma-poliuretanowa-na-plyte-ogrodzeniowa-4-x-25-x-200-cm-z-fazkami-na-obu-rantach\/\"]}]},{\"@type\":\"ImageObject\",\"inLanguage\":\"pl-PL\",\"@id\":\"https:\/\/artsilpol.pl\/n\/produkt-pl\/forma-poliuretanowa-na-plyte-ogrodzeniowa-4-x-25-x-200-cm-z-fazkami-na-obu-rantach\/#primaryimage\",\"url\":\"https:\/\/artsilpol.pl\/n\/wp-content\/uploads\/2023\/01\/295388691_5686116148085320_1453125289626418138_n.jpg\",\"contentUrl\":\"https:\/\/artsilpol.pl\/n\/wp-content\/uploads\/2023\/01\/295388691_5686116148085320_1453125289626418138_n.jpg\",\"width\":1536,\"height\":2048},{\"@type\":\"BreadcrumbList\",\"@id\":\"https:\/\/artsilpol.pl\/n\/produkt-pl\/forma-poliuretanowa-na-plyte-ogrodzeniowa-4-x-25-x-200-cm-z-fazkami-na-obu-rantach\/#breadcrumb\",\"itemListElement\":[{\"@type\":\"ListItem\",\"position\":1,\"name\":\"Strona g\u0142\u00f3wna\",\"item\":\"https:\/\/artsilpol.pl\/n\/\"},{\"@type\":\"ListItem\",\"position\":2,\"name\":\"Sklep\",\"item\":\"https:\/\/artsilpol.pl\/n\/sklep\/\"},{\"@type\":\"ListItem\",\"position\":3,\"name\":\"Forma poliuretanowa na p\u0142yt\u0119 ogrodzeniow\u0105 4 x 25 x 200 cm z fazkami na obu rantach\"}]},{\"@type\":\"WebSite\",\"@id\":\"https:\/\/artsilpol.pl\/n\/#website\",\"url\":\"https:\/\/artsilpol.pl\/n\/\",\"name\":\"Art Silpol\",\"description\":\"formy silikonowe i poliuretanowe\",\"publisher\":{\"@id\":\"https:\/\/artsilpol.pl\/n\/#organization\"},\"potentialAction\":[{\"@type\":\"SearchAction\",\"target\":{\"@type\":\"EntryPoint\",\"urlTemplate\":\"https:\/\/artsilpol.pl\/n\/?s={search_term_string}\"},\"query-input\":{\"@type\":\"PropertyValueSpecification\",\"valueRequired\":true,\"valueName\":\"search_term_string\"}}],\"inLanguage\":\"pl-PL\"},{\"@type\":\"Organization\",\"@id\":\"https:\/\/artsilpol.pl\/n\/#organization\",\"name\":\"art silpol - formy silikonowe i poliuretanowe\",\"url\":\"https:\/\/artsilpol.pl\/n\/\",\"logo\":{\"@type\":\"ImageObject\",\"inLanguage\":\"pl-PL\",\"@id\":\"https:\/\/artsilpol.pl\/n\/#\/schema\/logo\/image\/\",\"url\":\"https:\/\/artsilpol.pl\/n\/wp-content\/uploads\/2019\/05\/logo_mobile.png\",\"contentUrl\":\"https:\/\/artsilpol.pl\/n\/wp-content\/uploads\/2019\/05\/logo_mobile.png\",\"width\":115,\"height\":70,\"caption\":\"art silpol - formy silikonowe i poliuretanowe\"},\"image\":{\"@id\":\"https:\/\/artsilpol.pl\/n\/#\/schema\/logo\/image\/\"},\"sameAs\":[\"https:\/\/www.facebook.com\/Formy-Silikonowe-Poliuretanowe-555775041119482\/?ref=br_rs\",\"https:\/\/www.youtube.com\/user\/bodziomodel\"]}]}<\/script>\n<!-- \/ Yoast SEO plugin. -->","yoast_head_json":{"title":"Forma poliuretanowa na p\u0142yt\u0119 ogrodzeniow\u0105 4 x 25 x 200 cm z fazkami na obu rantach - Art Silpol","robots":{"index":"index","follow":"follow","max-snippet":"max-snippet:-1","max-image-preview":"max-image-preview:large","max-video-preview":"max-video-preview:-1"},"canonical":"https:\/\/artsilpol.pl\/n\/produkt-pl\/forma-poliuretanowa-na-plyte-ogrodzeniowa-4-x-25-x-200-cm-z-fazkami-na-obu-rantach\/","og_locale":"pl_PL","og_type":"article","og_title":"Forma poliuretanowa na p\u0142yt\u0119 ogrodzeniow\u0105 4 x 25 x 200 cm z fazkami na obu rantach - Art Silpol","og_description":"Forma poliuretanowa do odlewania p\u0142yty ogrodzeniowej o wymiarze 4 x 25 x 200 cm z fazkami na rantach . Cena&hellip;","og_url":"https:\/\/artsilpol.pl\/n\/produkt-pl\/forma-poliuretanowa-na-plyte-ogrodzeniowa-4-x-25-x-200-cm-z-fazkami-na-obu-rantach\/","og_site_name":"Art Silpol","article_publisher":"https:\/\/www.facebook.com\/Formy-Silikonowe-Poliuretanowe-555775041119482\/?ref=br_rs","og_image":[{"width":1536,"height":2048,"url":"https:\/\/artsilpol.pl\/n\/wp-content\/uploads\/2023\/01\/295388691_5686116148085320_1453125289626418138_n.jpg","type":"image\/jpeg"}],"twitter_card":"summary_large_image","schema":{"@context":"https:\/\/schema.org","@graph":[{"@type":"WebPage","@id":"https:\/\/artsilpol.pl\/n\/produkt-pl\/forma-poliuretanowa-na-plyte-ogrodzeniowa-4-x-25-x-200-cm-z-fazkami-na-obu-rantach\/","url":"https:\/\/artsilpol.pl\/n\/produkt-pl\/forma-poliuretanowa-na-plyte-ogrodzeniowa-4-x-25-x-200-cm-z-fazkami-na-obu-rantach\/","name":"Forma poliuretanowa na p\u0142yt\u0119 ogrodzeniow\u0105 4 x 25 x 200 cm z fazkami na obu rantach - Art Silpol","isPartOf":{"@id":"https:\/\/artsilpol.pl\/n\/#website"},"primaryImageOfPage":{"@id":"https:\/\/artsilpol.pl\/n\/produkt-pl\/forma-poliuretanowa-na-plyte-ogrodzeniowa-4-x-25-x-200-cm-z-fazkami-na-obu-rantach\/#primaryimage"},"image":{"@id":"https:\/\/artsilpol.pl\/n\/produkt-pl\/forma-poliuretanowa-na-plyte-ogrodzeniowa-4-x-25-x-200-cm-z-fazkami-na-obu-rantach\/#primaryimage"},"thumbnailUrl":"https:\/\/artsilpol.pl\/n\/wp-content\/uploads\/2023\/01\/295388691_5686116148085320_1453125289626418138_n.jpg","datePublished":"2023-04-27T13:21:22+00:00","breadcrumb":{"@id":"https:\/\/artsilpol.pl\/n\/produkt-pl\/forma-poliuretanowa-na-plyte-ogrodzeniowa-4-x-25-x-200-cm-z-fazkami-na-obu-rantach\/#breadcrumb"},"inLanguage":"pl-PL","potentialAction":[{"@type":"ReadAction","target":["https:\/\/artsilpol.pl\/n\/produkt-pl\/forma-poliuretanowa-na-plyte-ogrodzeniowa-4-x-25-x-200-cm-z-fazkami-na-obu-rantach\/"]}]},{"@type":"ImageObject","inLanguage":"pl-PL","@id":"https:\/\/artsilpol.pl\/n\/produkt-pl\/forma-poliuretanowa-na-plyte-ogrodzeniowa-4-x-25-x-200-cm-z-fazkami-na-obu-rantach\/#primaryimage","url":"https:\/\/artsilpol.pl\/n\/wp-content\/uploads\/2023\/01\/295388691_5686116148085320_1453125289626418138_n.jpg","contentUrl":"https:\/\/artsilpol.pl\/n\/wp-content\/uploads\/2023\/01\/295388691_5686116148085320_1453125289626418138_n.jpg","width":1536,"height":2048},{"@type":"BreadcrumbList","@id":"https:\/\/artsilpol.pl\/n\/produkt-pl\/forma-poliuretanowa-na-plyte-ogrodzeniowa-4-x-25-x-200-cm-z-fazkami-na-obu-rantach\/#breadcrumb","itemListElement":[{"@type":"ListItem","position":1,"name":"Strona g\u0142\u00f3wna","item":"https:\/\/artsilpol.pl\/n\/"},{"@type":"ListItem","position":2,"name":"Sklep","item":"https:\/\/artsilpol.pl\/n\/sklep\/"},{"@type":"ListItem","position":3,"name":"Forma poliuretanowa na p\u0142yt\u0119 ogrodzeniow\u0105 4 x 25 x 200 cm z fazkami na obu rantach"}]},{"@type":"WebSite","@id":"https:\/\/artsilpol.pl\/n\/#website","url":"https:\/\/artsilpol.pl\/n\/","name":"Art Silpol","description":"formy silikonowe i poliuretanowe","publisher":{"@id":"https:\/\/artsilpol.pl\/n\/#organization"},"potentialAction":[{"@type":"SearchAction","target":{"@type":"EntryPoint","urlTemplate":"https:\/\/artsilpol.pl\/n\/?s={search_term_string}"},"query-input":{"@type":"PropertyValueSpecification","valueRequired":true,"valueName":"search_term_string"}}],"inLanguage":"pl-PL"},{"@type":"Organization","@id":"https:\/\/artsilpol.pl\/n\/#organization","name":"art silpol - formy silikonowe i poliuretanowe","url":"https:\/\/artsilpol.pl\/n\/","logo":{"@type":"ImageObject","inLanguage":"pl-PL","@id":"https:\/\/artsilpol.pl\/n\/#\/schema\/logo\/image\/","url":"https:\/\/artsilpol.pl\/n\/wp-content\/uploads\/2019\/05\/logo_mobile.png","contentUrl":"https:\/\/artsilpol.pl\/n\/wp-content\/uploads\/2019\/05\/logo_mobile.png","width":115,"height":70,"caption":"art silpol - formy silikonowe i poliuretanowe"},"image":{"@id":"https:\/\/artsilpol.pl\/n\/#\/schema\/logo\/image\/"},"sameAs":["https:\/\/www.facebook.com\/Formy-Silikonowe-Poliuretanowe-555775041119482\/?ref=br_rs","https:\/\/www.youtube.com\/user\/bodziomodel"]}]}},"jetpack_sharing_enabled":true,"_links":{"self":[{"href":"https:\/\/artsilpol.pl\/n\/wp-json\/wp\/v2\/product\/16047","targetHints":{"allow":["GET"]}}],"collection":[{"href":"https:\/\/artsilpol.pl\/n\/wp-json\/wp\/v2\/product"}],"about":[{"href":"https:\/\/artsilpol.pl\/n\/wp-json\/wp\/v2\/types\/product"}],"replies":[{"embeddable":true,"href":"https:\/\/artsilpol.pl\/n\/wp-json\/wp\/v2\/comments?post=16047"}],"wp:featuredmedia":[{"embeddable":true,"href":"https:\/\/artsilpol.pl\/n\/wp-json\/wp\/v2\/media\/15903"}],"wp:attachment":[{"href":"https:\/\/artsilpol.pl\/n\/wp-json\/wp\/v2\/media?parent=16047"}],"wp:term":[{"taxonomy":"product_brand","embeddable":true,"href":"https:\/\/artsilpol.pl\/n\/wp-json\/wp\/v2\/product_brand?post=16047"},{"taxonomy":"product_cat","embeddable":true,"href":"https:\/\/artsilpol.pl\/n\/wp-json\/wp\/v2\/product_cat?post=16047"},{"taxonomy":"product_tag","embeddable":true,"href":"https:\/\/artsilpol.pl\/n\/wp-json\/wp\/v2\/product_tag?post=16047"}],"curies":[{"name":"wp","href":"https:\/\/api.w.org\/{rel}","templated":true}]}}