{"id":14191,"date":"2020-04-25T12:30:46","date_gmt":"2020-04-25T10:30:46","guid":{"rendered":"https:\/\/artsilpol.pl\/n\/?post_type=product&#038;p=14191"},"modified":"2020-04-25T12:36:03","modified_gmt":"2020-04-25T10:36:03","slug":"starter-do-trudnych-miejsc-starter-walek-cegla-x6","status":"publish","type":"product","link":"https:\/\/artsilpol.pl\/n\/produkt-pl\/starter-do-trudnych-miejsc-starter-walek-cegla-x6\/","title":{"rendered":"Starter do trudnych miejsc ,, Starter do wa\u0142ka stara ceg\u0142a x 6 ,,"},"content":{"rendered":"<p>Starter ze sztywnego poliuretanu z zatopionymi ,, \u0142apkami,, do \u0142atwego obijania  w naro\u017cnikach \u015bcian . Starter pasuje do wa\u0142ka  ,, Stara ceg\u0142a x 6,,<\/p>\n","protected":false},"excerpt":{"rendered":"<p>Starter ze sztywnego poliuretanu z zatopionymi ,, \u0142apkami,, do \u0142atwego obijania w naro\u017cnikach \u015bcian . Starter pasuje do wa\u0142ka ,,&hellip;<\/p>\n","protected":false},"featured_media":14192,"comment_status":"open","ping_status":"closed","template":"","meta":[],"product_brand":[],"product_cat":[70],"product_tag":[],"class_list":{"0":"post-14191","1":"product","2":"type-product","3":"status-publish","4":"has-post-thumbnail","6":"product_cat-walki-z-faktura-do-wyciskania-na-scianach","7":"product_shipping_class-niska","9":"first","10":"instock","11":"taxable","12":"shipping-taxable","13":"purchasable","14":"product-type-simple","15":"thumb-has-effect","16":"prod-rating-on"},"yoast_head":"<!-- This site is optimized with the Yoast SEO plugin v27.0 - https:\/\/yoast.com\/product\/yoast-seo-wordpress\/ -->\n<title>Starter do trudnych miejsc ,, Starter do wa\u0142ka stara ceg\u0142a x 6 ,, - Art Silpol<\/title>\n<meta name=\"robots\" content=\"index, follow, max-snippet:-1, max-image-preview:large, max-video-preview:-1\" \/>\n<link rel=\"canonical\" href=\"https:\/\/artsilpol.pl\/n\/produkt-pl\/starter-do-trudnych-miejsc-starter-walek-cegla-x6\/\" \/>\n<meta property=\"og:locale\" content=\"pl_PL\" \/>\n<meta property=\"og:type\" content=\"article\" \/>\n<meta property=\"og:title\" content=\"Starter do trudnych miejsc ,, Starter do wa\u0142ka stara ceg\u0142a x 6 ,, - Art Silpol\" \/>\n<meta property=\"og:description\" content=\"Starter ze sztywnego poliuretanu z zatopionymi ,, \u0142apkami,, do \u0142atwego obijania w naro\u017cnikach \u015bcian . Starter pasuje do wa\u0142ka ,,&hellip;\" \/>\n<meta property=\"og:url\" content=\"https:\/\/artsilpol.pl\/n\/produkt-pl\/starter-do-trudnych-miejsc-starter-walek-cegla-x6\/\" \/>\n<meta property=\"og:site_name\" content=\"Art Silpol\" \/>\n<meta property=\"article:publisher\" content=\"https:\/\/www.facebook.com\/Formy-Silikonowe-Poliuretanowe-555775041119482\/?ref=br_rs\" \/>\n<meta property=\"article:modified_time\" content=\"2020-04-25T10:36:03+00:00\" \/>\n<meta property=\"og:image\" content=\"https:\/\/artsilpol.pl\/n\/wp-content\/uploads\/2020\/04\/F09EA053-1FF6-444F-AC05-458303064C90-scaled.jpeg\" \/>\n\t<meta property=\"og:image:width\" content=\"2560\" \/>\n\t<meta property=\"og:image:height\" content=\"1920\" \/>\n\t<meta property=\"og:image:type\" content=\"image\/jpeg\" \/>\n<meta name=\"twitter:card\" content=\"summary_large_image\" \/>\n<script type=\"application\/ld+json\" class=\"yoast-schema-graph\">{\"@context\":\"https:\/\/schema.org\",\"@graph\":[{\"@type\":\"WebPage\",\"@id\":\"https:\/\/artsilpol.pl\/n\/produkt-pl\/starter-do-trudnych-miejsc-starter-walek-cegla-x6\/\",\"url\":\"https:\/\/artsilpol.pl\/n\/produkt-pl\/starter-do-trudnych-miejsc-starter-walek-cegla-x6\/\",\"name\":\"Starter do trudnych miejsc ,, Starter do wa\u0142ka stara ceg\u0142a x 6 ,, - Art Silpol\",\"isPartOf\":{\"@id\":\"https:\/\/artsilpol.pl\/n\/#website\"},\"primaryImageOfPage\":{\"@id\":\"https:\/\/artsilpol.pl\/n\/produkt-pl\/starter-do-trudnych-miejsc-starter-walek-cegla-x6\/#primaryimage\"},\"image\":{\"@id\":\"https:\/\/artsilpol.pl\/n\/produkt-pl\/starter-do-trudnych-miejsc-starter-walek-cegla-x6\/#primaryimage\"},\"thumbnailUrl\":\"https:\/\/artsilpol.pl\/n\/wp-content\/uploads\/2020\/04\/F09EA053-1FF6-444F-AC05-458303064C90-scaled.jpeg\",\"datePublished\":\"2020-04-25T10:30:46+00:00\",\"dateModified\":\"2020-04-25T10:36:03+00:00\",\"breadcrumb\":{\"@id\":\"https:\/\/artsilpol.pl\/n\/produkt-pl\/starter-do-trudnych-miejsc-starter-walek-cegla-x6\/#breadcrumb\"},\"inLanguage\":\"pl-PL\",\"potentialAction\":[{\"@type\":\"ReadAction\",\"target\":[\"https:\/\/artsilpol.pl\/n\/produkt-pl\/starter-do-trudnych-miejsc-starter-walek-cegla-x6\/\"]}]},{\"@type\":\"ImageObject\",\"inLanguage\":\"pl-PL\",\"@id\":\"https:\/\/artsilpol.pl\/n\/produkt-pl\/starter-do-trudnych-miejsc-starter-walek-cegla-x6\/#primaryimage\",\"url\":\"https:\/\/artsilpol.pl\/n\/wp-content\/uploads\/2020\/04\/F09EA053-1FF6-444F-AC05-458303064C90-scaled.jpeg\",\"contentUrl\":\"https:\/\/artsilpol.pl\/n\/wp-content\/uploads\/2020\/04\/F09EA053-1FF6-444F-AC05-458303064C90-scaled.jpeg\",\"width\":2560,\"height\":1920},{\"@type\":\"BreadcrumbList\",\"@id\":\"https:\/\/artsilpol.pl\/n\/produkt-pl\/starter-do-trudnych-miejsc-starter-walek-cegla-x6\/#breadcrumb\",\"itemListElement\":[{\"@type\":\"ListItem\",\"position\":1,\"name\":\"Strona g\u0142\u00f3wna\",\"item\":\"https:\/\/artsilpol.pl\/n\/\"},{\"@type\":\"ListItem\",\"position\":2,\"name\":\"Sklep\",\"item\":\"https:\/\/artsilpol.pl\/n\/sklep\/\"},{\"@type\":\"ListItem\",\"position\":3,\"name\":\"Starter do trudnych miejsc ,, Starter do wa\u0142ka stara ceg\u0142a x 6 ,,\"}]},{\"@type\":\"WebSite\",\"@id\":\"https:\/\/artsilpol.pl\/n\/#website\",\"url\":\"https:\/\/artsilpol.pl\/n\/\",\"name\":\"Art Silpol\",\"description\":\"formy silikonowe i poliuretanowe\",\"publisher\":{\"@id\":\"https:\/\/artsilpol.pl\/n\/#organization\"},\"potentialAction\":[{\"@type\":\"SearchAction\",\"target\":{\"@type\":\"EntryPoint\",\"urlTemplate\":\"https:\/\/artsilpol.pl\/n\/?s={search_term_string}\"},\"query-input\":{\"@type\":\"PropertyValueSpecification\",\"valueRequired\":true,\"valueName\":\"search_term_string\"}}],\"inLanguage\":\"pl-PL\"},{\"@type\":\"Organization\",\"@id\":\"https:\/\/artsilpol.pl\/n\/#organization\",\"name\":\"art silpol - formy silikonowe i poliuretanowe\",\"url\":\"https:\/\/artsilpol.pl\/n\/\",\"logo\":{\"@type\":\"ImageObject\",\"inLanguage\":\"pl-PL\",\"@id\":\"https:\/\/artsilpol.pl\/n\/#\/schema\/logo\/image\/\",\"url\":\"https:\/\/artsilpol.pl\/n\/wp-content\/uploads\/2019\/05\/logo_mobile.png\",\"contentUrl\":\"https:\/\/artsilpol.pl\/n\/wp-content\/uploads\/2019\/05\/logo_mobile.png\",\"width\":115,\"height\":70,\"caption\":\"art silpol - formy silikonowe i poliuretanowe\"},\"image\":{\"@id\":\"https:\/\/artsilpol.pl\/n\/#\/schema\/logo\/image\/\"},\"sameAs\":[\"https:\/\/www.facebook.com\/Formy-Silikonowe-Poliuretanowe-555775041119482\/?ref=br_rs\",\"https:\/\/www.youtube.com\/user\/bodziomodel\"]}]}<\/script>\n<!-- \/ Yoast SEO plugin. -->","yoast_head_json":{"title":"Starter do trudnych miejsc ,, Starter do wa\u0142ka stara ceg\u0142a x 6 ,, - Art Silpol","robots":{"index":"index","follow":"follow","max-snippet":"max-snippet:-1","max-image-preview":"max-image-preview:large","max-video-preview":"max-video-preview:-1"},"canonical":"https:\/\/artsilpol.pl\/n\/produkt-pl\/starter-do-trudnych-miejsc-starter-walek-cegla-x6\/","og_locale":"pl_PL","og_type":"article","og_title":"Starter do trudnych miejsc ,, Starter do wa\u0142ka stara ceg\u0142a x 6 ,, - Art Silpol","og_description":"Starter ze sztywnego poliuretanu z zatopionymi ,, \u0142apkami,, do \u0142atwego obijania w naro\u017cnikach \u015bcian . Starter pasuje do wa\u0142ka ,,&hellip;","og_url":"https:\/\/artsilpol.pl\/n\/produkt-pl\/starter-do-trudnych-miejsc-starter-walek-cegla-x6\/","og_site_name":"Art Silpol","article_publisher":"https:\/\/www.facebook.com\/Formy-Silikonowe-Poliuretanowe-555775041119482\/?ref=br_rs","article_modified_time":"2020-04-25T10:36:03+00:00","og_image":[{"url":"https:\/\/artsilpol.pl\/n\/wp-content\/uploads\/2020\/04\/F09EA053-1FF6-444F-AC05-458303064C90-scaled.jpeg","width":2560,"height":1920,"type":"image\/jpeg"}],"twitter_card":"summary_large_image","schema":{"@context":"https:\/\/schema.org","@graph":[{"@type":"WebPage","@id":"https:\/\/artsilpol.pl\/n\/produkt-pl\/starter-do-trudnych-miejsc-starter-walek-cegla-x6\/","url":"https:\/\/artsilpol.pl\/n\/produkt-pl\/starter-do-trudnych-miejsc-starter-walek-cegla-x6\/","name":"Starter do trudnych miejsc ,, Starter do wa\u0142ka stara ceg\u0142a x 6 ,, - Art Silpol","isPartOf":{"@id":"https:\/\/artsilpol.pl\/n\/#website"},"primaryImageOfPage":{"@id":"https:\/\/artsilpol.pl\/n\/produkt-pl\/starter-do-trudnych-miejsc-starter-walek-cegla-x6\/#primaryimage"},"image":{"@id":"https:\/\/artsilpol.pl\/n\/produkt-pl\/starter-do-trudnych-miejsc-starter-walek-cegla-x6\/#primaryimage"},"thumbnailUrl":"https:\/\/artsilpol.pl\/n\/wp-content\/uploads\/2020\/04\/F09EA053-1FF6-444F-AC05-458303064C90-scaled.jpeg","datePublished":"2020-04-25T10:30:46+00:00","dateModified":"2020-04-25T10:36:03+00:00","breadcrumb":{"@id":"https:\/\/artsilpol.pl\/n\/produkt-pl\/starter-do-trudnych-miejsc-starter-walek-cegla-x6\/#breadcrumb"},"inLanguage":"pl-PL","potentialAction":[{"@type":"ReadAction","target":["https:\/\/artsilpol.pl\/n\/produkt-pl\/starter-do-trudnych-miejsc-starter-walek-cegla-x6\/"]}]},{"@type":"ImageObject","inLanguage":"pl-PL","@id":"https:\/\/artsilpol.pl\/n\/produkt-pl\/starter-do-trudnych-miejsc-starter-walek-cegla-x6\/#primaryimage","url":"https:\/\/artsilpol.pl\/n\/wp-content\/uploads\/2020\/04\/F09EA053-1FF6-444F-AC05-458303064C90-scaled.jpeg","contentUrl":"https:\/\/artsilpol.pl\/n\/wp-content\/uploads\/2020\/04\/F09EA053-1FF6-444F-AC05-458303064C90-scaled.jpeg","width":2560,"height":1920},{"@type":"BreadcrumbList","@id":"https:\/\/artsilpol.pl\/n\/produkt-pl\/starter-do-trudnych-miejsc-starter-walek-cegla-x6\/#breadcrumb","itemListElement":[{"@type":"ListItem","position":1,"name":"Strona g\u0142\u00f3wna","item":"https:\/\/artsilpol.pl\/n\/"},{"@type":"ListItem","position":2,"name":"Sklep","item":"https:\/\/artsilpol.pl\/n\/sklep\/"},{"@type":"ListItem","position":3,"name":"Starter do trudnych miejsc ,, Starter do wa\u0142ka stara ceg\u0142a x 6 ,,"}]},{"@type":"WebSite","@id":"https:\/\/artsilpol.pl\/n\/#website","url":"https:\/\/artsilpol.pl\/n\/","name":"Art Silpol","description":"formy silikonowe i poliuretanowe","publisher":{"@id":"https:\/\/artsilpol.pl\/n\/#organization"},"potentialAction":[{"@type":"SearchAction","target":{"@type":"EntryPoint","urlTemplate":"https:\/\/artsilpol.pl\/n\/?s={search_term_string}"},"query-input":{"@type":"PropertyValueSpecification","valueRequired":true,"valueName":"search_term_string"}}],"inLanguage":"pl-PL"},{"@type":"Organization","@id":"https:\/\/artsilpol.pl\/n\/#organization","name":"art silpol - formy silikonowe i poliuretanowe","url":"https:\/\/artsilpol.pl\/n\/","logo":{"@type":"ImageObject","inLanguage":"pl-PL","@id":"https:\/\/artsilpol.pl\/n\/#\/schema\/logo\/image\/","url":"https:\/\/artsilpol.pl\/n\/wp-content\/uploads\/2019\/05\/logo_mobile.png","contentUrl":"https:\/\/artsilpol.pl\/n\/wp-content\/uploads\/2019\/05\/logo_mobile.png","width":115,"height":70,"caption":"art silpol - formy silikonowe i poliuretanowe"},"image":{"@id":"https:\/\/artsilpol.pl\/n\/#\/schema\/logo\/image\/"},"sameAs":["https:\/\/www.facebook.com\/Formy-Silikonowe-Poliuretanowe-555775041119482\/?ref=br_rs","https:\/\/www.youtube.com\/user\/bodziomodel"]}]}},"jetpack_sharing_enabled":true,"_links":{"self":[{"href":"https:\/\/artsilpol.pl\/n\/wp-json\/wp\/v2\/product\/14191","targetHints":{"allow":["GET"]}}],"collection":[{"href":"https:\/\/artsilpol.pl\/n\/wp-json\/wp\/v2\/product"}],"about":[{"href":"https:\/\/artsilpol.pl\/n\/wp-json\/wp\/v2\/types\/product"}],"replies":[{"embeddable":true,"href":"https:\/\/artsilpol.pl\/n\/wp-json\/wp\/v2\/comments?post=14191"}],"wp:featuredmedia":[{"embeddable":true,"href":"https:\/\/artsilpol.pl\/n\/wp-json\/wp\/v2\/media\/14192"}],"wp:attachment":[{"href":"https:\/\/artsilpol.pl\/n\/wp-json\/wp\/v2\/media?parent=14191"}],"wp:term":[{"taxonomy":"product_brand","embeddable":true,"href":"https:\/\/artsilpol.pl\/n\/wp-json\/wp\/v2\/product_brand?post=14191"},{"taxonomy":"product_cat","embeddable":true,"href":"https:\/\/artsilpol.pl\/n\/wp-json\/wp\/v2\/product_cat?post=14191"},{"taxonomy":"product_tag","embeddable":true,"href":"https:\/\/artsilpol.pl\/n\/wp-json\/wp\/v2\/product_tag?post=14191"}],"curies":[{"name":"wp","href":"https:\/\/api.w.org\/{rel}","templated":true}]}}