{"id":13997,"date":"2020-04-06T11:57:21","date_gmt":"2020-04-06T09:57:21","guid":{"rendered":"https:\/\/artsilpol.pl\/n\/?post_type=product&#038;p=13997"},"modified":"2020-04-07T09:40:18","modified_gmt":"2020-04-07T07:40:18","slug":"forma-na-panel-male-morze-45-cm-x-89-cm-promocja","status":"publish","type":"product","link":"https:\/\/artsilpol.pl\/n\/produkt-pl\/forma-na-panel-male-morze-45-cm-x-89-cm-promocja\/","title":{"rendered":"Forma na panel ,, MA\u0141E MORZE ,,   45 cm x 89 cm   PROMOCJA !!!"},"content":{"rendered":"<p>Prezentujemy form\u0119 na panel ,,MA\u0141E MORZE ,, w super promocyjnej cenie !!! 550 z\u0142 do ko\u0144ca maja .<\/p>\n<p>Panel o wymiarze 45 cm x 89 cm , najcie\u0144sze miejsce 0,9 cm  \/ najgrubsze  1,6 cm  produkcja i wysy\u0142ka do 5-8 dni od wp\u0142aty na konto .<\/p>\n","protected":false},"excerpt":{"rendered":"<p>Prezentujemy form\u0119 na panel ,,MA\u0141E MORZE ,, w super promocyjnej cenie !!! 550 z\u0142 do ko\u0144ca maja . Panel o&hellip;<\/p>\n","protected":false},"featured_media":13998,"comment_status":"open","ping_status":"closed","template":"","meta":[],"product_brand":[],"product_cat":[78],"product_tag":[],"class_list":{"0":"post-13997","1":"product","2":"type-product","3":"status-publish","4":"has-post-thumbnail","6":"product_cat-formy-na-panele-3d","7":"product_shipping_class-male","9":"first","10":"instock","11":"taxable","12":"shipping-taxable","13":"purchasable","14":"product-type-simple","15":"thumb-has-effect","16":"prod-rating-on"},"yoast_head":"<!-- This site is optimized with the Yoast SEO plugin v27.0 - https:\/\/yoast.com\/product\/yoast-seo-wordpress\/ -->\n<title>Forma na panel ,, MA\u0141E MORZE ,,  45 cm x 89 cm  PROMOCJA !!! - Art Silpol<\/title>\n<meta name=\"robots\" content=\"index, follow, max-snippet:-1, max-image-preview:large, max-video-preview:-1\" \/>\n<link rel=\"canonical\" href=\"https:\/\/artsilpol.pl\/n\/produkt-pl\/forma-na-panel-male-morze-45-cm-x-89-cm-promocja\/\" \/>\n<meta property=\"og:locale\" content=\"pl_PL\" \/>\n<meta property=\"og:type\" content=\"article\" \/>\n<meta property=\"og:title\" content=\"Forma na panel ,, MA\u0141E MORZE ,,  45 cm x 89 cm  PROMOCJA !!! - Art Silpol\" \/>\n<meta property=\"og:description\" content=\"Prezentujemy form\u0119 na panel ,,MA\u0141E MORZE ,, w super promocyjnej cenie !!! 550 z\u0142 do ko\u0144ca maja . Panel o&hellip;\" \/>\n<meta property=\"og:url\" content=\"https:\/\/artsilpol.pl\/n\/produkt-pl\/forma-na-panel-male-morze-45-cm-x-89-cm-promocja\/\" \/>\n<meta property=\"og:site_name\" content=\"Art Silpol\" \/>\n<meta property=\"article:publisher\" content=\"https:\/\/www.facebook.com\/Formy-Silikonowe-Poliuretanowe-555775041119482\/?ref=br_rs\" \/>\n<meta property=\"article:modified_time\" content=\"2020-04-07T07:40:18+00:00\" \/>\n<meta property=\"og:image\" content=\"https:\/\/artsilpol.pl\/n\/wp-content\/uploads\/2020\/04\/92169041_3164798253550468_937286826060677120_o.jpg\" \/>\n\t<meta property=\"og:image:width\" content=\"1728\" \/>\n\t<meta property=\"og:image:height\" content=\"1296\" \/>\n\t<meta property=\"og:image:type\" content=\"image\/jpeg\" \/>\n<meta name=\"twitter:card\" content=\"summary_large_image\" \/>\n<script type=\"application\/ld+json\" class=\"yoast-schema-graph\">{\"@context\":\"https:\/\/schema.org\",\"@graph\":[{\"@type\":\"WebPage\",\"@id\":\"https:\/\/artsilpol.pl\/n\/produkt-pl\/forma-na-panel-male-morze-45-cm-x-89-cm-promocja\/\",\"url\":\"https:\/\/artsilpol.pl\/n\/produkt-pl\/forma-na-panel-male-morze-45-cm-x-89-cm-promocja\/\",\"name\":\"Forma na panel ,, MA\u0141E MORZE ,, 45 cm x 89 cm PROMOCJA !!! - Art Silpol\",\"isPartOf\":{\"@id\":\"https:\/\/artsilpol.pl\/n\/#website\"},\"primaryImageOfPage\":{\"@id\":\"https:\/\/artsilpol.pl\/n\/produkt-pl\/forma-na-panel-male-morze-45-cm-x-89-cm-promocja\/#primaryimage\"},\"image\":{\"@id\":\"https:\/\/artsilpol.pl\/n\/produkt-pl\/forma-na-panel-male-morze-45-cm-x-89-cm-promocja\/#primaryimage\"},\"thumbnailUrl\":\"https:\/\/artsilpol.pl\/n\/wp-content\/uploads\/2020\/04\/92169041_3164798253550468_937286826060677120_o.jpg\",\"datePublished\":\"2020-04-06T09:57:21+00:00\",\"dateModified\":\"2020-04-07T07:40:18+00:00\",\"breadcrumb\":{\"@id\":\"https:\/\/artsilpol.pl\/n\/produkt-pl\/forma-na-panel-male-morze-45-cm-x-89-cm-promocja\/#breadcrumb\"},\"inLanguage\":\"pl-PL\",\"potentialAction\":[{\"@type\":\"ReadAction\",\"target\":[\"https:\/\/artsilpol.pl\/n\/produkt-pl\/forma-na-panel-male-morze-45-cm-x-89-cm-promocja\/\"]}]},{\"@type\":\"ImageObject\",\"inLanguage\":\"pl-PL\",\"@id\":\"https:\/\/artsilpol.pl\/n\/produkt-pl\/forma-na-panel-male-morze-45-cm-x-89-cm-promocja\/#primaryimage\",\"url\":\"https:\/\/artsilpol.pl\/n\/wp-content\/uploads\/2020\/04\/92169041_3164798253550468_937286826060677120_o.jpg\",\"contentUrl\":\"https:\/\/artsilpol.pl\/n\/wp-content\/uploads\/2020\/04\/92169041_3164798253550468_937286826060677120_o.jpg\",\"width\":1728,\"height\":1296},{\"@type\":\"BreadcrumbList\",\"@id\":\"https:\/\/artsilpol.pl\/n\/produkt-pl\/forma-na-panel-male-morze-45-cm-x-89-cm-promocja\/#breadcrumb\",\"itemListElement\":[{\"@type\":\"ListItem\",\"position\":1,\"name\":\"Strona g\u0142\u00f3wna\",\"item\":\"https:\/\/artsilpol.pl\/n\/\"},{\"@type\":\"ListItem\",\"position\":2,\"name\":\"Sklep\",\"item\":\"https:\/\/artsilpol.pl\/n\/sklep\/\"},{\"@type\":\"ListItem\",\"position\":3,\"name\":\"Forma na panel ,, MA\u0141E MORZE ,, 45 cm x 89 cm PROMOCJA !!!\"}]},{\"@type\":\"WebSite\",\"@id\":\"https:\/\/artsilpol.pl\/n\/#website\",\"url\":\"https:\/\/artsilpol.pl\/n\/\",\"name\":\"Art Silpol\",\"description\":\"formy silikonowe i poliuretanowe\",\"publisher\":{\"@id\":\"https:\/\/artsilpol.pl\/n\/#organization\"},\"potentialAction\":[{\"@type\":\"SearchAction\",\"target\":{\"@type\":\"EntryPoint\",\"urlTemplate\":\"https:\/\/artsilpol.pl\/n\/?s={search_term_string}\"},\"query-input\":{\"@type\":\"PropertyValueSpecification\",\"valueRequired\":true,\"valueName\":\"search_term_string\"}}],\"inLanguage\":\"pl-PL\"},{\"@type\":\"Organization\",\"@id\":\"https:\/\/artsilpol.pl\/n\/#organization\",\"name\":\"art silpol - formy silikonowe i poliuretanowe\",\"url\":\"https:\/\/artsilpol.pl\/n\/\",\"logo\":{\"@type\":\"ImageObject\",\"inLanguage\":\"pl-PL\",\"@id\":\"https:\/\/artsilpol.pl\/n\/#\/schema\/logo\/image\/\",\"url\":\"https:\/\/artsilpol.pl\/n\/wp-content\/uploads\/2019\/05\/logo_mobile.png\",\"contentUrl\":\"https:\/\/artsilpol.pl\/n\/wp-content\/uploads\/2019\/05\/logo_mobile.png\",\"width\":115,\"height\":70,\"caption\":\"art silpol - formy silikonowe i poliuretanowe\"},\"image\":{\"@id\":\"https:\/\/artsilpol.pl\/n\/#\/schema\/logo\/image\/\"},\"sameAs\":[\"https:\/\/www.facebook.com\/Formy-Silikonowe-Poliuretanowe-555775041119482\/?ref=br_rs\",\"https:\/\/www.youtube.com\/user\/bodziomodel\"]}]}<\/script>\n<!-- \/ Yoast SEO plugin. -->","yoast_head_json":{"title":"Forma na panel ,, MA\u0141E MORZE ,,  45 cm x 89 cm  PROMOCJA !!! - Art Silpol","robots":{"index":"index","follow":"follow","max-snippet":"max-snippet:-1","max-image-preview":"max-image-preview:large","max-video-preview":"max-video-preview:-1"},"canonical":"https:\/\/artsilpol.pl\/n\/produkt-pl\/forma-na-panel-male-morze-45-cm-x-89-cm-promocja\/","og_locale":"pl_PL","og_type":"article","og_title":"Forma na panel ,, MA\u0141E MORZE ,,  45 cm x 89 cm  PROMOCJA !!! - Art Silpol","og_description":"Prezentujemy form\u0119 na panel ,,MA\u0141E MORZE ,, w super promocyjnej cenie !!! 550 z\u0142 do ko\u0144ca maja . Panel o&hellip;","og_url":"https:\/\/artsilpol.pl\/n\/produkt-pl\/forma-na-panel-male-morze-45-cm-x-89-cm-promocja\/","og_site_name":"Art Silpol","article_publisher":"https:\/\/www.facebook.com\/Formy-Silikonowe-Poliuretanowe-555775041119482\/?ref=br_rs","article_modified_time":"2020-04-07T07:40:18+00:00","og_image":[{"width":1728,"height":1296,"url":"https:\/\/artsilpol.pl\/n\/wp-content\/uploads\/2020\/04\/92169041_3164798253550468_937286826060677120_o.jpg","type":"image\/jpeg"}],"twitter_card":"summary_large_image","schema":{"@context":"https:\/\/schema.org","@graph":[{"@type":"WebPage","@id":"https:\/\/artsilpol.pl\/n\/produkt-pl\/forma-na-panel-male-morze-45-cm-x-89-cm-promocja\/","url":"https:\/\/artsilpol.pl\/n\/produkt-pl\/forma-na-panel-male-morze-45-cm-x-89-cm-promocja\/","name":"Forma na panel ,, MA\u0141E MORZE ,, 45 cm x 89 cm PROMOCJA !!! - Art Silpol","isPartOf":{"@id":"https:\/\/artsilpol.pl\/n\/#website"},"primaryImageOfPage":{"@id":"https:\/\/artsilpol.pl\/n\/produkt-pl\/forma-na-panel-male-morze-45-cm-x-89-cm-promocja\/#primaryimage"},"image":{"@id":"https:\/\/artsilpol.pl\/n\/produkt-pl\/forma-na-panel-male-morze-45-cm-x-89-cm-promocja\/#primaryimage"},"thumbnailUrl":"https:\/\/artsilpol.pl\/n\/wp-content\/uploads\/2020\/04\/92169041_3164798253550468_937286826060677120_o.jpg","datePublished":"2020-04-06T09:57:21+00:00","dateModified":"2020-04-07T07:40:18+00:00","breadcrumb":{"@id":"https:\/\/artsilpol.pl\/n\/produkt-pl\/forma-na-panel-male-morze-45-cm-x-89-cm-promocja\/#breadcrumb"},"inLanguage":"pl-PL","potentialAction":[{"@type":"ReadAction","target":["https:\/\/artsilpol.pl\/n\/produkt-pl\/forma-na-panel-male-morze-45-cm-x-89-cm-promocja\/"]}]},{"@type":"ImageObject","inLanguage":"pl-PL","@id":"https:\/\/artsilpol.pl\/n\/produkt-pl\/forma-na-panel-male-morze-45-cm-x-89-cm-promocja\/#primaryimage","url":"https:\/\/artsilpol.pl\/n\/wp-content\/uploads\/2020\/04\/92169041_3164798253550468_937286826060677120_o.jpg","contentUrl":"https:\/\/artsilpol.pl\/n\/wp-content\/uploads\/2020\/04\/92169041_3164798253550468_937286826060677120_o.jpg","width":1728,"height":1296},{"@type":"BreadcrumbList","@id":"https:\/\/artsilpol.pl\/n\/produkt-pl\/forma-na-panel-male-morze-45-cm-x-89-cm-promocja\/#breadcrumb","itemListElement":[{"@type":"ListItem","position":1,"name":"Strona g\u0142\u00f3wna","item":"https:\/\/artsilpol.pl\/n\/"},{"@type":"ListItem","position":2,"name":"Sklep","item":"https:\/\/artsilpol.pl\/n\/sklep\/"},{"@type":"ListItem","position":3,"name":"Forma na panel ,, MA\u0141E MORZE ,, 45 cm x 89 cm PROMOCJA !!!"}]},{"@type":"WebSite","@id":"https:\/\/artsilpol.pl\/n\/#website","url":"https:\/\/artsilpol.pl\/n\/","name":"Art Silpol","description":"formy silikonowe i poliuretanowe","publisher":{"@id":"https:\/\/artsilpol.pl\/n\/#organization"},"potentialAction":[{"@type":"SearchAction","target":{"@type":"EntryPoint","urlTemplate":"https:\/\/artsilpol.pl\/n\/?s={search_term_string}"},"query-input":{"@type":"PropertyValueSpecification","valueRequired":true,"valueName":"search_term_string"}}],"inLanguage":"pl-PL"},{"@type":"Organization","@id":"https:\/\/artsilpol.pl\/n\/#organization","name":"art silpol - formy silikonowe i poliuretanowe","url":"https:\/\/artsilpol.pl\/n\/","logo":{"@type":"ImageObject","inLanguage":"pl-PL","@id":"https:\/\/artsilpol.pl\/n\/#\/schema\/logo\/image\/","url":"https:\/\/artsilpol.pl\/n\/wp-content\/uploads\/2019\/05\/logo_mobile.png","contentUrl":"https:\/\/artsilpol.pl\/n\/wp-content\/uploads\/2019\/05\/logo_mobile.png","width":115,"height":70,"caption":"art silpol - formy silikonowe i poliuretanowe"},"image":{"@id":"https:\/\/artsilpol.pl\/n\/#\/schema\/logo\/image\/"},"sameAs":["https:\/\/www.facebook.com\/Formy-Silikonowe-Poliuretanowe-555775041119482\/?ref=br_rs","https:\/\/www.youtube.com\/user\/bodziomodel"]}]}},"jetpack_sharing_enabled":true,"_links":{"self":[{"href":"https:\/\/artsilpol.pl\/n\/wp-json\/wp\/v2\/product\/13997","targetHints":{"allow":["GET"]}}],"collection":[{"href":"https:\/\/artsilpol.pl\/n\/wp-json\/wp\/v2\/product"}],"about":[{"href":"https:\/\/artsilpol.pl\/n\/wp-json\/wp\/v2\/types\/product"}],"replies":[{"embeddable":true,"href":"https:\/\/artsilpol.pl\/n\/wp-json\/wp\/v2\/comments?post=13997"}],"wp:featuredmedia":[{"embeddable":true,"href":"https:\/\/artsilpol.pl\/n\/wp-json\/wp\/v2\/media\/13998"}],"wp:attachment":[{"href":"https:\/\/artsilpol.pl\/n\/wp-json\/wp\/v2\/media?parent=13997"}],"wp:term":[{"taxonomy":"product_brand","embeddable":true,"href":"https:\/\/artsilpol.pl\/n\/wp-json\/wp\/v2\/product_brand?post=13997"},{"taxonomy":"product_cat","embeddable":true,"href":"https:\/\/artsilpol.pl\/n\/wp-json\/wp\/v2\/product_cat?post=13997"},{"taxonomy":"product_tag","embeddable":true,"href":"https:\/\/artsilpol.pl\/n\/wp-json\/wp\/v2\/product_tag?post=13997"}],"curies":[{"name":"wp","href":"https:\/\/api.w.org\/{rel}","templated":true}]}}