{"id":10529,"date":"2019-11-20T11:05:53","date_gmt":"2019-11-20T10:05:53","guid":{"rendered":"https:\/\/artsilpol.pl\/n\/?post_type=product&#038;p=10529"},"modified":"2024-09-18T10:38:15","modified_gmt":"2024-09-18T08:38:15","slug":"matryca-przekroj-belki","status":"publish","type":"product","link":"https:\/\/artsilpol.pl\/n\/produkt-pl\/matryca-przekroj-belki\/","title":{"rendered":"Matryca ,, Przekr\u00f3j  belki ,,"},"content":{"rendered":"<p>Prezentujemy matryce do wyciskania przekroju belki jako uzupe\u0142nienie naszych ta\u015bm elewacyjnych oraz matryc do posadzek  i wa\u0142k\u00f3w z faktura desek . 19 cm x 19 cm <\/p>\n","protected":false},"excerpt":{"rendered":"<p>Prezentujemy matryce do wyciskania przekroju belki jako uzupe\u0142nienie naszych ta\u015bm elewacyjnych oraz matryc do posadzek i wa\u0142k\u00f3w z faktur\u0105 desek&hellip;<\/p>\n","protected":false},"featured_media":10532,"comment_status":"open","ping_status":"closed","template":"","meta":[],"product_brand":[],"product_cat":[76,69,70],"product_tag":[],"class_list":{"0":"post-10529","1":"product","2":"type-product","3":"status-publish","4":"has-post-thumbnail","6":"product_cat-formy-na-beton-stemplowany","7":"product_cat-tasmy-do-wyciskania-na-elewacjach-i-scianach","8":"product_cat-walki-z-faktura-do-wyciskania-na-scianach","9":"product_shipping_class-male","11":"first","12":"instock","13":"taxable","14":"shipping-taxable","15":"purchasable","16":"product-type-simple","17":"thumb-has-effect","18":"prod-rating-on"},"yoast_head":"<!-- This site is optimized with the Yoast SEO plugin v27.0 - https:\/\/yoast.com\/product\/yoast-seo-wordpress\/ -->\n<title>Matryca ,, Przekr\u00f3j belki ,, - Art Silpol<\/title>\n<meta name=\"robots\" content=\"index, follow, max-snippet:-1, max-image-preview:large, max-video-preview:-1\" \/>\n<link rel=\"canonical\" href=\"https:\/\/artsilpol.pl\/n\/produkt-pl\/matryca-przekroj-belki\/\" \/>\n<meta property=\"og:locale\" content=\"pl_PL\" \/>\n<meta property=\"og:type\" content=\"article\" \/>\n<meta property=\"og:title\" content=\"Matryca ,, Przekr\u00f3j belki ,, - Art Silpol\" \/>\n<meta property=\"og:description\" content=\"Prezentujemy matryce do wyciskania przekroju belki jako uzupe\u0142nienie naszych ta\u015bm elewacyjnych oraz matryc do posadzek i wa\u0142k\u00f3w z faktur\u0105 desek&hellip;\" \/>\n<meta property=\"og:url\" content=\"https:\/\/artsilpol.pl\/n\/produkt-pl\/matryca-przekroj-belki\/\" \/>\n<meta property=\"og:site_name\" content=\"Art Silpol\" \/>\n<meta property=\"article:publisher\" content=\"https:\/\/www.facebook.com\/Formy-Silikonowe-Poliuretanowe-555775041119482\/?ref=br_rs\" \/>\n<meta property=\"article:modified_time\" content=\"2024-09-18T08:38:15+00:00\" \/>\n<meta property=\"og:image\" content=\"https:\/\/artsilpol.pl\/n\/wp-content\/uploads\/2019\/11\/76250678_2830403296989967_3963792924835053568_o.jpg\" \/>\n\t<meta property=\"og:image:width\" content=\"2040\" \/>\n\t<meta property=\"og:image:height\" content=\"1530\" \/>\n\t<meta property=\"og:image:type\" content=\"image\/jpeg\" \/>\n<meta name=\"twitter:card\" content=\"summary_large_image\" \/>\n<meta name=\"twitter:label1\" content=\"Szacowany czas czytania\" \/>\n\t<meta name=\"twitter:data1\" content=\"1 minuta\" \/>\n<script type=\"application\/ld+json\" class=\"yoast-schema-graph\">{\"@context\":\"https:\/\/schema.org\",\"@graph\":[{\"@type\":\"WebPage\",\"@id\":\"https:\/\/artsilpol.pl\/n\/produkt-pl\/matryca-przekroj-belki\/\",\"url\":\"https:\/\/artsilpol.pl\/n\/produkt-pl\/matryca-przekroj-belki\/\",\"name\":\"Matryca ,, Przekr\u00f3j belki ,, - Art Silpol\",\"isPartOf\":{\"@id\":\"https:\/\/artsilpol.pl\/n\/#website\"},\"primaryImageOfPage\":{\"@id\":\"https:\/\/artsilpol.pl\/n\/produkt-pl\/matryca-przekroj-belki\/#primaryimage\"},\"image\":{\"@id\":\"https:\/\/artsilpol.pl\/n\/produkt-pl\/matryca-przekroj-belki\/#primaryimage\"},\"thumbnailUrl\":\"https:\/\/artsilpol.pl\/n\/wp-content\/uploads\/2019\/11\/76250678_2830403296989967_3963792924835053568_o.jpg\",\"datePublished\":\"2019-11-20T10:05:53+00:00\",\"dateModified\":\"2024-09-18T08:38:15+00:00\",\"breadcrumb\":{\"@id\":\"https:\/\/artsilpol.pl\/n\/produkt-pl\/matryca-przekroj-belki\/#breadcrumb\"},\"inLanguage\":\"pl-PL\",\"potentialAction\":[{\"@type\":\"ReadAction\",\"target\":[\"https:\/\/artsilpol.pl\/n\/produkt-pl\/matryca-przekroj-belki\/\"]}]},{\"@type\":\"ImageObject\",\"inLanguage\":\"pl-PL\",\"@id\":\"https:\/\/artsilpol.pl\/n\/produkt-pl\/matryca-przekroj-belki\/#primaryimage\",\"url\":\"https:\/\/artsilpol.pl\/n\/wp-content\/uploads\/2019\/11\/76250678_2830403296989967_3963792924835053568_o.jpg\",\"contentUrl\":\"https:\/\/artsilpol.pl\/n\/wp-content\/uploads\/2019\/11\/76250678_2830403296989967_3963792924835053568_o.jpg\",\"width\":2040,\"height\":1530},{\"@type\":\"BreadcrumbList\",\"@id\":\"https:\/\/artsilpol.pl\/n\/produkt-pl\/matryca-przekroj-belki\/#breadcrumb\",\"itemListElement\":[{\"@type\":\"ListItem\",\"position\":1,\"name\":\"Strona g\u0142\u00f3wna\",\"item\":\"https:\/\/artsilpol.pl\/n\/\"},{\"@type\":\"ListItem\",\"position\":2,\"name\":\"Sklep\",\"item\":\"https:\/\/artsilpol.pl\/n\/sklep\/\"},{\"@type\":\"ListItem\",\"position\":3,\"name\":\"Matryca ,, Przekr\u00f3j belki ,,\"}]},{\"@type\":\"WebSite\",\"@id\":\"https:\/\/artsilpol.pl\/n\/#website\",\"url\":\"https:\/\/artsilpol.pl\/n\/\",\"name\":\"Art Silpol\",\"description\":\"formy silikonowe i poliuretanowe\",\"publisher\":{\"@id\":\"https:\/\/artsilpol.pl\/n\/#organization\"},\"potentialAction\":[{\"@type\":\"SearchAction\",\"target\":{\"@type\":\"EntryPoint\",\"urlTemplate\":\"https:\/\/artsilpol.pl\/n\/?s={search_term_string}\"},\"query-input\":{\"@type\":\"PropertyValueSpecification\",\"valueRequired\":true,\"valueName\":\"search_term_string\"}}],\"inLanguage\":\"pl-PL\"},{\"@type\":\"Organization\",\"@id\":\"https:\/\/artsilpol.pl\/n\/#organization\",\"name\":\"art silpol - formy silikonowe i poliuretanowe\",\"url\":\"https:\/\/artsilpol.pl\/n\/\",\"logo\":{\"@type\":\"ImageObject\",\"inLanguage\":\"pl-PL\",\"@id\":\"https:\/\/artsilpol.pl\/n\/#\/schema\/logo\/image\/\",\"url\":\"https:\/\/artsilpol.pl\/n\/wp-content\/uploads\/2019\/05\/logo_mobile.png\",\"contentUrl\":\"https:\/\/artsilpol.pl\/n\/wp-content\/uploads\/2019\/05\/logo_mobile.png\",\"width\":115,\"height\":70,\"caption\":\"art silpol - formy silikonowe i poliuretanowe\"},\"image\":{\"@id\":\"https:\/\/artsilpol.pl\/n\/#\/schema\/logo\/image\/\"},\"sameAs\":[\"https:\/\/www.facebook.com\/Formy-Silikonowe-Poliuretanowe-555775041119482\/?ref=br_rs\",\"https:\/\/www.youtube.com\/user\/bodziomodel\"]}]}<\/script>\n<!-- \/ Yoast SEO plugin. -->","yoast_head_json":{"title":"Matryca ,, Przekr\u00f3j belki ,, - Art Silpol","robots":{"index":"index","follow":"follow","max-snippet":"max-snippet:-1","max-image-preview":"max-image-preview:large","max-video-preview":"max-video-preview:-1"},"canonical":"https:\/\/artsilpol.pl\/n\/produkt-pl\/matryca-przekroj-belki\/","og_locale":"pl_PL","og_type":"article","og_title":"Matryca ,, Przekr\u00f3j belki ,, - Art Silpol","og_description":"Prezentujemy matryce do wyciskania przekroju belki jako uzupe\u0142nienie naszych ta\u015bm elewacyjnych oraz matryc do posadzek i wa\u0142k\u00f3w z faktur\u0105 desek&hellip;","og_url":"https:\/\/artsilpol.pl\/n\/produkt-pl\/matryca-przekroj-belki\/","og_site_name":"Art Silpol","article_publisher":"https:\/\/www.facebook.com\/Formy-Silikonowe-Poliuretanowe-555775041119482\/?ref=br_rs","article_modified_time":"2024-09-18T08:38:15+00:00","og_image":[{"width":2040,"height":1530,"url":"https:\/\/artsilpol.pl\/n\/wp-content\/uploads\/2019\/11\/76250678_2830403296989967_3963792924835053568_o.jpg","type":"image\/jpeg"}],"twitter_card":"summary_large_image","twitter_misc":{"Szacowany czas czytania":"1 minuta"},"schema":{"@context":"https:\/\/schema.org","@graph":[{"@type":"WebPage","@id":"https:\/\/artsilpol.pl\/n\/produkt-pl\/matryca-przekroj-belki\/","url":"https:\/\/artsilpol.pl\/n\/produkt-pl\/matryca-przekroj-belki\/","name":"Matryca ,, Przekr\u00f3j belki ,, - Art Silpol","isPartOf":{"@id":"https:\/\/artsilpol.pl\/n\/#website"},"primaryImageOfPage":{"@id":"https:\/\/artsilpol.pl\/n\/produkt-pl\/matryca-przekroj-belki\/#primaryimage"},"image":{"@id":"https:\/\/artsilpol.pl\/n\/produkt-pl\/matryca-przekroj-belki\/#primaryimage"},"thumbnailUrl":"https:\/\/artsilpol.pl\/n\/wp-content\/uploads\/2019\/11\/76250678_2830403296989967_3963792924835053568_o.jpg","datePublished":"2019-11-20T10:05:53+00:00","dateModified":"2024-09-18T08:38:15+00:00","breadcrumb":{"@id":"https:\/\/artsilpol.pl\/n\/produkt-pl\/matryca-przekroj-belki\/#breadcrumb"},"inLanguage":"pl-PL","potentialAction":[{"@type":"ReadAction","target":["https:\/\/artsilpol.pl\/n\/produkt-pl\/matryca-przekroj-belki\/"]}]},{"@type":"ImageObject","inLanguage":"pl-PL","@id":"https:\/\/artsilpol.pl\/n\/produkt-pl\/matryca-przekroj-belki\/#primaryimage","url":"https:\/\/artsilpol.pl\/n\/wp-content\/uploads\/2019\/11\/76250678_2830403296989967_3963792924835053568_o.jpg","contentUrl":"https:\/\/artsilpol.pl\/n\/wp-content\/uploads\/2019\/11\/76250678_2830403296989967_3963792924835053568_o.jpg","width":2040,"height":1530},{"@type":"BreadcrumbList","@id":"https:\/\/artsilpol.pl\/n\/produkt-pl\/matryca-przekroj-belki\/#breadcrumb","itemListElement":[{"@type":"ListItem","position":1,"name":"Strona g\u0142\u00f3wna","item":"https:\/\/artsilpol.pl\/n\/"},{"@type":"ListItem","position":2,"name":"Sklep","item":"https:\/\/artsilpol.pl\/n\/sklep\/"},{"@type":"ListItem","position":3,"name":"Matryca ,, Przekr\u00f3j belki ,,"}]},{"@type":"WebSite","@id":"https:\/\/artsilpol.pl\/n\/#website","url":"https:\/\/artsilpol.pl\/n\/","name":"Art Silpol","description":"formy silikonowe i poliuretanowe","publisher":{"@id":"https:\/\/artsilpol.pl\/n\/#organization"},"potentialAction":[{"@type":"SearchAction","target":{"@type":"EntryPoint","urlTemplate":"https:\/\/artsilpol.pl\/n\/?s={search_term_string}"},"query-input":{"@type":"PropertyValueSpecification","valueRequired":true,"valueName":"search_term_string"}}],"inLanguage":"pl-PL"},{"@type":"Organization","@id":"https:\/\/artsilpol.pl\/n\/#organization","name":"art silpol - formy silikonowe i poliuretanowe","url":"https:\/\/artsilpol.pl\/n\/","logo":{"@type":"ImageObject","inLanguage":"pl-PL","@id":"https:\/\/artsilpol.pl\/n\/#\/schema\/logo\/image\/","url":"https:\/\/artsilpol.pl\/n\/wp-content\/uploads\/2019\/05\/logo_mobile.png","contentUrl":"https:\/\/artsilpol.pl\/n\/wp-content\/uploads\/2019\/05\/logo_mobile.png","width":115,"height":70,"caption":"art silpol - formy silikonowe i poliuretanowe"},"image":{"@id":"https:\/\/artsilpol.pl\/n\/#\/schema\/logo\/image\/"},"sameAs":["https:\/\/www.facebook.com\/Formy-Silikonowe-Poliuretanowe-555775041119482\/?ref=br_rs","https:\/\/www.youtube.com\/user\/bodziomodel"]}]}},"jetpack_sharing_enabled":true,"_links":{"self":[{"href":"https:\/\/artsilpol.pl\/n\/wp-json\/wp\/v2\/product\/10529","targetHints":{"allow":["GET"]}}],"collection":[{"href":"https:\/\/artsilpol.pl\/n\/wp-json\/wp\/v2\/product"}],"about":[{"href":"https:\/\/artsilpol.pl\/n\/wp-json\/wp\/v2\/types\/product"}],"replies":[{"embeddable":true,"href":"https:\/\/artsilpol.pl\/n\/wp-json\/wp\/v2\/comments?post=10529"}],"wp:featuredmedia":[{"embeddable":true,"href":"https:\/\/artsilpol.pl\/n\/wp-json\/wp\/v2\/media\/10532"}],"wp:attachment":[{"href":"https:\/\/artsilpol.pl\/n\/wp-json\/wp\/v2\/media?parent=10529"}],"wp:term":[{"taxonomy":"product_brand","embeddable":true,"href":"https:\/\/artsilpol.pl\/n\/wp-json\/wp\/v2\/product_brand?post=10529"},{"taxonomy":"product_cat","embeddable":true,"href":"https:\/\/artsilpol.pl\/n\/wp-json\/wp\/v2\/product_cat?post=10529"},{"taxonomy":"product_tag","embeddable":true,"href":"https:\/\/artsilpol.pl\/n\/wp-json\/wp\/v2\/product_tag?post=10529"}],"curies":[{"name":"wp","href":"https:\/\/api.w.org\/{rel}","templated":true}]}}