{"id":602,"date":"2018-03-19T10:07:33","date_gmt":"2018-03-19T10:07:33","guid":{"rendered":"http:\/\/lapa.la-studioweb.com\/?page_id=602"},"modified":"2019-05-30T14:24:29","modified_gmt":"2019-05-30T12:24:29","slug":"o-firmie","status":"publish","type":"page","link":"https:\/\/artsilpol.pl\/n\/o-firmie\/","title":{"rendered":"O firmie"},"content":{"rendered":"<p>[vc_row equal_height=&#8221;yes&#8221; content_placement=&#8221;middle&#8221; css=&#8221;.vc_custom_1559044457575{margin-top: 30px !important;margin-bottom: 30px !important;}&#8221;][vc_column width=&#8221;1\/3&#8243; css=&#8221;.vc_custom_1559219028715{background-image: url(http:\/\/artsilpol.pl\/\/wp-content\/uploads\/2019\/05\/nuty.jpg?id=923) !important;background-position: center !important;background-repeat: no-repeat !important;background-size: cover !important;}&#8221;]<div id=\"la_divider69dff56580de5\" class=\"js-el la-divider la-unit-responsive\" data-la_component=\"UnitResponsive\"  data-el_target='#la_divider69dff56580de5'  data-el_media_sizes='{&quot;padding-top&quot;:&quot;lg:200px;&quot;}' ><\/div>\n[\/vc_column][vc_column width=&#8221;2\/3&#8243; css=&#8221;.vc_custom_1521454074445{padding: 8% !important;}&#8221;][vc_row_inner][vc_column_inner][vc_column_text]<\/p>\n<p style=\"font-size: 120%;\">Nasza firma wykonuje jedne z najlepszych jako\u015bciowo oraz najta\u0144szych form silikonowych i poliuretanowych na rynku polskim! Zawsze stawiamy na najwy\u017csz\u0105 jako\u015b\u0107 naszych produkt\u00f3w. Posiadamy rozbudowany i r\u00f3\u017cnorodny asortyment.<\/p>\n<p style=\"font-size: 120%;\">W naszej ofercie znajduj\u0105 si\u0119 mi\u0119dzy innymi formy na p\u0142ytki gipsowe i cementowe, ceg\u0142y, beton architektoniczny, ogrodzenia betonowe, galanterie betonow\u0105, beton wyciskany \u2013 tak zwany \u201epressbeton\u201d oraz na znicze, figurki i \u015bwieczki. Poni\u017cej znajdziecie Pa\u0144stwo zdj\u0119cia naszych wybranych realizacji.<\/p>\n<p style=\"font-size: 120%;\">Wasz pomys\u0142 \u2013 nasze formy \u2013 Wasz sukces na lepsze jutro!<\/p>\n<p style=\"font-size: 120%;\">Zapraszamy do wsp\u00f3\u0142pracy!<\/p>\n<p>[\/vc_column_text][\/vc_column_inner][\/vc_row_inner][\/vc_column][\/vc_row][vc_row full_width=&#8221;stretch_row&#8221; equal_height=&#8221;yes&#8221; content_placement=&#8221;middle&#8221; css=&#8221;.vc_custom_1521454256474{background-color: #1a1a1a !important;}&#8221;][vc_column width=&#8221;2\/3&#8243; css=&#8221;.vc_custom_1521454397135{padding-top: 0px !important;}&#8221;]<div id=\"la_divider69dff565810b7\" class=\"js-el la-divider la-unit-responsive\" data-la_component=\"UnitResponsive\"  data-el_target='#la_divider69dff565810b7'  data-el_media_sizes='{&quot;padding-top&quot;:&quot;lg:55px;&quot;}' ><\/div>\n<div id=\"la_heading_69dff565813f2\" class=\"la-headings text-left margin-bottom-0\"><h2 class=\"js-el heading-tag la-unit-responsive margin-0 font-weight-400\" style=\"color:#ffffff\"  data-la_component=\"UnitResponsive\"  data-el_target='#la_heading_69dff565813f2 .heading-tag'  data-el_media_sizes='{&quot;font-size&quot;:&quot;lg:30px;&quot;,&quot;line-height&quot;:&quot;&quot;}' >Je\u015bli masz pytania<\/h2><div class=\"js-el subheading-tag la-unit-responsive\" style=\"\" ><p>skontaktuj si\u0119 z nami.<\/p>\n<\/div><\/div>\n<div id=\"la_divider69dff5658173e\" class=\"js-el la-divider la-unit-responsive\" data-la_component=\"UnitResponsive\"  data-el_target='#la_divider69dff5658173e'  data-el_media_sizes='{&quot;padding-top&quot;:&quot;lg:55px;&quot;}' ><\/div>\n[\/vc_column][vc_column width=&#8221;1\/3&#8243; css=&#8221;.vc_custom_1521454401077{padding-top: 0px !important;}&#8221;]<div id=\"la_divider69dff56581975\" class=\"js-el la-divider la-unit-responsive\" data-la_component=\"UnitResponsive\"  data-el_target='#la_divider69dff56581975'  data-el_media_sizes='{&quot;padding-top&quot;:&quot;lg:55px;&quot;}' ><\/div>\n<div class=\"btn-wrapper btn-align-right\">\n    <a class=\"btn btn-color-white btn-align-right btn-size-sm btn-style-outline btn-shape-round btn-brw-1\" href=\"http:\/\/artsilpol.pl\/n\/kontakt\/\" title=\"\"><span>KONTAKT<\/span><\/a><\/div><div id=\"la_divider69dff56581e1b\" class=\"js-el la-divider la-unit-responsive\" data-la_component=\"UnitResponsive\"  data-el_target='#la_divider69dff56581e1b'  data-el_media_sizes='{&quot;padding-top&quot;:&quot;lg:55px;&quot;}' ><\/div>\n[\/vc_column][\/vc_row]<\/p>\n","protected":false},"excerpt":{"rendered":"<p>[vc_row equal_height=&#8221;yes&#8221; content_placement=&#8221;middle&#8221; css=&#8221;.vc_custom_1559044457575{margin-top: 30px !important;margin-bottom: 30px !important;}&#8221;][vc_column width=&#8221;1\/3&#8243; css=&#8221;.vc_custom_1559219028715{background-image: url(http:\/\/artsilpol.pl\/\/wp-content\/uploads\/2019\/05\/nuty.jpg?id=923) !important;background-position: center !important;background-repeat: no-repeat !important;background-size: cover !important;}&#8221;][\/vc_column][vc_column width=&#8221;2\/3&#8243; css=&#8221;.vc_custom_1521454074445{padding:&hellip;<\/p>\n","protected":false},"author":1,"featured_media":0,"parent":0,"menu_order":0,"comment_status":"closed","ping_status":"closed","template":"","meta":{"footnotes":""},"class_list":["post-602","page","type-page","status-publish","hentry"],"yoast_head":"<!-- This site is optimized with the Yoast SEO plugin v27.0 - https:\/\/yoast.com\/product\/yoast-seo-wordpress\/ -->\n<title>Art Silpol - O firmie -<\/title>\n<meta name=\"description\" content=\"Nasza firma wykonuje jedne z najlepszych jako\u015bciowo oraz najta\u0144szych form silikonowych i poliuretanowych na rynku polskim! Zawsze stawiamy na najwy\u017csz\u0105 jako\u015b\u0107 naszych produkt\u00f3w. Posiadamy rozbudowany i r\u00f3\u017cnorodny asortyment.\" \/>\n<meta name=\"robots\" content=\"index, follow, max-snippet:-1, max-image-preview:large, max-video-preview:-1\" \/>\n<link rel=\"canonical\" href=\"https:\/\/artsilpol.pl\/n\/o-firmie\/\" \/>\n<meta property=\"og:locale\" content=\"pl_PL\" \/>\n<meta property=\"og:type\" content=\"article\" \/>\n<meta property=\"og:title\" content=\"Art Silpol - O firmie -\" \/>\n<meta property=\"og:description\" content=\"Nasza firma wykonuje jedne z najlepszych jako\u015bciowo oraz najta\u0144szych form silikonowych i poliuretanowych na rynku polskim! Zawsze stawiamy na najwy\u017csz\u0105 jako\u015b\u0107 naszych produkt\u00f3w. Posiadamy rozbudowany i r\u00f3\u017cnorodny asortyment.\" \/>\n<meta property=\"og:url\" content=\"https:\/\/artsilpol.pl\/n\/o-firmie\/\" \/>\n<meta property=\"og:site_name\" content=\"Art Silpol\" \/>\n<meta property=\"article:publisher\" content=\"https:\/\/www.facebook.com\/Formy-Silikonowe-Poliuretanowe-555775041119482\/?ref=br_rs\" \/>\n<meta property=\"article:modified_time\" content=\"2019-05-30T12:24:29+00:00\" \/>\n<meta name=\"twitter:card\" content=\"summary_large_image\" \/>\n<meta name=\"twitter:label1\" content=\"Szacowany czas czytania\" \/>\n\t<meta name=\"twitter:data1\" content=\"1 minuta\" \/>\n<script type=\"application\/ld+json\" class=\"yoast-schema-graph\">{\"@context\":\"https:\/\/schema.org\",\"@graph\":[{\"@type\":\"WebPage\",\"@id\":\"https:\/\/artsilpol.pl\/n\/o-firmie\/\",\"url\":\"https:\/\/artsilpol.pl\/n\/o-firmie\/\",\"name\":\"Art Silpol - O firmie -\",\"isPartOf\":{\"@id\":\"https:\/\/artsilpol.pl\/n\/#website\"},\"datePublished\":\"2018-03-19T10:07:33+00:00\",\"dateModified\":\"2019-05-30T12:24:29+00:00\",\"description\":\"Nasza firma wykonuje jedne z najlepszych jako\u015bciowo oraz najta\u0144szych form silikonowych i poliuretanowych na rynku polskim! Zawsze stawiamy na najwy\u017csz\u0105 jako\u015b\u0107 naszych produkt\u00f3w. Posiadamy rozbudowany i r\u00f3\u017cnorodny asortyment.\",\"breadcrumb\":{\"@id\":\"https:\/\/artsilpol.pl\/n\/o-firmie\/#breadcrumb\"},\"inLanguage\":\"pl-PL\",\"potentialAction\":[{\"@type\":\"ReadAction\",\"target\":[\"https:\/\/artsilpol.pl\/n\/o-firmie\/\"]}]},{\"@type\":\"BreadcrumbList\",\"@id\":\"https:\/\/artsilpol.pl\/n\/o-firmie\/#breadcrumb\",\"itemListElement\":[{\"@type\":\"ListItem\",\"position\":1,\"name\":\"Strona g\u0142\u00f3wna\",\"item\":\"https:\/\/artsilpol.pl\/n\/\"},{\"@type\":\"ListItem\",\"position\":2,\"name\":\"O firmie\"}]},{\"@type\":\"WebSite\",\"@id\":\"https:\/\/artsilpol.pl\/n\/#website\",\"url\":\"https:\/\/artsilpol.pl\/n\/\",\"name\":\"Art Silpol\",\"description\":\"formy silikonowe i poliuretanowe\",\"publisher\":{\"@id\":\"https:\/\/artsilpol.pl\/n\/#organization\"},\"potentialAction\":[{\"@type\":\"SearchAction\",\"target\":{\"@type\":\"EntryPoint\",\"urlTemplate\":\"https:\/\/artsilpol.pl\/n\/?s={search_term_string}\"},\"query-input\":{\"@type\":\"PropertyValueSpecification\",\"valueRequired\":true,\"valueName\":\"search_term_string\"}}],\"inLanguage\":\"pl-PL\"},{\"@type\":\"Organization\",\"@id\":\"https:\/\/artsilpol.pl\/n\/#organization\",\"name\":\"art silpol - formy silikonowe i poliuretanowe\",\"url\":\"https:\/\/artsilpol.pl\/n\/\",\"logo\":{\"@type\":\"ImageObject\",\"inLanguage\":\"pl-PL\",\"@id\":\"https:\/\/artsilpol.pl\/n\/#\/schema\/logo\/image\/\",\"url\":\"https:\/\/artsilpol.pl\/n\/wp-content\/uploads\/2019\/05\/logo_mobile.png\",\"contentUrl\":\"https:\/\/artsilpol.pl\/n\/wp-content\/uploads\/2019\/05\/logo_mobile.png\",\"width\":115,\"height\":70,\"caption\":\"art silpol - formy silikonowe i poliuretanowe\"},\"image\":{\"@id\":\"https:\/\/artsilpol.pl\/n\/#\/schema\/logo\/image\/\"},\"sameAs\":[\"https:\/\/www.facebook.com\/Formy-Silikonowe-Poliuretanowe-555775041119482\/?ref=br_rs\",\"https:\/\/www.youtube.com\/user\/bodziomodel\"]}]}<\/script>\n<!-- \/ Yoast SEO plugin. -->","yoast_head_json":{"title":"Art Silpol - O firmie -","description":"Nasza firma wykonuje jedne z najlepszych jako\u015bciowo oraz najta\u0144szych form silikonowych i poliuretanowych na rynku polskim! Zawsze stawiamy na najwy\u017csz\u0105 jako\u015b\u0107 naszych produkt\u00f3w. Posiadamy rozbudowany i r\u00f3\u017cnorodny asortyment.","robots":{"index":"index","follow":"follow","max-snippet":"max-snippet:-1","max-image-preview":"max-image-preview:large","max-video-preview":"max-video-preview:-1"},"canonical":"https:\/\/artsilpol.pl\/n\/o-firmie\/","og_locale":"pl_PL","og_type":"article","og_title":"Art Silpol - O firmie -","og_description":"Nasza firma wykonuje jedne z najlepszych jako\u015bciowo oraz najta\u0144szych form silikonowych i poliuretanowych na rynku polskim! Zawsze stawiamy na najwy\u017csz\u0105 jako\u015b\u0107 naszych produkt\u00f3w. Posiadamy rozbudowany i r\u00f3\u017cnorodny asortyment.","og_url":"https:\/\/artsilpol.pl\/n\/o-firmie\/","og_site_name":"Art Silpol","article_publisher":"https:\/\/www.facebook.com\/Formy-Silikonowe-Poliuretanowe-555775041119482\/?ref=br_rs","article_modified_time":"2019-05-30T12:24:29+00:00","twitter_card":"summary_large_image","twitter_misc":{"Szacowany czas czytania":"1 minuta"},"schema":{"@context":"https:\/\/schema.org","@graph":[{"@type":"WebPage","@id":"https:\/\/artsilpol.pl\/n\/o-firmie\/","url":"https:\/\/artsilpol.pl\/n\/o-firmie\/","name":"Art Silpol - O firmie -","isPartOf":{"@id":"https:\/\/artsilpol.pl\/n\/#website"},"datePublished":"2018-03-19T10:07:33+00:00","dateModified":"2019-05-30T12:24:29+00:00","description":"Nasza firma wykonuje jedne z najlepszych jako\u015bciowo oraz najta\u0144szych form silikonowych i poliuretanowych na rynku polskim! Zawsze stawiamy na najwy\u017csz\u0105 jako\u015b\u0107 naszych produkt\u00f3w. Posiadamy rozbudowany i r\u00f3\u017cnorodny asortyment.","breadcrumb":{"@id":"https:\/\/artsilpol.pl\/n\/o-firmie\/#breadcrumb"},"inLanguage":"pl-PL","potentialAction":[{"@type":"ReadAction","target":["https:\/\/artsilpol.pl\/n\/o-firmie\/"]}]},{"@type":"BreadcrumbList","@id":"https:\/\/artsilpol.pl\/n\/o-firmie\/#breadcrumb","itemListElement":[{"@type":"ListItem","position":1,"name":"Strona g\u0142\u00f3wna","item":"https:\/\/artsilpol.pl\/n\/"},{"@type":"ListItem","position":2,"name":"O firmie"}]},{"@type":"WebSite","@id":"https:\/\/artsilpol.pl\/n\/#website","url":"https:\/\/artsilpol.pl\/n\/","name":"Art Silpol","description":"formy silikonowe i poliuretanowe","publisher":{"@id":"https:\/\/artsilpol.pl\/n\/#organization"},"potentialAction":[{"@type":"SearchAction","target":{"@type":"EntryPoint","urlTemplate":"https:\/\/artsilpol.pl\/n\/?s={search_term_string}"},"query-input":{"@type":"PropertyValueSpecification","valueRequired":true,"valueName":"search_term_string"}}],"inLanguage":"pl-PL"},{"@type":"Organization","@id":"https:\/\/artsilpol.pl\/n\/#organization","name":"art silpol - formy silikonowe i poliuretanowe","url":"https:\/\/artsilpol.pl\/n\/","logo":{"@type":"ImageObject","inLanguage":"pl-PL","@id":"https:\/\/artsilpol.pl\/n\/#\/schema\/logo\/image\/","url":"https:\/\/artsilpol.pl\/n\/wp-content\/uploads\/2019\/05\/logo_mobile.png","contentUrl":"https:\/\/artsilpol.pl\/n\/wp-content\/uploads\/2019\/05\/logo_mobile.png","width":115,"height":70,"caption":"art silpol - formy silikonowe i poliuretanowe"},"image":{"@id":"https:\/\/artsilpol.pl\/n\/#\/schema\/logo\/image\/"},"sameAs":["https:\/\/www.facebook.com\/Formy-Silikonowe-Poliuretanowe-555775041119482\/?ref=br_rs","https:\/\/www.youtube.com\/user\/bodziomodel"]}]}},"jetpack_sharing_enabled":true,"_links":{"self":[{"href":"https:\/\/artsilpol.pl\/n\/wp-json\/wp\/v2\/pages\/602","targetHints":{"allow":["GET"]}}],"collection":[{"href":"https:\/\/artsilpol.pl\/n\/wp-json\/wp\/v2\/pages"}],"about":[{"href":"https:\/\/artsilpol.pl\/n\/wp-json\/wp\/v2\/types\/page"}],"author":[{"embeddable":true,"href":"https:\/\/artsilpol.pl\/n\/wp-json\/wp\/v2\/users\/1"}],"replies":[{"embeddable":true,"href":"https:\/\/artsilpol.pl\/n\/wp-json\/wp\/v2\/comments?post=602"}],"version-history":[{"count":14,"href":"https:\/\/artsilpol.pl\/n\/wp-json\/wp\/v2\/pages\/602\/revisions"}],"predecessor-version":[{"id":1351,"href":"https:\/\/artsilpol.pl\/n\/wp-json\/wp\/v2\/pages\/602\/revisions\/1351"}],"wp:attachment":[{"href":"https:\/\/artsilpol.pl\/n\/wp-json\/wp\/v2\/media?parent=602"}],"curies":[{"name":"wp","href":"https:\/\/api.w.org\/{rel}","templated":true}]}}