{"id":2313,"date":"2019-06-06T15:22:43","date_gmt":"2019-06-06T13:22:43","guid":{"rendered":"http:\/\/artsilpol.pl\/\/?post_type=product&#038;p=2313"},"modified":"2019-06-26T11:39:20","modified_gmt":"2019-06-26T09:39:20","slug":"naroznik-do-wzoru-henryk-viii-s","status":"publish","type":"product","link":"https:\/\/artsilpol.pl\/n\/en\/product\/naroznik-do-wzoru-henryk-viii-s\/","title":{"rendered":"Naro\u017cnik do wzoru &#8220;HENRYK VIII S&#8221;"},"content":{"rendered":"<p>U\u0142atwiaj\u0105cy prac\u0119 i daj\u0105cy \u0142adne wyko\u0144czenie na naro\u017cnikach.<\/p>\n<p>Produkcja i wysy\u0142ka od 8 do 14 dni.<\/p>\n","protected":false},"excerpt":{"rendered":"<p>U\u0142atwiaj\u0105cy prac\u0119 i daj\u0105cy \u0142adne wyko\u0144czenie na naro\u017cnikach. Produkcja i wysy\u0142ka od 8 do 14 dni.<\/p>\n","protected":false},"featured_media":2314,"comment_status":"open","ping_status":"closed","template":"","meta":[],"product_brand":[],"product_cat":[76],"product_tag":[],"class_list":{"0":"post-2313","1":"product","2":"type-product","3":"status-publish","4":"has-post-thumbnail","6":"product_cat-formy-na-beton-stemplowany","7":"product_shipping_class-male","9":"first","10":"instock","11":"taxable","12":"shipping-taxable","13":"purchasable","14":"product-type-simple","15":"thumb-has-effect","16":"prod-rating-on"},"yoast_head":"<!-- This site is optimized with the Yoast SEO plugin v27.0 - https:\/\/yoast.com\/product\/yoast-seo-wordpress\/ -->\n<title>Naro\u017cnik do wzoru &quot;HENRYK VIII S&quot; - Art Silpol<\/title>\n<meta name=\"robots\" content=\"index, follow, max-snippet:-1, max-image-preview:large, max-video-preview:-1\" \/>\n<link rel=\"canonical\" href=\"https:\/\/artsilpol.pl\/n\/en\/product\/naroznik-do-wzoru-henryk-viii-s\/\" \/>\n<meta property=\"og:locale\" content=\"en_US\" \/>\n<meta property=\"og:type\" content=\"article\" \/>\n<meta property=\"og:title\" content=\"Naro\u017cnik do wzoru &quot;HENRYK VIII S&quot; - Art Silpol\" \/>\n<meta property=\"og:description\" content=\"U\u0142atwiaj\u0105cy prac\u0119 i daj\u0105cy \u0142adne wyko\u0144czenie na naro\u017cnikach. Produkcja i wysy\u0142ka od 8 do 14 dni.\" \/>\n<meta property=\"og:url\" content=\"https:\/\/artsilpol.pl\/n\/en\/product\/naroznik-do-wzoru-henryk-viii-s\/\" \/>\n<meta property=\"og:site_name\" content=\"Art Silpol\" \/>\n<meta property=\"article:publisher\" content=\"https:\/\/www.facebook.com\/Formy-Silikonowe-Poliuretanowe-555775041119482\/?ref=br_rs\" \/>\n<meta property=\"article:modified_time\" content=\"2019-06-26T09:39:20+00:00\" \/>\n<meta property=\"og:image\" content=\"https:\/\/artsilpol.pl\/n\/wp-content\/uploads\/2019\/06\/1-122.jpg\" \/>\n\t<meta property=\"og:image:width\" content=\"595\" \/>\n\t<meta property=\"og:image:height\" content=\"446\" \/>\n\t<meta property=\"og:image:type\" content=\"image\/jpeg\" \/>\n<meta name=\"twitter:card\" content=\"summary_large_image\" \/>\n<script type=\"application\/ld+json\" class=\"yoast-schema-graph\">{\"@context\":\"https:\/\/schema.org\",\"@graph\":[{\"@type\":\"WebPage\",\"@id\":\"https:\/\/artsilpol.pl\/n\/en\/product\/naroznik-do-wzoru-henryk-viii-s\/\",\"url\":\"https:\/\/artsilpol.pl\/n\/en\/product\/naroznik-do-wzoru-henryk-viii-s\/\",\"name\":\"Naro\u017cnik do wzoru \\\"HENRYK VIII S\\\" - Art Silpol\",\"isPartOf\":{\"@id\":\"https:\/\/artsilpol.pl\/n\/en\/#website\"},\"primaryImageOfPage\":{\"@id\":\"https:\/\/artsilpol.pl\/n\/en\/product\/naroznik-do-wzoru-henryk-viii-s\/#primaryimage\"},\"image\":{\"@id\":\"https:\/\/artsilpol.pl\/n\/en\/product\/naroznik-do-wzoru-henryk-viii-s\/#primaryimage\"},\"thumbnailUrl\":\"https:\/\/artsilpol.pl\/n\/wp-content\/uploads\/2019\/06\/1-122.jpg\",\"datePublished\":\"2019-06-06T13:22:43+00:00\",\"dateModified\":\"2019-06-26T09:39:20+00:00\",\"breadcrumb\":{\"@id\":\"https:\/\/artsilpol.pl\/n\/en\/product\/naroznik-do-wzoru-henryk-viii-s\/#breadcrumb\"},\"inLanguage\":\"en-US\",\"potentialAction\":[{\"@type\":\"ReadAction\",\"target\":[\"https:\/\/artsilpol.pl\/n\/en\/product\/naroznik-do-wzoru-henryk-viii-s\/\"]}]},{\"@type\":\"ImageObject\",\"inLanguage\":\"en-US\",\"@id\":\"https:\/\/artsilpol.pl\/n\/en\/product\/naroznik-do-wzoru-henryk-viii-s\/#primaryimage\",\"url\":\"https:\/\/artsilpol.pl\/n\/wp-content\/uploads\/2019\/06\/1-122.jpg\",\"contentUrl\":\"https:\/\/artsilpol.pl\/n\/wp-content\/uploads\/2019\/06\/1-122.jpg\",\"width\":595,\"height\":446},{\"@type\":\"BreadcrumbList\",\"@id\":\"https:\/\/artsilpol.pl\/n\/en\/product\/naroznik-do-wzoru-henryk-viii-s\/#breadcrumb\",\"itemListElement\":[{\"@type\":\"ListItem\",\"position\":1,\"name\":\"Strona g\u0142\u00f3wna\",\"item\":\"https:\/\/artsilpol.pl\/n\/en\/\"},{\"@type\":\"ListItem\",\"position\":2,\"name\":\"Shop\",\"item\":\"https:\/\/artsilpol.pl\/n\/en\/shop\/\"},{\"@type\":\"ListItem\",\"position\":3,\"name\":\"Naro\u017cnik do wzoru &#8220;HENRYK VIII S&#8221;\"}]},{\"@type\":\"WebSite\",\"@id\":\"https:\/\/artsilpol.pl\/n\/en\/#website\",\"url\":\"https:\/\/artsilpol.pl\/n\/en\/\",\"name\":\"Art Silpol\",\"description\":\"formy silikonowe i poliuretanowe\",\"publisher\":{\"@id\":\"https:\/\/artsilpol.pl\/n\/en\/#organization\"},\"potentialAction\":[{\"@type\":\"SearchAction\",\"target\":{\"@type\":\"EntryPoint\",\"urlTemplate\":\"https:\/\/artsilpol.pl\/n\/en\/?s={search_term_string}\"},\"query-input\":{\"@type\":\"PropertyValueSpecification\",\"valueRequired\":true,\"valueName\":\"search_term_string\"}}],\"inLanguage\":\"en-US\"},{\"@type\":\"Organization\",\"@id\":\"https:\/\/artsilpol.pl\/n\/en\/#organization\",\"name\":\"art silpol - formy silikonowe i poliuretanowe\",\"url\":\"https:\/\/artsilpol.pl\/n\/en\/\",\"logo\":{\"@type\":\"ImageObject\",\"inLanguage\":\"en-US\",\"@id\":\"https:\/\/artsilpol.pl\/n\/en\/#\/schema\/logo\/image\/\",\"url\":\"https:\/\/artsilpol.pl\/n\/wp-content\/uploads\/2019\/05\/logo_mobile.png\",\"contentUrl\":\"https:\/\/artsilpol.pl\/n\/wp-content\/uploads\/2019\/05\/logo_mobile.png\",\"width\":115,\"height\":70,\"caption\":\"art silpol - formy silikonowe i poliuretanowe\"},\"image\":{\"@id\":\"https:\/\/artsilpol.pl\/n\/en\/#\/schema\/logo\/image\/\"},\"sameAs\":[\"https:\/\/www.facebook.com\/Formy-Silikonowe-Poliuretanowe-555775041119482\/?ref=br_rs\",\"https:\/\/www.youtube.com\/user\/bodziomodel\"]}]}<\/script>\n<!-- \/ Yoast SEO plugin. -->","yoast_head_json":{"title":"Naro\u017cnik do wzoru \"HENRYK VIII S\" - Art Silpol","robots":{"index":"index","follow":"follow","max-snippet":"max-snippet:-1","max-image-preview":"max-image-preview:large","max-video-preview":"max-video-preview:-1"},"canonical":"https:\/\/artsilpol.pl\/n\/en\/product\/naroznik-do-wzoru-henryk-viii-s\/","og_locale":"en_US","og_type":"article","og_title":"Naro\u017cnik do wzoru \"HENRYK VIII S\" - Art Silpol","og_description":"U\u0142atwiaj\u0105cy prac\u0119 i daj\u0105cy \u0142adne wyko\u0144czenie na naro\u017cnikach. Produkcja i wysy\u0142ka od 8 do 14 dni.","og_url":"https:\/\/artsilpol.pl\/n\/en\/product\/naroznik-do-wzoru-henryk-viii-s\/","og_site_name":"Art Silpol","article_publisher":"https:\/\/www.facebook.com\/Formy-Silikonowe-Poliuretanowe-555775041119482\/?ref=br_rs","article_modified_time":"2019-06-26T09:39:20+00:00","og_image":[{"width":595,"height":446,"url":"https:\/\/artsilpol.pl\/n\/wp-content\/uploads\/2019\/06\/1-122.jpg","type":"image\/jpeg"}],"twitter_card":"summary_large_image","schema":{"@context":"https:\/\/schema.org","@graph":[{"@type":"WebPage","@id":"https:\/\/artsilpol.pl\/n\/en\/product\/naroznik-do-wzoru-henryk-viii-s\/","url":"https:\/\/artsilpol.pl\/n\/en\/product\/naroznik-do-wzoru-henryk-viii-s\/","name":"Naro\u017cnik do wzoru \"HENRYK VIII S\" - Art Silpol","isPartOf":{"@id":"https:\/\/artsilpol.pl\/n\/en\/#website"},"primaryImageOfPage":{"@id":"https:\/\/artsilpol.pl\/n\/en\/product\/naroznik-do-wzoru-henryk-viii-s\/#primaryimage"},"image":{"@id":"https:\/\/artsilpol.pl\/n\/en\/product\/naroznik-do-wzoru-henryk-viii-s\/#primaryimage"},"thumbnailUrl":"https:\/\/artsilpol.pl\/n\/wp-content\/uploads\/2019\/06\/1-122.jpg","datePublished":"2019-06-06T13:22:43+00:00","dateModified":"2019-06-26T09:39:20+00:00","breadcrumb":{"@id":"https:\/\/artsilpol.pl\/n\/en\/product\/naroznik-do-wzoru-henryk-viii-s\/#breadcrumb"},"inLanguage":"en-US","potentialAction":[{"@type":"ReadAction","target":["https:\/\/artsilpol.pl\/n\/en\/product\/naroznik-do-wzoru-henryk-viii-s\/"]}]},{"@type":"ImageObject","inLanguage":"en-US","@id":"https:\/\/artsilpol.pl\/n\/en\/product\/naroznik-do-wzoru-henryk-viii-s\/#primaryimage","url":"https:\/\/artsilpol.pl\/n\/wp-content\/uploads\/2019\/06\/1-122.jpg","contentUrl":"https:\/\/artsilpol.pl\/n\/wp-content\/uploads\/2019\/06\/1-122.jpg","width":595,"height":446},{"@type":"BreadcrumbList","@id":"https:\/\/artsilpol.pl\/n\/en\/product\/naroznik-do-wzoru-henryk-viii-s\/#breadcrumb","itemListElement":[{"@type":"ListItem","position":1,"name":"Strona g\u0142\u00f3wna","item":"https:\/\/artsilpol.pl\/n\/en\/"},{"@type":"ListItem","position":2,"name":"Shop","item":"https:\/\/artsilpol.pl\/n\/en\/shop\/"},{"@type":"ListItem","position":3,"name":"Naro\u017cnik do wzoru &#8220;HENRYK VIII S&#8221;"}]},{"@type":"WebSite","@id":"https:\/\/artsilpol.pl\/n\/en\/#website","url":"https:\/\/artsilpol.pl\/n\/en\/","name":"Art Silpol","description":"formy silikonowe i poliuretanowe","publisher":{"@id":"https:\/\/artsilpol.pl\/n\/en\/#organization"},"potentialAction":[{"@type":"SearchAction","target":{"@type":"EntryPoint","urlTemplate":"https:\/\/artsilpol.pl\/n\/en\/?s={search_term_string}"},"query-input":{"@type":"PropertyValueSpecification","valueRequired":true,"valueName":"search_term_string"}}],"inLanguage":"en-US"},{"@type":"Organization","@id":"https:\/\/artsilpol.pl\/n\/en\/#organization","name":"art silpol - formy silikonowe i poliuretanowe","url":"https:\/\/artsilpol.pl\/n\/en\/","logo":{"@type":"ImageObject","inLanguage":"en-US","@id":"https:\/\/artsilpol.pl\/n\/en\/#\/schema\/logo\/image\/","url":"https:\/\/artsilpol.pl\/n\/wp-content\/uploads\/2019\/05\/logo_mobile.png","contentUrl":"https:\/\/artsilpol.pl\/n\/wp-content\/uploads\/2019\/05\/logo_mobile.png","width":115,"height":70,"caption":"art silpol - formy silikonowe i poliuretanowe"},"image":{"@id":"https:\/\/artsilpol.pl\/n\/en\/#\/schema\/logo\/image\/"},"sameAs":["https:\/\/www.facebook.com\/Formy-Silikonowe-Poliuretanowe-555775041119482\/?ref=br_rs","https:\/\/www.youtube.com\/user\/bodziomodel"]}]}},"jetpack_sharing_enabled":true,"_links":{"self":[{"href":"https:\/\/artsilpol.pl\/n\/en\/wp-json\/wp\/v2\/product\/2313","targetHints":{"allow":["GET"]}}],"collection":[{"href":"https:\/\/artsilpol.pl\/n\/en\/wp-json\/wp\/v2\/product"}],"about":[{"href":"https:\/\/artsilpol.pl\/n\/en\/wp-json\/wp\/v2\/types\/product"}],"replies":[{"embeddable":true,"href":"https:\/\/artsilpol.pl\/n\/en\/wp-json\/wp\/v2\/comments?post=2313"}],"wp:featuredmedia":[{"embeddable":true,"href":"https:\/\/artsilpol.pl\/n\/en\/wp-json\/wp\/v2\/media\/2314"}],"wp:attachment":[{"href":"https:\/\/artsilpol.pl\/n\/en\/wp-json\/wp\/v2\/media?parent=2313"}],"wp:term":[{"taxonomy":"product_brand","embeddable":true,"href":"https:\/\/artsilpol.pl\/n\/en\/wp-json\/wp\/v2\/product_brand?post=2313"},{"taxonomy":"product_cat","embeddable":true,"href":"https:\/\/artsilpol.pl\/n\/en\/wp-json\/wp\/v2\/product_cat?post=2313"},{"taxonomy":"product_tag","embeddable":true,"href":"https:\/\/artsilpol.pl\/n\/en\/wp-json\/wp\/v2\/product_tag?post=2313"}],"curies":[{"name":"wp","href":"https:\/\/api.w.org\/{rel}","templated":true}]}}