{"id":1492,"date":"2019-06-04T13:01:52","date_gmt":"2019-06-04T11:01:52","guid":{"rendered":"http:\/\/artsilpol.pl\/\/?post_type=product&#038;p=1492"},"modified":"2019-06-26T12:42:17","modified_gmt":"2019-06-26T10:42:17","slug":"formy-gladkie-z-ozdobnymi-otworami","status":"publish","type":"product","link":"https:\/\/artsilpol.pl\/n\/en\/product\/formy-gladkie-z-ozdobnymi-otworami\/","title":{"rendered":"Formy g\u0142adkie z ozdobnymi otworami"},"content":{"rendered":"<p>Mamy dla Pa\u0144stwa ofert\u0119 na formy g\u0142adkie z ozdobnymi otworami do betonu architektonicznego \/ lub gipsu. Otwory s\u0105 umieszczone w naro\u017cnikach po 5 cm od brzegu. Mog\u0105 one s\u0142u\u017cy\u0107 zar\u00f3wno do przykr\u0119cania p\u0142yt jak i by\u0107 dekoracj\u0105 przy klejeniu p\u0142yt bezpo\u015brednio do \u015bciany.<\/p>\n<p>Dost\u0119pne wymiary i ceny:<\/p>\n<p style=\"padding-left: 30px;\">30 cm x 60 cm &#8211; 250 z\u0142.<br \/>\n50 cm x 50 cm &#8211; 300 z\u0142.<br \/>\n60 cm x 60 cm &#8211; 450 z\u0142.<br \/>\n40 cm x 80 cm &#8211; 400 z\u0142.<br \/>\n45 cm x 90 cm &#8211; 500 z\u0142.<br \/>\n50 cm x 100 cm &#8211; 600 z\u0142.<br \/>\n60 cm x 120 cm &#8211; 700 z\u0142.<br \/>\n80 cm x 120 cm &#8211; 800 z\u0142.<\/p>\n<p>Produkcja i wysy\u0142ka od 8 do 14 dni.<\/p>\n","protected":false},"excerpt":{"rendered":"<p>Mamy dla Pa\u0144stwa ofert\u0119 na formy g\u0142adkie z ozdobnymi otworami do betonu architektonicznego \/ lub gipsu. Otwory s\u0105 umieszczone w&hellip;<\/p>\n","protected":false},"featured_media":1501,"comment_status":"open","ping_status":"closed","template":"","meta":[],"product_brand":[],"product_cat":[75],"product_tag":[],"class_list":{"0":"post-1492","1":"product","2":"type-product","3":"status-publish","4":"has-post-thumbnail","6":"product_cat-formy-na-beton-architektoniczny","7":"product_shipping_class-beton","9":"first","10":"instock","11":"taxable","12":"shipping-taxable","13":"purchasable","14":"product-type-variable","15":"thumb-has-effect","16":"prod-rating-on"},"yoast_head":"<!-- This site is optimized with the Yoast SEO plugin v27.0 - https:\/\/yoast.com\/product\/yoast-seo-wordpress\/ -->\n<title>Formy g\u0142adkie z ozdobnymi otworami - Art Silpol<\/title>\n<meta name=\"robots\" content=\"index, follow, max-snippet:-1, max-image-preview:large, max-video-preview:-1\" \/>\n<link rel=\"canonical\" href=\"https:\/\/artsilpol.pl\/n\/en\/product\/formy-gladkie-z-ozdobnymi-otworami\/\" \/>\n<meta property=\"og:locale\" content=\"en_US\" \/>\n<meta property=\"og:type\" content=\"article\" \/>\n<meta property=\"og:title\" content=\"Formy g\u0142adkie z ozdobnymi otworami - Art Silpol\" \/>\n<meta property=\"og:description\" content=\"Mamy dla Pa\u0144stwa ofert\u0119 na formy g\u0142adkie z ozdobnymi otworami do betonu architektonicznego \/ lub gipsu. Otwory s\u0105 umieszczone w&hellip;\" \/>\n<meta property=\"og:url\" content=\"https:\/\/artsilpol.pl\/n\/en\/product\/formy-gladkie-z-ozdobnymi-otworami\/\" \/>\n<meta property=\"og:site_name\" content=\"Art Silpol\" \/>\n<meta property=\"article:publisher\" content=\"https:\/\/www.facebook.com\/Formy-Silikonowe-Poliuretanowe-555775041119482\/?ref=br_rs\" \/>\n<meta property=\"article:modified_time\" content=\"2019-06-26T10:42:17+00:00\" \/>\n<meta property=\"og:image\" content=\"https:\/\/artsilpol.pl\/n\/wp-content\/uploads\/2019\/06\/37798959_2026287317401573_8322649693314088960_o.jpg\" \/>\n\t<meta property=\"og:image:width\" content=\"1728\" \/>\n\t<meta property=\"og:image:height\" content=\"1296\" \/>\n\t<meta property=\"og:image:type\" content=\"image\/jpeg\" \/>\n<meta name=\"twitter:card\" content=\"summary_large_image\" \/>\n<meta name=\"twitter:label1\" content=\"Est. reading time\" \/>\n\t<meta name=\"twitter:data1\" content=\"1 minute\" \/>\n<script type=\"application\/ld+json\" class=\"yoast-schema-graph\">{\"@context\":\"https:\/\/schema.org\",\"@graph\":[{\"@type\":\"WebPage\",\"@id\":\"https:\/\/artsilpol.pl\/n\/en\/product\/formy-gladkie-z-ozdobnymi-otworami\/\",\"url\":\"https:\/\/artsilpol.pl\/n\/en\/product\/formy-gladkie-z-ozdobnymi-otworami\/\",\"name\":\"Formy g\u0142adkie z ozdobnymi otworami - Art Silpol\",\"isPartOf\":{\"@id\":\"https:\/\/artsilpol.pl\/n\/en\/#website\"},\"primaryImageOfPage\":{\"@id\":\"https:\/\/artsilpol.pl\/n\/en\/product\/formy-gladkie-z-ozdobnymi-otworami\/#primaryimage\"},\"image\":{\"@id\":\"https:\/\/artsilpol.pl\/n\/en\/product\/formy-gladkie-z-ozdobnymi-otworami\/#primaryimage\"},\"thumbnailUrl\":\"https:\/\/artsilpol.pl\/n\/wp-content\/uploads\/2019\/06\/37798959_2026287317401573_8322649693314088960_o.jpg\",\"datePublished\":\"2019-06-04T11:01:52+00:00\",\"dateModified\":\"2019-06-26T10:42:17+00:00\",\"breadcrumb\":{\"@id\":\"https:\/\/artsilpol.pl\/n\/en\/product\/formy-gladkie-z-ozdobnymi-otworami\/#breadcrumb\"},\"inLanguage\":\"en-US\",\"potentialAction\":[{\"@type\":\"ReadAction\",\"target\":[\"https:\/\/artsilpol.pl\/n\/en\/product\/formy-gladkie-z-ozdobnymi-otworami\/\"]}]},{\"@type\":\"ImageObject\",\"inLanguage\":\"en-US\",\"@id\":\"https:\/\/artsilpol.pl\/n\/en\/product\/formy-gladkie-z-ozdobnymi-otworami\/#primaryimage\",\"url\":\"https:\/\/artsilpol.pl\/n\/wp-content\/uploads\/2019\/06\/37798959_2026287317401573_8322649693314088960_o.jpg\",\"contentUrl\":\"https:\/\/artsilpol.pl\/n\/wp-content\/uploads\/2019\/06\/37798959_2026287317401573_8322649693314088960_o.jpg\",\"width\":1728,\"height\":1296},{\"@type\":\"BreadcrumbList\",\"@id\":\"https:\/\/artsilpol.pl\/n\/en\/product\/formy-gladkie-z-ozdobnymi-otworami\/#breadcrumb\",\"itemListElement\":[{\"@type\":\"ListItem\",\"position\":1,\"name\":\"Strona g\u0142\u00f3wna\",\"item\":\"https:\/\/artsilpol.pl\/n\/en\/\"},{\"@type\":\"ListItem\",\"position\":2,\"name\":\"Shop\",\"item\":\"https:\/\/artsilpol.pl\/n\/en\/shop\/\"},{\"@type\":\"ListItem\",\"position\":3,\"name\":\"Formy g\u0142adkie z ozdobnymi otworami\"}]},{\"@type\":\"WebSite\",\"@id\":\"https:\/\/artsilpol.pl\/n\/en\/#website\",\"url\":\"https:\/\/artsilpol.pl\/n\/en\/\",\"name\":\"Art Silpol\",\"description\":\"formy silikonowe i poliuretanowe\",\"publisher\":{\"@id\":\"https:\/\/artsilpol.pl\/n\/en\/#organization\"},\"potentialAction\":[{\"@type\":\"SearchAction\",\"target\":{\"@type\":\"EntryPoint\",\"urlTemplate\":\"https:\/\/artsilpol.pl\/n\/en\/?s={search_term_string}\"},\"query-input\":{\"@type\":\"PropertyValueSpecification\",\"valueRequired\":true,\"valueName\":\"search_term_string\"}}],\"inLanguage\":\"en-US\"},{\"@type\":\"Organization\",\"@id\":\"https:\/\/artsilpol.pl\/n\/en\/#organization\",\"name\":\"art silpol - formy silikonowe i poliuretanowe\",\"url\":\"https:\/\/artsilpol.pl\/n\/en\/\",\"logo\":{\"@type\":\"ImageObject\",\"inLanguage\":\"en-US\",\"@id\":\"https:\/\/artsilpol.pl\/n\/en\/#\/schema\/logo\/image\/\",\"url\":\"https:\/\/artsilpol.pl\/n\/wp-content\/uploads\/2019\/05\/logo_mobile.png\",\"contentUrl\":\"https:\/\/artsilpol.pl\/n\/wp-content\/uploads\/2019\/05\/logo_mobile.png\",\"width\":115,\"height\":70,\"caption\":\"art silpol - formy silikonowe i poliuretanowe\"},\"image\":{\"@id\":\"https:\/\/artsilpol.pl\/n\/en\/#\/schema\/logo\/image\/\"},\"sameAs\":[\"https:\/\/www.facebook.com\/Formy-Silikonowe-Poliuretanowe-555775041119482\/?ref=br_rs\",\"https:\/\/www.youtube.com\/user\/bodziomodel\"]}]}<\/script>\n<!-- \/ Yoast SEO plugin. -->","yoast_head_json":{"title":"Formy g\u0142adkie z ozdobnymi otworami - Art Silpol","robots":{"index":"index","follow":"follow","max-snippet":"max-snippet:-1","max-image-preview":"max-image-preview:large","max-video-preview":"max-video-preview:-1"},"canonical":"https:\/\/artsilpol.pl\/n\/en\/product\/formy-gladkie-z-ozdobnymi-otworami\/","og_locale":"en_US","og_type":"article","og_title":"Formy g\u0142adkie z ozdobnymi otworami - Art Silpol","og_description":"Mamy dla Pa\u0144stwa ofert\u0119 na formy g\u0142adkie z ozdobnymi otworami do betonu architektonicznego \/ lub gipsu. Otwory s\u0105 umieszczone w&hellip;","og_url":"https:\/\/artsilpol.pl\/n\/en\/product\/formy-gladkie-z-ozdobnymi-otworami\/","og_site_name":"Art Silpol","article_publisher":"https:\/\/www.facebook.com\/Formy-Silikonowe-Poliuretanowe-555775041119482\/?ref=br_rs","article_modified_time":"2019-06-26T10:42:17+00:00","og_image":[{"width":1728,"height":1296,"url":"https:\/\/artsilpol.pl\/n\/wp-content\/uploads\/2019\/06\/37798959_2026287317401573_8322649693314088960_o.jpg","type":"image\/jpeg"}],"twitter_card":"summary_large_image","twitter_misc":{"Est. reading time":"1 minute"},"schema":{"@context":"https:\/\/schema.org","@graph":[{"@type":"WebPage","@id":"https:\/\/artsilpol.pl\/n\/en\/product\/formy-gladkie-z-ozdobnymi-otworami\/","url":"https:\/\/artsilpol.pl\/n\/en\/product\/formy-gladkie-z-ozdobnymi-otworami\/","name":"Formy g\u0142adkie z ozdobnymi otworami - Art Silpol","isPartOf":{"@id":"https:\/\/artsilpol.pl\/n\/en\/#website"},"primaryImageOfPage":{"@id":"https:\/\/artsilpol.pl\/n\/en\/product\/formy-gladkie-z-ozdobnymi-otworami\/#primaryimage"},"image":{"@id":"https:\/\/artsilpol.pl\/n\/en\/product\/formy-gladkie-z-ozdobnymi-otworami\/#primaryimage"},"thumbnailUrl":"https:\/\/artsilpol.pl\/n\/wp-content\/uploads\/2019\/06\/37798959_2026287317401573_8322649693314088960_o.jpg","datePublished":"2019-06-04T11:01:52+00:00","dateModified":"2019-06-26T10:42:17+00:00","breadcrumb":{"@id":"https:\/\/artsilpol.pl\/n\/en\/product\/formy-gladkie-z-ozdobnymi-otworami\/#breadcrumb"},"inLanguage":"en-US","potentialAction":[{"@type":"ReadAction","target":["https:\/\/artsilpol.pl\/n\/en\/product\/formy-gladkie-z-ozdobnymi-otworami\/"]}]},{"@type":"ImageObject","inLanguage":"en-US","@id":"https:\/\/artsilpol.pl\/n\/en\/product\/formy-gladkie-z-ozdobnymi-otworami\/#primaryimage","url":"https:\/\/artsilpol.pl\/n\/wp-content\/uploads\/2019\/06\/37798959_2026287317401573_8322649693314088960_o.jpg","contentUrl":"https:\/\/artsilpol.pl\/n\/wp-content\/uploads\/2019\/06\/37798959_2026287317401573_8322649693314088960_o.jpg","width":1728,"height":1296},{"@type":"BreadcrumbList","@id":"https:\/\/artsilpol.pl\/n\/en\/product\/formy-gladkie-z-ozdobnymi-otworami\/#breadcrumb","itemListElement":[{"@type":"ListItem","position":1,"name":"Strona g\u0142\u00f3wna","item":"https:\/\/artsilpol.pl\/n\/en\/"},{"@type":"ListItem","position":2,"name":"Shop","item":"https:\/\/artsilpol.pl\/n\/en\/shop\/"},{"@type":"ListItem","position":3,"name":"Formy g\u0142adkie z ozdobnymi otworami"}]},{"@type":"WebSite","@id":"https:\/\/artsilpol.pl\/n\/en\/#website","url":"https:\/\/artsilpol.pl\/n\/en\/","name":"Art Silpol","description":"formy silikonowe i poliuretanowe","publisher":{"@id":"https:\/\/artsilpol.pl\/n\/en\/#organization"},"potentialAction":[{"@type":"SearchAction","target":{"@type":"EntryPoint","urlTemplate":"https:\/\/artsilpol.pl\/n\/en\/?s={search_term_string}"},"query-input":{"@type":"PropertyValueSpecification","valueRequired":true,"valueName":"search_term_string"}}],"inLanguage":"en-US"},{"@type":"Organization","@id":"https:\/\/artsilpol.pl\/n\/en\/#organization","name":"art silpol - formy silikonowe i poliuretanowe","url":"https:\/\/artsilpol.pl\/n\/en\/","logo":{"@type":"ImageObject","inLanguage":"en-US","@id":"https:\/\/artsilpol.pl\/n\/en\/#\/schema\/logo\/image\/","url":"https:\/\/artsilpol.pl\/n\/wp-content\/uploads\/2019\/05\/logo_mobile.png","contentUrl":"https:\/\/artsilpol.pl\/n\/wp-content\/uploads\/2019\/05\/logo_mobile.png","width":115,"height":70,"caption":"art silpol - formy silikonowe i poliuretanowe"},"image":{"@id":"https:\/\/artsilpol.pl\/n\/en\/#\/schema\/logo\/image\/"},"sameAs":["https:\/\/www.facebook.com\/Formy-Silikonowe-Poliuretanowe-555775041119482\/?ref=br_rs","https:\/\/www.youtube.com\/user\/bodziomodel"]}]}},"jetpack_sharing_enabled":true,"_links":{"self":[{"href":"https:\/\/artsilpol.pl\/n\/en\/wp-json\/wp\/v2\/product\/1492","targetHints":{"allow":["GET"]}}],"collection":[{"href":"https:\/\/artsilpol.pl\/n\/en\/wp-json\/wp\/v2\/product"}],"about":[{"href":"https:\/\/artsilpol.pl\/n\/en\/wp-json\/wp\/v2\/types\/product"}],"replies":[{"embeddable":true,"href":"https:\/\/artsilpol.pl\/n\/en\/wp-json\/wp\/v2\/comments?post=1492"}],"wp:featuredmedia":[{"embeddable":true,"href":"https:\/\/artsilpol.pl\/n\/en\/wp-json\/wp\/v2\/media\/1501"}],"wp:attachment":[{"href":"https:\/\/artsilpol.pl\/n\/en\/wp-json\/wp\/v2\/media?parent=1492"}],"wp:term":[{"taxonomy":"product_brand","embeddable":true,"href":"https:\/\/artsilpol.pl\/n\/en\/wp-json\/wp\/v2\/product_brand?post=1492"},{"taxonomy":"product_cat","embeddable":true,"href":"https:\/\/artsilpol.pl\/n\/en\/wp-json\/wp\/v2\/product_cat?post=1492"},{"taxonomy":"product_tag","embeddable":true,"href":"https:\/\/artsilpol.pl\/n\/en\/wp-json\/wp\/v2\/product_tag?post=1492"}],"curies":[{"name":"wp","href":"https:\/\/api.w.org\/{rel}","templated":true}]}}