{"id":6332,"date":"2018-03-20T08:43:52","date_gmt":"2018-03-20T07:43:52","guid":{"rendered":"https:\/\/artsilpol.pl\/n\/?page_id=6332"},"modified":"2019-07-01T15:11:08","modified_gmt":"2019-07-01T13:11:08","slug":"wish-list","status":"publish","type":"page","link":"https:\/\/artsilpol.pl\/n\/en\/wish-list\/","title":{"rendered":"Wish List"},"content":{"rendered":"<div id=\"la_wishlist_table_wrapper\">\n    <div id=\"la_wishlist_table_wrapper2\">\n<table class=\"la_wishlist_table shop_table shop_table_responsive woocommerce-cart-form__contents\" cellspacing=\"0\">\n    <thead>\n    <tr>\n        <th class=\"product-remove\">&nbsp;<\/th>\n        <th class=\"product-thumbnail\">&nbsp;<\/th>\n        <th class=\"product-name\">Product<\/th>\n        <th class=\"product-stock-status\">Stock Status<\/th>\n        <th class=\"product-price\">Price<\/th>\n        <th class=\"product-action\"><\/th>\n    <\/tr>\n    <\/thead>\n    <tbody>\n            <tr class=\"not-found-product text-center\"><td colspan=\"6\">No products were added to the wishlist<\/td><\/tr>\n            <\/tbody>\n<\/table>\n<\/div>\n<\/div>\n","protected":false},"excerpt":{"rendered":"&nbsp; &nbsp; Product Stock Status Price No products were added to the wishlist","protected":false},"author":1,"featured_media":0,"parent":0,"menu_order":0,"comment_status":"closed","ping_status":"closed","template":"","meta":{"footnotes":""},"class_list":["post-6332","page","type-page","status-publish","hentry"],"yoast_head":"<!-- This site is optimized with the Yoast SEO plugin v27.0 - https:\/\/yoast.com\/product\/yoast-seo-wordpress\/ -->\n<title>Art Silpol - Wish List -<\/title>\n<meta name=\"description\" content=\"Nasza firma wykonuje jedne z najlepszych jako\u015bciowo oraz najta\u0144szych form silikonowych i poliuretanowych na rynku polskim! Zawsze stawiamy na najwy\u017csz\u0105 jako\u015b\u0107 naszych produkt\u00f3w. Posiadamy rozbudowany i r\u00f3\u017cnorodny asortyment.\" \/>\n<meta name=\"robots\" content=\"index, follow, max-snippet:-1, max-image-preview:large, max-video-preview:-1\" \/>\n<link rel=\"canonical\" href=\"https:\/\/artsilpol.pl\/n\/en\/wish-list\/\" \/>\n<meta property=\"og:locale\" content=\"en_US\" \/>\n<meta property=\"og:type\" content=\"article\" \/>\n<meta property=\"og:title\" content=\"Art Silpol - Wish List -\" \/>\n<meta property=\"og:description\" content=\"Nasza firma wykonuje jedne z najlepszych jako\u015bciowo oraz najta\u0144szych form silikonowych i poliuretanowych na rynku polskim! Zawsze stawiamy na najwy\u017csz\u0105 jako\u015b\u0107 naszych produkt\u00f3w. Posiadamy rozbudowany i r\u00f3\u017cnorodny asortyment.\" \/>\n<meta property=\"og:url\" content=\"https:\/\/artsilpol.pl\/n\/en\/wish-list\/\" \/>\n<meta property=\"og:site_name\" content=\"Art Silpol\" \/>\n<meta property=\"article:publisher\" content=\"https:\/\/www.facebook.com\/Formy-Silikonowe-Poliuretanowe-555775041119482\/?ref=br_rs\" \/>\n<meta property=\"article:modified_time\" content=\"2019-07-01T13:11:08+00:00\" \/>\n<meta name=\"twitter:card\" content=\"summary_large_image\" \/>\n<script type=\"application\/ld+json\" class=\"yoast-schema-graph\">{\"@context\":\"https:\/\/schema.org\",\"@graph\":[{\"@type\":\"WebPage\",\"@id\":\"https:\/\/artsilpol.pl\/n\/en\/wish-list\/\",\"url\":\"https:\/\/artsilpol.pl\/n\/en\/wish-list\/\",\"name\":\"Art Silpol - Wish List -\",\"isPartOf\":{\"@id\":\"https:\/\/artsilpol.pl\/n\/en\/#website\"},\"datePublished\":\"2018-03-20T07:43:52+00:00\",\"dateModified\":\"2019-07-01T13:11:08+00:00\",\"description\":\"Nasza firma wykonuje jedne z najlepszych jako\u015bciowo oraz najta\u0144szych form silikonowych i poliuretanowych na rynku polskim! Zawsze stawiamy na najwy\u017csz\u0105 jako\u015b\u0107 naszych produkt\u00f3w. Posiadamy rozbudowany i r\u00f3\u017cnorodny asortyment.\",\"breadcrumb\":{\"@id\":\"https:\/\/artsilpol.pl\/n\/en\/wish-list\/#breadcrumb\"},\"inLanguage\":\"en-US\",\"potentialAction\":[{\"@type\":\"ReadAction\",\"target\":[\"https:\/\/artsilpol.pl\/n\/en\/wish-list\/\"]}]},{\"@type\":\"BreadcrumbList\",\"@id\":\"https:\/\/artsilpol.pl\/n\/en\/wish-list\/#breadcrumb\",\"itemListElement\":[{\"@type\":\"ListItem\",\"position\":1,\"name\":\"Strona g\u0142\u00f3wna\",\"item\":\"https:\/\/artsilpol.pl\/n\/en\/\"},{\"@type\":\"ListItem\",\"position\":2,\"name\":\"Wish List\"}]},{\"@type\":\"WebSite\",\"@id\":\"https:\/\/artsilpol.pl\/n\/en\/#website\",\"url\":\"https:\/\/artsilpol.pl\/n\/en\/\",\"name\":\"Art Silpol\",\"description\":\"formy silikonowe i poliuretanowe\",\"publisher\":{\"@id\":\"https:\/\/artsilpol.pl\/n\/en\/#organization\"},\"potentialAction\":[{\"@type\":\"SearchAction\",\"target\":{\"@type\":\"EntryPoint\",\"urlTemplate\":\"https:\/\/artsilpol.pl\/n\/en\/?s={search_term_string}\"},\"query-input\":{\"@type\":\"PropertyValueSpecification\",\"valueRequired\":true,\"valueName\":\"search_term_string\"}}],\"inLanguage\":\"en-US\"},{\"@type\":\"Organization\",\"@id\":\"https:\/\/artsilpol.pl\/n\/en\/#organization\",\"name\":\"art silpol - formy silikonowe i poliuretanowe\",\"url\":\"https:\/\/artsilpol.pl\/n\/en\/\",\"logo\":{\"@type\":\"ImageObject\",\"inLanguage\":\"en-US\",\"@id\":\"https:\/\/artsilpol.pl\/n\/en\/#\/schema\/logo\/image\/\",\"url\":\"https:\/\/artsilpol.pl\/n\/wp-content\/uploads\/2019\/05\/logo_mobile.png\",\"contentUrl\":\"https:\/\/artsilpol.pl\/n\/wp-content\/uploads\/2019\/05\/logo_mobile.png\",\"width\":115,\"height\":70,\"caption\":\"art silpol - formy silikonowe i poliuretanowe\"},\"image\":{\"@id\":\"https:\/\/artsilpol.pl\/n\/en\/#\/schema\/logo\/image\/\"},\"sameAs\":[\"https:\/\/www.facebook.com\/Formy-Silikonowe-Poliuretanowe-555775041119482\/?ref=br_rs\",\"https:\/\/www.youtube.com\/user\/bodziomodel\"]}]}<\/script>\n<!-- \/ Yoast SEO plugin. -->","yoast_head_json":{"title":"Art Silpol - Wish List -","description":"Nasza firma wykonuje jedne z najlepszych jako\u015bciowo oraz najta\u0144szych form silikonowych i poliuretanowych na rynku polskim! Zawsze stawiamy na najwy\u017csz\u0105 jako\u015b\u0107 naszych produkt\u00f3w. Posiadamy rozbudowany i r\u00f3\u017cnorodny asortyment.","robots":{"index":"index","follow":"follow","max-snippet":"max-snippet:-1","max-image-preview":"max-image-preview:large","max-video-preview":"max-video-preview:-1"},"canonical":"https:\/\/artsilpol.pl\/n\/en\/wish-list\/","og_locale":"en_US","og_type":"article","og_title":"Art Silpol - Wish List -","og_description":"Nasza firma wykonuje jedne z najlepszych jako\u015bciowo oraz najta\u0144szych form silikonowych i poliuretanowych na rynku polskim! Zawsze stawiamy na najwy\u017csz\u0105 jako\u015b\u0107 naszych produkt\u00f3w. Posiadamy rozbudowany i r\u00f3\u017cnorodny asortyment.","og_url":"https:\/\/artsilpol.pl\/n\/en\/wish-list\/","og_site_name":"Art Silpol","article_publisher":"https:\/\/www.facebook.com\/Formy-Silikonowe-Poliuretanowe-555775041119482\/?ref=br_rs","article_modified_time":"2019-07-01T13:11:08+00:00","twitter_card":"summary_large_image","schema":{"@context":"https:\/\/schema.org","@graph":[{"@type":"WebPage","@id":"https:\/\/artsilpol.pl\/n\/en\/wish-list\/","url":"https:\/\/artsilpol.pl\/n\/en\/wish-list\/","name":"Art Silpol - Wish List -","isPartOf":{"@id":"https:\/\/artsilpol.pl\/n\/en\/#website"},"datePublished":"2018-03-20T07:43:52+00:00","dateModified":"2019-07-01T13:11:08+00:00","description":"Nasza firma wykonuje jedne z najlepszych jako\u015bciowo oraz najta\u0144szych form silikonowych i poliuretanowych na rynku polskim! Zawsze stawiamy na najwy\u017csz\u0105 jako\u015b\u0107 naszych produkt\u00f3w. Posiadamy rozbudowany i r\u00f3\u017cnorodny asortyment.","breadcrumb":{"@id":"https:\/\/artsilpol.pl\/n\/en\/wish-list\/#breadcrumb"},"inLanguage":"en-US","potentialAction":[{"@type":"ReadAction","target":["https:\/\/artsilpol.pl\/n\/en\/wish-list\/"]}]},{"@type":"BreadcrumbList","@id":"https:\/\/artsilpol.pl\/n\/en\/wish-list\/#breadcrumb","itemListElement":[{"@type":"ListItem","position":1,"name":"Strona g\u0142\u00f3wna","item":"https:\/\/artsilpol.pl\/n\/en\/"},{"@type":"ListItem","position":2,"name":"Wish List"}]},{"@type":"WebSite","@id":"https:\/\/artsilpol.pl\/n\/en\/#website","url":"https:\/\/artsilpol.pl\/n\/en\/","name":"Art Silpol","description":"formy silikonowe i poliuretanowe","publisher":{"@id":"https:\/\/artsilpol.pl\/n\/en\/#organization"},"potentialAction":[{"@type":"SearchAction","target":{"@type":"EntryPoint","urlTemplate":"https:\/\/artsilpol.pl\/n\/en\/?s={search_term_string}"},"query-input":{"@type":"PropertyValueSpecification","valueRequired":true,"valueName":"search_term_string"}}],"inLanguage":"en-US"},{"@type":"Organization","@id":"https:\/\/artsilpol.pl\/n\/en\/#organization","name":"art silpol - formy silikonowe i poliuretanowe","url":"https:\/\/artsilpol.pl\/n\/en\/","logo":{"@type":"ImageObject","inLanguage":"en-US","@id":"https:\/\/artsilpol.pl\/n\/en\/#\/schema\/logo\/image\/","url":"https:\/\/artsilpol.pl\/n\/wp-content\/uploads\/2019\/05\/logo_mobile.png","contentUrl":"https:\/\/artsilpol.pl\/n\/wp-content\/uploads\/2019\/05\/logo_mobile.png","width":115,"height":70,"caption":"art silpol - formy silikonowe i poliuretanowe"},"image":{"@id":"https:\/\/artsilpol.pl\/n\/en\/#\/schema\/logo\/image\/"},"sameAs":["https:\/\/www.facebook.com\/Formy-Silikonowe-Poliuretanowe-555775041119482\/?ref=br_rs","https:\/\/www.youtube.com\/user\/bodziomodel"]}]}},"jetpack_sharing_enabled":true,"_links":{"self":[{"href":"https:\/\/artsilpol.pl\/n\/en\/wp-json\/wp\/v2\/pages\/6332","targetHints":{"allow":["GET"]}}],"collection":[{"href":"https:\/\/artsilpol.pl\/n\/en\/wp-json\/wp\/v2\/pages"}],"about":[{"href":"https:\/\/artsilpol.pl\/n\/en\/wp-json\/wp\/v2\/types\/page"}],"author":[{"embeddable":true,"href":"https:\/\/artsilpol.pl\/n\/en\/wp-json\/wp\/v2\/users\/1"}],"replies":[{"embeddable":true,"href":"https:\/\/artsilpol.pl\/n\/en\/wp-json\/wp\/v2\/comments?post=6332"}],"version-history":[{"count":1,"href":"https:\/\/artsilpol.pl\/n\/en\/wp-json\/wp\/v2\/pages\/6332\/revisions"}],"predecessor-version":[{"id":6333,"href":"https:\/\/artsilpol.pl\/n\/en\/wp-json\/wp\/v2\/pages\/6332\/revisions\/6333"}],"wp:attachment":[{"href":"https:\/\/artsilpol.pl\/n\/en\/wp-json\/wp\/v2\/media?parent=6332"}],"curies":[{"name":"wp","href":"https:\/\/api.w.org\/{rel}","templated":true}]}}