{"id":6318,"date":"2019-07-01T14:55:16","date_gmt":"2019-07-01T12:55:16","guid":{"rendered":"https:\/\/artsilpol.pl\/n\/?page_id=6318"},"modified":"2019-07-01T14:55:16","modified_gmt":"2019-07-01T12:55:16","slug":"contact","status":"publish","type":"page","link":"https:\/\/artsilpol.pl\/n\/en\/contact\/","title":{"rendered":"Contact"},"content":{"rendered":"<p>[vc_row][vc_column]<div id=\"la_divider69e00c8300bd1\" class=\"js-el la-divider la-unit-responsive\" data-la_component=\"UnitResponsive\"  data-el_target='#la_divider69e00c8300bd1'  data-el_media_sizes='{&quot;padding-top&quot;:&quot;lg:110px;&quot;}' ><\/div>\n[\/vc_column][\/vc_row][vc_row][vc_column width=&#8221;1\/3&#8243; offset=&#8221;vc_col-lg-3&#8243; css=&#8221;.vc_custom_1501201700765{margin-bottom: 30px !important;padding-right: 0px !important;}&#8221;]<span data-la_component=\"InsertCustomCSS\" class=\"js-el hidden\">@font-face {\n\t\t\t\t\tfont-family: 'LaStudio Outline';\n\t\t\t\t\tsrc: url('https:\/\/artsilpol.pl\/n\/wp-content\/plugins\/lastudio\/public\/fonts\/nucleo-outline.eot');\n\t\t\t\t\tsrc: url('https:\/\/artsilpol.pl\/n\/wp-content\/plugins\/lastudio\/public\/fonts\/nucleo-outline.eot') format('embedded-opentype'),\n\t\t\t\t\turl('https:\/\/artsilpol.pl\/n\/wp-content\/plugins\/lastudio\/public\/fonts\/nucleo-outline.woff2') format('woff2'),\n\t\t\t\t\turl('https:\/\/artsilpol.pl\/n\/wp-content\/plugins\/lastudio\/public\/fonts\/nucleo-outline.woff') format('woff'),\n\t\t\t\t\turl('https:\/\/artsilpol.pl\/n\/wp-content\/plugins\/lastudio\/public\/fonts\/nucleo-outline.ttf') format('truetype'),\n\t\t\t\t\turl('https:\/\/artsilpol.pl\/n\/wp-content\/plugins\/lastudio\/public\/fonts\/nucleo-outline.svg') format('svg');\n\t\t\t\t\tfont-weight: 400;\n\t\t\t\t\tfont-style: normal\n\t\t\t\t}<\/span><div id=\"la_icon_boxes_69e00c8301240\" class=\"la-sc-icon-boxes wpb_content_element icon-type-normal icon-pos-left icon-style-simple margin-bottom-25\">\n    <div class=\"icon-boxes-inner\"><div class=\"box-icon-left\"><div class=\"box-icon-inner type-icon\"><div class=\"wrap-icon\"><div class=\"box-icon box-icon-style-simple\"><span><i class=\"la-icon location_pin\"><\/i><\/span><\/div><\/div><\/div><\/div><div class=\"box-contents\"><div class=\"js-el la-unit-responsive box-description text-uppercase padding-top-0 margin-top-0\" style=\"color:#343538\"  data-la_component=\"UnitResponsive\"  data-el_target='#la_icon_boxes_69e00c8301240 .box-description'  data-el_media_sizes='{&quot;font-size&quot;:&quot;lg:11px;&quot;,&quot;line-height&quot;:&quot;lg:20px;&quot;}' ><p>ul. Niepodleg\u0142o\u015bci 4,<br \/>\n26-110 Skar\u017cysko-Kamienna,<br \/>\npowiat skar\u017cyski,<br \/>\nwoj. \u015aWI\u0118TOKRZYSKIE<\/p>\n<\/div><\/div><\/div>\n<\/div>\n<span data-la_component=\"InsertCustomCSS\" class=\"js-el hidden\">#la_icon_boxes_69e00c8301240.la-sc-icon-boxes .wrap-icon .box-icon span{line-height:32px;font-size:32px;width:32px;height:32px;color:#343538}#la_icon_boxes_69e00c8301240.icon-type-normal:hover .wrap-icon .box-icon span{color:#343538}<\/span>\n<div id=\"la_icon_boxes_69e00c8301698\" class=\"la-sc-icon-boxes wpb_content_element icon-type-normal icon-pos-left icon-style-simple margin-bottom-25\">\n    <div class=\"icon-boxes-inner\"><div class=\"box-icon-left\"><div class=\"box-icon-inner type-icon\"><div class=\"wrap-icon\"><div class=\"box-icon box-icon-style-simple\"><span><i class=\"la-icon ui-3_phone-call\"><\/i><\/span><\/div><\/div><\/div><\/div><div class=\"box-contents\"><div class=\"js-el la-unit-responsive box-description text-uppercase padding-top-0 margin-top-0\" style=\"color:#343538\"  data-la_component=\"UnitResponsive\"  data-el_target='#la_icon_boxes_69e00c8301698 .box-description'  data-el_media_sizes='{&quot;font-size&quot;:&quot;lg:11px;&quot;,&quot;line-height&quot;:&quot;lg:20px;&quot;}' ><p>+48 880 318 290<\/p>\n<\/div><\/div><\/div>\n<\/div>\n<span data-la_component=\"InsertCustomCSS\" class=\"js-el hidden\">#la_icon_boxes_69e00c8301698.la-sc-icon-boxes .wrap-icon .box-icon span{line-height:32px;font-size:32px;width:32px;height:32px;color:#343538}#la_icon_boxes_69e00c8301698.icon-type-normal:hover .wrap-icon .box-icon span{color:#343538}<\/span>\n<div id=\"la_icon_boxes_69e00c8301a51\" class=\"la-sc-icon-boxes wpb_content_element icon-type-normal icon-pos-left icon-style-simple\">\n    <div class=\"icon-boxes-inner\"><div class=\"box-icon-left\"><div class=\"box-icon-inner type-icon\"><div class=\"wrap-icon\"><div class=\"box-icon box-icon-style-simple\"><span><i class=\"la-icon ui-1_email-84\"><\/i><\/span><\/div><\/div><\/div><\/div><div class=\"box-contents\"><div class=\"js-el la-unit-responsive box-description text-uppercase padding-top-0 margin-top-0\" style=\"color:#343538\"  data-la_component=\"UnitResponsive\"  data-el_target='#la_icon_boxes_69e00c8301a51 .box-description'  data-el_media_sizes='{&quot;font-size&quot;:&quot;lg:11px;&quot;,&quot;line-height&quot;:&quot;lg:20px;&quot;}' ><p>kontakt@artsilpol.pl<\/p>\n<\/div><\/div><\/div>\n<\/div>\n<span data-la_component=\"InsertCustomCSS\" class=\"js-el hidden\">#la_icon_boxes_69e00c8301a51.la-sc-icon-boxes .wrap-icon .box-icon span{line-height:32px;font-size:32px;width:32px;height:32px;color:#343538}#la_icon_boxes_69e00c8301a51.icon-type-normal:hover .wrap-icon .box-icon span{color:#343538}<\/span>\n<div class=\"social-media-link style-default font-size-16 text-color-secondary margin-bottom-40\"><a href=\"https:\/\/www.facebook.com\/Formy-Silikonowe-Poliuretanowe-555775041119482\/\" class=\"facebook\" title=\"Facebook\" target=\"_blank\" rel=\"nofollow\"><i class=\"fa fa-facebook\"><\/i><\/a><\/div>[\/vc_column][vc_column width=&#8221;2\/3&#8243; offset=&#8221;vc_col-lg-offset-1&#8243;][vc_row_inner][vc_column_inner offset=&#8221;vc_col-lg-offset-1 vc_col-lg-10&#8243;]<div id=\"la_heading_69e00c8301e8e\" class=\"la-headings text-center spacer-position-middle\"><h3 class=\"js-el heading-tag la-unit-responsive margin-top-0\" style=\"\"  data-la_component=\"UnitResponsive\"  data-el_target='#la_heading_69e00c8301e8e .heading-tag'  data-el_media_sizes='{&quot;font-size&quot;:&quot;lg:24px;&quot;,&quot;line-height&quot;:&quot;lg:36px;&quot;}' >Let us know what you mean and we will contact you in a heartbeat!<\/h3><div class=\"la-separator  margin-top-20 margin-bottom-20\" style=\"height:1px\"><span class=\"la-line js-el la-unit-responsive\" style=\"border-style:solid;border-width:1px 0 0;border-color:#232324\"  data-la_component=\"UnitResponsive\"  data-el_target='#la_heading_69e00c8301e8e .la-line'  data-el_media_sizes='{&quot;width&quot;:&quot;lg:100px;&quot;}' ><\/span><\/div><div class=\"js-el subheading-tag la-unit-responsive\" style=\"\" ><p>Art Silpol<\/p>\n<\/div><\/div>\n[\/vc_column_inner][\/vc_row_inner]<div id=\"la_divider69e00c83020f2\" class=\"js-el la-divider la-unit-responsive\" data-la_component=\"UnitResponsive\"  data-el_target='#la_divider69e00c83020f2'  data-el_media_sizes='{&quot;padding-top&quot;:&quot;lg:35px;&quot;}' ><\/div>\n\n<div class=\"wpcf7 no-js\" id=\"wpcf7-f13739-o1\" lang=\"en-US\" dir=\"ltr\" data-wpcf7-id=\"13739\">\n<div class=\"screen-reader-response\"><p role=\"status\" aria-live=\"polite\" aria-atomic=\"true\"><\/p> <ul><\/ul><\/div>\n<form action=\"\/n\/en\/wp-json\/wp\/v2\/pages\/6318#wpcf7-f13739-o1\" method=\"post\" class=\"wpcf7-form init\" aria-label=\"Contact form\" novalidate=\"novalidate\" data-status=\"init\">\n<fieldset class=\"hidden-fields-container\"><input type=\"hidden\" name=\"_wpcf7\" value=\"13739\" \/><input type=\"hidden\" name=\"_wpcf7_version\" value=\"6.1.5\" \/><input type=\"hidden\" name=\"_wpcf7_locale\" value=\"en_US\" \/><input type=\"hidden\" name=\"_wpcf7_unit_tag\" value=\"wpcf7-f13739-o1\" \/><input type=\"hidden\" name=\"_wpcf7_container_post\" value=\"0\" \/><input type=\"hidden\" name=\"_wpcf7_posted_data_hash\" value=\"\" \/>\n<\/fieldset>\n<div class=\"cf7-style-default\">\n\t<div class=\"row\">\n\t\t<div class=\"col-xs-12 col-sm-6\">\n\t\t\t<p><span class=\"wpcf7-form-control-wrap\" data-name=\"your-name\"><input size=\"40\" maxlength=\"400\" class=\"wpcf7-form-control wpcf7-text wpcf7-validates-as-required\" aria-required=\"true\" aria-invalid=\"false\" placeholder=\"YOUR NAME\" value=\"\" type=\"text\" name=\"your-name\" \/><\/span>\n\t\t\t<\/p>\n\t\t<\/div>\n\t\t<div class=\"col-xs-12 col-sm-6\">\n\t\t\t<p><span class=\"wpcf7-form-control-wrap\" data-name=\"your-email\"><input size=\"40\" maxlength=\"400\" class=\"wpcf7-form-control wpcf7-email wpcf7-validates-as-required wpcf7-text wpcf7-validates-as-email\" aria-required=\"true\" aria-invalid=\"false\" placeholder=\"EMAIL\" value=\"\" type=\"email\" name=\"your-email\" \/><\/span>\n\t\t\t<\/p>\n\t\t<\/div>\n\t<\/div>\n\t<div class=\"row\">\n\t\t<div class=\"col-xs-12 col-sm-6\">\n\t\t\t<p><span class=\"wpcf7-form-control-wrap\" data-name=\"your-website\"><input size=\"40\" maxlength=\"400\" class=\"wpcf7-form-control wpcf7-text wpcf7-validates-as-required\" aria-required=\"true\" aria-invalid=\"false\" placeholder=\"WEBSITE\" value=\"\" type=\"text\" name=\"your-website\" \/><\/span>\n\t\t\t<\/p>\n\t\t<\/div>\n\t\t<div class=\"col-xs-12 col-sm-6\">\n\t\t\t<p><span class=\"wpcf7-form-control-wrap\" data-name=\"your-phone\"><input size=\"40\" maxlength=\"400\" class=\"wpcf7-form-control wpcf7-tel wpcf7-validates-as-required wpcf7-text wpcf7-validates-as-tel\" aria-required=\"true\" aria-invalid=\"false\" placeholder=\"PHONE NUMBER\" value=\"\" type=\"tel\" name=\"your-phone\" \/><\/span>\n\t\t\t<\/p>\n\t\t<\/div>\n\t<\/div>\n\t<div class=\"row\">\n\t\t<div class=\"col-xs-12\">\n\t\t\t<p><span class=\"wpcf7-form-control-wrap\" data-name=\"your-message\"><textarea cols=\"40\" rows=\"8\" maxlength=\"2000\" class=\"wpcf7-form-control wpcf7-textarea wpcf7-validates-as-required\" aria-required=\"true\" aria-invalid=\"false\" placeholder=\"MESSAGE\" name=\"your-message\"><\/textarea><\/span>\n\t\t\t<\/p>\n\t\t<\/div>\n\t<\/div>\n\t<div class=\"row\">\n\t\t<div class=\"col-xs-12\">\n\t\t\t<p><input class=\"wpcf7-form-control wpcf7-submit has-spinner btn btn-style-flat btn-color-black size-full\" type=\"submit\" value=\"SEND MESSAGE\" \/>\n\t\t\t<\/p>\n\t\t<\/div>\n\t<\/div>\n<\/div><div class=\"wpcf7-response-output\" aria-hidden=\"true\"><\/div>\n<\/form>\n<\/div>\n[\/vc_column][\/vc_row][vc_row][vc_column]<div id=\"la_divider69e00c83044f5\" class=\"js-el la-divider la-unit-responsive\" data-la_component=\"UnitResponsive\"  data-el_target='#la_divider69e00c83044f5'  data-el_media_sizes='{&quot;padding-top&quot;:&quot;lg:110px;&quot;}' ><\/div>\n[\/vc_column][\/vc_row]<\/p>\n","protected":false},"excerpt":{"rendered":"<p>[vc_row][vc_column][\/vc_column][\/vc_row][vc_row][vc_column width=&#8221;1\/3&#8243; offset=&#8221;vc_col-lg-3&#8243; css=&#8221;.vc_custom_1501201700765{margin-bottom: 30px !important;padding-right: 0px !important;}&#8221;][\/vc_column][vc_column width=&#8221;2\/3&#8243; offset=&#8221;vc_col-lg-offset-1&#8243;][vc_row_inner][vc_column_inner offset=&#8221;vc_col-lg-offset-1 vc_col-lg-10&#8243;][\/vc_column_inner][\/vc_row_inner][\/vc_column][\/vc_row][vc_row][vc_column][\/vc_column][\/vc_row]<\/p>\n","protected":false},"author":1,"featured_media":0,"parent":0,"menu_order":0,"comment_status":"closed","ping_status":"closed","template":"","meta":{"footnotes":""},"class_list":["post-6318","page","type-page","status-publish","hentry"],"yoast_head":"<!-- This site is optimized with the Yoast SEO plugin v27.0 - https:\/\/yoast.com\/product\/yoast-seo-wordpress\/ -->\n<title>Art Silpol - Contact -<\/title>\n<meta name=\"description\" content=\"Nasza firma wykonuje jedne z najlepszych jako\u015bciowo oraz najta\u0144szych form silikonowych i poliuretanowych na rynku polskim! Zawsze stawiamy na najwy\u017csz\u0105 jako\u015b\u0107 naszych produkt\u00f3w. Posiadamy rozbudowany i r\u00f3\u017cnorodny asortyment.\" \/>\n<meta name=\"robots\" content=\"index, follow, max-snippet:-1, max-image-preview:large, max-video-preview:-1\" \/>\n<link rel=\"canonical\" href=\"https:\/\/artsilpol.pl\/n\/en\/contact\/\" \/>\n<meta property=\"og:locale\" content=\"en_US\" \/>\n<meta property=\"og:type\" content=\"article\" \/>\n<meta property=\"og:title\" content=\"Art Silpol - Contact -\" \/>\n<meta property=\"og:description\" content=\"Nasza firma wykonuje jedne z najlepszych jako\u015bciowo oraz najta\u0144szych form silikonowych i poliuretanowych na rynku polskim! Zawsze stawiamy na najwy\u017csz\u0105 jako\u015b\u0107 naszych produkt\u00f3w. Posiadamy rozbudowany i r\u00f3\u017cnorodny asortyment.\" \/>\n<meta property=\"og:url\" content=\"https:\/\/artsilpol.pl\/n\/en\/contact\/\" \/>\n<meta property=\"og:site_name\" content=\"Art Silpol\" \/>\n<meta property=\"article:publisher\" content=\"https:\/\/www.facebook.com\/Formy-Silikonowe-Poliuretanowe-555775041119482\/?ref=br_rs\" \/>\n<meta name=\"twitter:card\" content=\"summary_large_image\" \/>\n<meta name=\"twitter:label1\" content=\"Est. reading time\" \/>\n\t<meta name=\"twitter:data1\" content=\"1 minute\" \/>\n<script type=\"application\/ld+json\" class=\"yoast-schema-graph\">{\"@context\":\"https:\/\/schema.org\",\"@graph\":[{\"@type\":\"WebPage\",\"@id\":\"https:\/\/artsilpol.pl\/n\/en\/contact\/\",\"url\":\"https:\/\/artsilpol.pl\/n\/en\/contact\/\",\"name\":\"Art Silpol - Contact -\",\"isPartOf\":{\"@id\":\"https:\/\/artsilpol.pl\/n\/en\/#website\"},\"datePublished\":\"2019-07-01T12:55:16+00:00\",\"description\":\"Nasza firma wykonuje jedne z najlepszych jako\u015bciowo oraz najta\u0144szych form silikonowych i poliuretanowych na rynku polskim! Zawsze stawiamy na najwy\u017csz\u0105 jako\u015b\u0107 naszych produkt\u00f3w. Posiadamy rozbudowany i r\u00f3\u017cnorodny asortyment.\",\"breadcrumb\":{\"@id\":\"https:\/\/artsilpol.pl\/n\/en\/contact\/#breadcrumb\"},\"inLanguage\":\"en-US\",\"potentialAction\":[{\"@type\":\"ReadAction\",\"target\":[\"https:\/\/artsilpol.pl\/n\/en\/contact\/\"]}]},{\"@type\":\"BreadcrumbList\",\"@id\":\"https:\/\/artsilpol.pl\/n\/en\/contact\/#breadcrumb\",\"itemListElement\":[{\"@type\":\"ListItem\",\"position\":1,\"name\":\"Strona g\u0142\u00f3wna\",\"item\":\"https:\/\/artsilpol.pl\/n\/en\/\"},{\"@type\":\"ListItem\",\"position\":2,\"name\":\"Contact\"}]},{\"@type\":\"WebSite\",\"@id\":\"https:\/\/artsilpol.pl\/n\/en\/#website\",\"url\":\"https:\/\/artsilpol.pl\/n\/en\/\",\"name\":\"Art Silpol\",\"description\":\"formy silikonowe i poliuretanowe\",\"publisher\":{\"@id\":\"https:\/\/artsilpol.pl\/n\/en\/#organization\"},\"potentialAction\":[{\"@type\":\"SearchAction\",\"target\":{\"@type\":\"EntryPoint\",\"urlTemplate\":\"https:\/\/artsilpol.pl\/n\/en\/?s={search_term_string}\"},\"query-input\":{\"@type\":\"PropertyValueSpecification\",\"valueRequired\":true,\"valueName\":\"search_term_string\"}}],\"inLanguage\":\"en-US\"},{\"@type\":\"Organization\",\"@id\":\"https:\/\/artsilpol.pl\/n\/en\/#organization\",\"name\":\"art silpol - formy silikonowe i poliuretanowe\",\"url\":\"https:\/\/artsilpol.pl\/n\/en\/\",\"logo\":{\"@type\":\"ImageObject\",\"inLanguage\":\"en-US\",\"@id\":\"https:\/\/artsilpol.pl\/n\/en\/#\/schema\/logo\/image\/\",\"url\":\"https:\/\/artsilpol.pl\/n\/wp-content\/uploads\/2019\/05\/logo_mobile.png\",\"contentUrl\":\"https:\/\/artsilpol.pl\/n\/wp-content\/uploads\/2019\/05\/logo_mobile.png\",\"width\":115,\"height\":70,\"caption\":\"art silpol - formy silikonowe i poliuretanowe\"},\"image\":{\"@id\":\"https:\/\/artsilpol.pl\/n\/en\/#\/schema\/logo\/image\/\"},\"sameAs\":[\"https:\/\/www.facebook.com\/Formy-Silikonowe-Poliuretanowe-555775041119482\/?ref=br_rs\",\"https:\/\/www.youtube.com\/user\/bodziomodel\"]}]}<\/script>\n<!-- \/ Yoast SEO plugin. -->","yoast_head_json":{"title":"Art Silpol - Contact -","description":"Nasza firma wykonuje jedne z najlepszych jako\u015bciowo oraz najta\u0144szych form silikonowych i poliuretanowych na rynku polskim! Zawsze stawiamy na najwy\u017csz\u0105 jako\u015b\u0107 naszych produkt\u00f3w. Posiadamy rozbudowany i r\u00f3\u017cnorodny asortyment.","robots":{"index":"index","follow":"follow","max-snippet":"max-snippet:-1","max-image-preview":"max-image-preview:large","max-video-preview":"max-video-preview:-1"},"canonical":"https:\/\/artsilpol.pl\/n\/en\/contact\/","og_locale":"en_US","og_type":"article","og_title":"Art Silpol - Contact -","og_description":"Nasza firma wykonuje jedne z najlepszych jako\u015bciowo oraz najta\u0144szych form silikonowych i poliuretanowych na rynku polskim! Zawsze stawiamy na najwy\u017csz\u0105 jako\u015b\u0107 naszych produkt\u00f3w. Posiadamy rozbudowany i r\u00f3\u017cnorodny asortyment.","og_url":"https:\/\/artsilpol.pl\/n\/en\/contact\/","og_site_name":"Art Silpol","article_publisher":"https:\/\/www.facebook.com\/Formy-Silikonowe-Poliuretanowe-555775041119482\/?ref=br_rs","twitter_card":"summary_large_image","twitter_misc":{"Est. reading time":"1 minute"},"schema":{"@context":"https:\/\/schema.org","@graph":[{"@type":"WebPage","@id":"https:\/\/artsilpol.pl\/n\/en\/contact\/","url":"https:\/\/artsilpol.pl\/n\/en\/contact\/","name":"Art Silpol - Contact -","isPartOf":{"@id":"https:\/\/artsilpol.pl\/n\/en\/#website"},"datePublished":"2019-07-01T12:55:16+00:00","description":"Nasza firma wykonuje jedne z najlepszych jako\u015bciowo oraz najta\u0144szych form silikonowych i poliuretanowych na rynku polskim! Zawsze stawiamy na najwy\u017csz\u0105 jako\u015b\u0107 naszych produkt\u00f3w. Posiadamy rozbudowany i r\u00f3\u017cnorodny asortyment.","breadcrumb":{"@id":"https:\/\/artsilpol.pl\/n\/en\/contact\/#breadcrumb"},"inLanguage":"en-US","potentialAction":[{"@type":"ReadAction","target":["https:\/\/artsilpol.pl\/n\/en\/contact\/"]}]},{"@type":"BreadcrumbList","@id":"https:\/\/artsilpol.pl\/n\/en\/contact\/#breadcrumb","itemListElement":[{"@type":"ListItem","position":1,"name":"Strona g\u0142\u00f3wna","item":"https:\/\/artsilpol.pl\/n\/en\/"},{"@type":"ListItem","position":2,"name":"Contact"}]},{"@type":"WebSite","@id":"https:\/\/artsilpol.pl\/n\/en\/#website","url":"https:\/\/artsilpol.pl\/n\/en\/","name":"Art Silpol","description":"formy silikonowe i poliuretanowe","publisher":{"@id":"https:\/\/artsilpol.pl\/n\/en\/#organization"},"potentialAction":[{"@type":"SearchAction","target":{"@type":"EntryPoint","urlTemplate":"https:\/\/artsilpol.pl\/n\/en\/?s={search_term_string}"},"query-input":{"@type":"PropertyValueSpecification","valueRequired":true,"valueName":"search_term_string"}}],"inLanguage":"en-US"},{"@type":"Organization","@id":"https:\/\/artsilpol.pl\/n\/en\/#organization","name":"art silpol - formy silikonowe i poliuretanowe","url":"https:\/\/artsilpol.pl\/n\/en\/","logo":{"@type":"ImageObject","inLanguage":"en-US","@id":"https:\/\/artsilpol.pl\/n\/en\/#\/schema\/logo\/image\/","url":"https:\/\/artsilpol.pl\/n\/wp-content\/uploads\/2019\/05\/logo_mobile.png","contentUrl":"https:\/\/artsilpol.pl\/n\/wp-content\/uploads\/2019\/05\/logo_mobile.png","width":115,"height":70,"caption":"art silpol - formy silikonowe i poliuretanowe"},"image":{"@id":"https:\/\/artsilpol.pl\/n\/en\/#\/schema\/logo\/image\/"},"sameAs":["https:\/\/www.facebook.com\/Formy-Silikonowe-Poliuretanowe-555775041119482\/?ref=br_rs","https:\/\/www.youtube.com\/user\/bodziomodel"]}]}},"jetpack_sharing_enabled":true,"_links":{"self":[{"href":"https:\/\/artsilpol.pl\/n\/en\/wp-json\/wp\/v2\/pages\/6318","targetHints":{"allow":["GET"]}}],"collection":[{"href":"https:\/\/artsilpol.pl\/n\/en\/wp-json\/wp\/v2\/pages"}],"about":[{"href":"https:\/\/artsilpol.pl\/n\/en\/wp-json\/wp\/v2\/types\/page"}],"author":[{"embeddable":true,"href":"https:\/\/artsilpol.pl\/n\/en\/wp-json\/wp\/v2\/users\/1"}],"replies":[{"embeddable":true,"href":"https:\/\/artsilpol.pl\/n\/en\/wp-json\/wp\/v2\/comments?post=6318"}],"version-history":[{"count":1,"href":"https:\/\/artsilpol.pl\/n\/en\/wp-json\/wp\/v2\/pages\/6318\/revisions"}],"predecessor-version":[{"id":6319,"href":"https:\/\/artsilpol.pl\/n\/en\/wp-json\/wp\/v2\/pages\/6318\/revisions\/6319"}],"wp:attachment":[{"href":"https:\/\/artsilpol.pl\/n\/en\/wp-json\/wp\/v2\/media?parent=6318"}],"curies":[{"name":"wp","href":"https:\/\/api.w.org\/{rel}","templated":true}]}}