{"id":6290,"date":"2019-06-07T11:05:14","date_gmt":"2019-06-07T09:05:14","guid":{"rendered":"https:\/\/artsilpol.pl\/n\/?page_id=6290"},"modified":"2019-07-01T14:20:54","modified_gmt":"2019-07-01T12:20:54","slug":"bases-of-casting-architectural-concrete","status":"publish","type":"page","link":"https:\/\/artsilpol.pl\/n\/en\/bases-of-casting-architectural-concrete\/","title":{"rendered":"Bases of casting architectural concrete"},"content":{"rendered":"<p>[vc_row equal_height=&#8221;yes&#8221; content_placement=&#8221;middle&#8221;][vc_column][vc_row_inner][vc_column_inner][vc_column_text]Smooth as well as travertine textured polyurethane molds are dedicated to cast architectural concrete without admixture of construction chemical.<\/p>\n<p>When you want to use construction chemicals \/ plasticizers or ready moistures GRC you have to check if there are no any CHLORINE compounds in their composition. Any chlorine compounds may lead to shrink or stretch of the mold.<\/p>\n<p>Proffered composition of mixtures for architectural concrete:<\/p>\n<p>1\/ Portland cement class 400-425 \/ 50 % of volume<\/p>\n<p>2 \/ clean, washed sand \/ 50 % of volume<\/p>\n<p>3\/ fiber glass 3-5 % ratio for smooth tiles, travertine and other with texture up to 13 % openwork plates -decorative \/ volume<\/p>\n<p>4\/ for strengthen and at the same time lighten tiles you can add expanded clay aggregate of low fractions in the amount of even 10 \u2013 15% of volume<\/p>\n<p>5\/ for strengthen you can use aggregates.<\/p>\n<p>ATTENTION!!!<\/p>\n<p>Usage of concrete with any chlorine compounds, chlorides, chlorates and their derivatives included in:<\/p>\n<p>PLASTICIZERS<br \/>\nSUPERPLASTICIZERS<br \/>\nAERATORS<br \/>\nREADY MIXTURES OF CONCRETE UNDER DIFFERENT NAMES: ,,GRC,, architectural concrete<br \/>\nMAY LEAD TO DEFORMATIONS OF MOLDS.<\/p>\n<p>Have a nice casting<br \/>\nART SILPOL[\/vc_column_text][\/vc_column_inner][\/vc_row_inner][\/vc_column][\/vc_row]<\/p>\n","protected":false},"excerpt":{"rendered":"<p>[vc_row equal_height=&#8221;yes&#8221; content_placement=&#8221;middle&#8221;][vc_column][vc_row_inner][vc_column_inner][vc_column_text]Smooth as well as travertine textured polyurethane molds are dedicated to cast architectural concrete without admixture of construction&hellip;<\/p>\n","protected":false},"author":1,"featured_media":0,"parent":0,"menu_order":0,"comment_status":"closed","ping_status":"closed","template":"","meta":{"footnotes":""},"class_list":["post-6290","page","type-page","status-publish","hentry"],"yoast_head":"<!-- This site is optimized with the Yoast SEO plugin v27.0 - https:\/\/yoast.com\/product\/yoast-seo-wordpress\/ -->\n<title>Art Silpol - Bases of casting architectural concrete -<\/title>\n<meta name=\"description\" content=\"Nasza firma wykonuje jedne z najlepszych jako\u015bciowo oraz najta\u0144szych form silikonowych i poliuretanowych na rynku polskim! Zawsze stawiamy na najwy\u017csz\u0105 jako\u015b\u0107 naszych produkt\u00f3w. Posiadamy rozbudowany i r\u00f3\u017cnorodny asortyment.\" \/>\n<meta name=\"robots\" content=\"index, follow, max-snippet:-1, max-image-preview:large, max-video-preview:-1\" \/>\n<link rel=\"canonical\" href=\"https:\/\/artsilpol.pl\/n\/en\/bases-of-casting-architectural-concrete\/\" \/>\n<meta property=\"og:locale\" content=\"en_US\" \/>\n<meta property=\"og:type\" content=\"article\" \/>\n<meta property=\"og:title\" content=\"Art Silpol - Bases of casting architectural concrete -\" \/>\n<meta property=\"og:description\" content=\"Nasza firma wykonuje jedne z najlepszych jako\u015bciowo oraz najta\u0144szych form silikonowych i poliuretanowych na rynku polskim! Zawsze stawiamy na najwy\u017csz\u0105 jako\u015b\u0107 naszych produkt\u00f3w. Posiadamy rozbudowany i r\u00f3\u017cnorodny asortyment.\" \/>\n<meta property=\"og:url\" content=\"https:\/\/artsilpol.pl\/n\/en\/bases-of-casting-architectural-concrete\/\" \/>\n<meta property=\"og:site_name\" content=\"Art Silpol\" \/>\n<meta property=\"article:publisher\" content=\"https:\/\/www.facebook.com\/Formy-Silikonowe-Poliuretanowe-555775041119482\/?ref=br_rs\" \/>\n<meta property=\"article:modified_time\" content=\"2019-07-01T12:20:54+00:00\" \/>\n<meta name=\"twitter:card\" content=\"summary_large_image\" \/>\n<meta name=\"twitter:label1\" content=\"Est. reading time\" \/>\n\t<meta name=\"twitter:data1\" content=\"1 minute\" \/>\n<script type=\"application\/ld+json\" class=\"yoast-schema-graph\">{\"@context\":\"https:\/\/schema.org\",\"@graph\":[{\"@type\":\"WebPage\",\"@id\":\"https:\/\/artsilpol.pl\/n\/en\/bases-of-casting-architectural-concrete\/\",\"url\":\"https:\/\/artsilpol.pl\/n\/en\/bases-of-casting-architectural-concrete\/\",\"name\":\"Art Silpol - Bases of casting architectural concrete -\",\"isPartOf\":{\"@id\":\"https:\/\/artsilpol.pl\/n\/en\/#website\"},\"datePublished\":\"2019-06-07T09:05:14+00:00\",\"dateModified\":\"2019-07-01T12:20:54+00:00\",\"description\":\"Nasza firma wykonuje jedne z najlepszych jako\u015bciowo oraz najta\u0144szych form silikonowych i poliuretanowych na rynku polskim! Zawsze stawiamy na najwy\u017csz\u0105 jako\u015b\u0107 naszych produkt\u00f3w. Posiadamy rozbudowany i r\u00f3\u017cnorodny asortyment.\",\"breadcrumb\":{\"@id\":\"https:\/\/artsilpol.pl\/n\/en\/bases-of-casting-architectural-concrete\/#breadcrumb\"},\"inLanguage\":\"en-US\",\"potentialAction\":[{\"@type\":\"ReadAction\",\"target\":[\"https:\/\/artsilpol.pl\/n\/en\/bases-of-casting-architectural-concrete\/\"]}]},{\"@type\":\"BreadcrumbList\",\"@id\":\"https:\/\/artsilpol.pl\/n\/en\/bases-of-casting-architectural-concrete\/#breadcrumb\",\"itemListElement\":[{\"@type\":\"ListItem\",\"position\":1,\"name\":\"Strona g\u0142\u00f3wna\",\"item\":\"https:\/\/artsilpol.pl\/n\/en\/\"},{\"@type\":\"ListItem\",\"position\":2,\"name\":\"Bases of casting architectural concrete\"}]},{\"@type\":\"WebSite\",\"@id\":\"https:\/\/artsilpol.pl\/n\/en\/#website\",\"url\":\"https:\/\/artsilpol.pl\/n\/en\/\",\"name\":\"Art Silpol\",\"description\":\"formy silikonowe i poliuretanowe\",\"publisher\":{\"@id\":\"https:\/\/artsilpol.pl\/n\/en\/#organization\"},\"potentialAction\":[{\"@type\":\"SearchAction\",\"target\":{\"@type\":\"EntryPoint\",\"urlTemplate\":\"https:\/\/artsilpol.pl\/n\/en\/?s={search_term_string}\"},\"query-input\":{\"@type\":\"PropertyValueSpecification\",\"valueRequired\":true,\"valueName\":\"search_term_string\"}}],\"inLanguage\":\"en-US\"},{\"@type\":\"Organization\",\"@id\":\"https:\/\/artsilpol.pl\/n\/en\/#organization\",\"name\":\"art silpol - formy silikonowe i poliuretanowe\",\"url\":\"https:\/\/artsilpol.pl\/n\/en\/\",\"logo\":{\"@type\":\"ImageObject\",\"inLanguage\":\"en-US\",\"@id\":\"https:\/\/artsilpol.pl\/n\/en\/#\/schema\/logo\/image\/\",\"url\":\"https:\/\/artsilpol.pl\/n\/wp-content\/uploads\/2019\/05\/logo_mobile.png\",\"contentUrl\":\"https:\/\/artsilpol.pl\/n\/wp-content\/uploads\/2019\/05\/logo_mobile.png\",\"width\":115,\"height\":70,\"caption\":\"art silpol - formy silikonowe i poliuretanowe\"},\"image\":{\"@id\":\"https:\/\/artsilpol.pl\/n\/en\/#\/schema\/logo\/image\/\"},\"sameAs\":[\"https:\/\/www.facebook.com\/Formy-Silikonowe-Poliuretanowe-555775041119482\/?ref=br_rs\",\"https:\/\/www.youtube.com\/user\/bodziomodel\"]}]}<\/script>\n<!-- \/ Yoast SEO plugin. -->","yoast_head_json":{"title":"Art Silpol - Bases of casting architectural concrete -","description":"Nasza firma wykonuje jedne z najlepszych jako\u015bciowo oraz najta\u0144szych form silikonowych i poliuretanowych na rynku polskim! Zawsze stawiamy na najwy\u017csz\u0105 jako\u015b\u0107 naszych produkt\u00f3w. Posiadamy rozbudowany i r\u00f3\u017cnorodny asortyment.","robots":{"index":"index","follow":"follow","max-snippet":"max-snippet:-1","max-image-preview":"max-image-preview:large","max-video-preview":"max-video-preview:-1"},"canonical":"https:\/\/artsilpol.pl\/n\/en\/bases-of-casting-architectural-concrete\/","og_locale":"en_US","og_type":"article","og_title":"Art Silpol - Bases of casting architectural concrete -","og_description":"Nasza firma wykonuje jedne z najlepszych jako\u015bciowo oraz najta\u0144szych form silikonowych i poliuretanowych na rynku polskim! Zawsze stawiamy na najwy\u017csz\u0105 jako\u015b\u0107 naszych produkt\u00f3w. Posiadamy rozbudowany i r\u00f3\u017cnorodny asortyment.","og_url":"https:\/\/artsilpol.pl\/n\/en\/bases-of-casting-architectural-concrete\/","og_site_name":"Art Silpol","article_publisher":"https:\/\/www.facebook.com\/Formy-Silikonowe-Poliuretanowe-555775041119482\/?ref=br_rs","article_modified_time":"2019-07-01T12:20:54+00:00","twitter_card":"summary_large_image","twitter_misc":{"Est. reading time":"1 minute"},"schema":{"@context":"https:\/\/schema.org","@graph":[{"@type":"WebPage","@id":"https:\/\/artsilpol.pl\/n\/en\/bases-of-casting-architectural-concrete\/","url":"https:\/\/artsilpol.pl\/n\/en\/bases-of-casting-architectural-concrete\/","name":"Art Silpol - Bases of casting architectural concrete -","isPartOf":{"@id":"https:\/\/artsilpol.pl\/n\/en\/#website"},"datePublished":"2019-06-07T09:05:14+00:00","dateModified":"2019-07-01T12:20:54+00:00","description":"Nasza firma wykonuje jedne z najlepszych jako\u015bciowo oraz najta\u0144szych form silikonowych i poliuretanowych na rynku polskim! Zawsze stawiamy na najwy\u017csz\u0105 jako\u015b\u0107 naszych produkt\u00f3w. Posiadamy rozbudowany i r\u00f3\u017cnorodny asortyment.","breadcrumb":{"@id":"https:\/\/artsilpol.pl\/n\/en\/bases-of-casting-architectural-concrete\/#breadcrumb"},"inLanguage":"en-US","potentialAction":[{"@type":"ReadAction","target":["https:\/\/artsilpol.pl\/n\/en\/bases-of-casting-architectural-concrete\/"]}]},{"@type":"BreadcrumbList","@id":"https:\/\/artsilpol.pl\/n\/en\/bases-of-casting-architectural-concrete\/#breadcrumb","itemListElement":[{"@type":"ListItem","position":1,"name":"Strona g\u0142\u00f3wna","item":"https:\/\/artsilpol.pl\/n\/en\/"},{"@type":"ListItem","position":2,"name":"Bases of casting architectural concrete"}]},{"@type":"WebSite","@id":"https:\/\/artsilpol.pl\/n\/en\/#website","url":"https:\/\/artsilpol.pl\/n\/en\/","name":"Art Silpol","description":"formy silikonowe i poliuretanowe","publisher":{"@id":"https:\/\/artsilpol.pl\/n\/en\/#organization"},"potentialAction":[{"@type":"SearchAction","target":{"@type":"EntryPoint","urlTemplate":"https:\/\/artsilpol.pl\/n\/en\/?s={search_term_string}"},"query-input":{"@type":"PropertyValueSpecification","valueRequired":true,"valueName":"search_term_string"}}],"inLanguage":"en-US"},{"@type":"Organization","@id":"https:\/\/artsilpol.pl\/n\/en\/#organization","name":"art silpol - formy silikonowe i poliuretanowe","url":"https:\/\/artsilpol.pl\/n\/en\/","logo":{"@type":"ImageObject","inLanguage":"en-US","@id":"https:\/\/artsilpol.pl\/n\/en\/#\/schema\/logo\/image\/","url":"https:\/\/artsilpol.pl\/n\/wp-content\/uploads\/2019\/05\/logo_mobile.png","contentUrl":"https:\/\/artsilpol.pl\/n\/wp-content\/uploads\/2019\/05\/logo_mobile.png","width":115,"height":70,"caption":"art silpol - formy silikonowe i poliuretanowe"},"image":{"@id":"https:\/\/artsilpol.pl\/n\/en\/#\/schema\/logo\/image\/"},"sameAs":["https:\/\/www.facebook.com\/Formy-Silikonowe-Poliuretanowe-555775041119482\/?ref=br_rs","https:\/\/www.youtube.com\/user\/bodziomodel"]}]}},"jetpack_sharing_enabled":true,"_links":{"self":[{"href":"https:\/\/artsilpol.pl\/n\/en\/wp-json\/wp\/v2\/pages\/6290","targetHints":{"allow":["GET"]}}],"collection":[{"href":"https:\/\/artsilpol.pl\/n\/en\/wp-json\/wp\/v2\/pages"}],"about":[{"href":"https:\/\/artsilpol.pl\/n\/en\/wp-json\/wp\/v2\/types\/page"}],"author":[{"embeddable":true,"href":"https:\/\/artsilpol.pl\/n\/en\/wp-json\/wp\/v2\/users\/1"}],"replies":[{"embeddable":true,"href":"https:\/\/artsilpol.pl\/n\/en\/wp-json\/wp\/v2\/comments?post=6290"}],"version-history":[{"count":1,"href":"https:\/\/artsilpol.pl\/n\/en\/wp-json\/wp\/v2\/pages\/6290\/revisions"}],"predecessor-version":[{"id":6291,"href":"https:\/\/artsilpol.pl\/n\/en\/wp-json\/wp\/v2\/pages\/6290\/revisions\/6291"}],"wp:attachment":[{"href":"https:\/\/artsilpol.pl\/n\/en\/wp-json\/wp\/v2\/media?parent=6290"}],"curies":[{"name":"wp","href":"https:\/\/api.w.org\/{rel}","templated":true}]}}